{"id":19140,"date":"2023-09-07T15:51:39","date_gmt":"2023-09-07T12:51:39","guid":{"rendered":"https:\/\/dev2.pallasdesign.ee\/kasityot-palvelut\/"},"modified":"2025-11-28T14:10:12","modified_gmt":"2025-11-28T12:10:12","slug":"kasityot-palvelut","status":"publish","type":"page","link":"https:\/\/dev2.pallasdesign.ee\/fi\/kasityot-palvelut\/","title":{"rendered":"K\u00e4sity\u00f6t \u2013 Palvelut"},"content":{"rendered":"<div class=\"gb-grid-wrapper gb-grid-wrapper-09f639ad\">\n<div class=\"gb-grid-column gb-grid-column-fd8bf90a\"><div class=\"gb-container gb-container-fd8bf90a\">\n<h2 class=\"gb-headline gb-headline-1f6b799f gb-headline-text\" id=\"brodeeraus\">BRODEERAUS<\/h2>\n\n\n<p>Kaunis brodeeraus antaa vaatteillesi, tuotteellesi tai esineellesi ainutlaatuisuutta, persoonallisuutta ja ylellisyytt\u00e4. Brodeerauksella voi koristella sek\u00e4 vanhempia ett\u00e4 uudempia vaatteita. Uusiin vaatteisiin kirjonta antaa k\u00e4ytt\u00e4j\u00e4lle mahdollisuuden erottua tavallisesta ja ilmaista omaa tyyli\u00e4\u00e4n. Jo k\u00e4ytetyiss\u00e4 vaatteissa on mahdollista piilottaa kirjonnalla syntyneet rei\u00e4t, tahrat ja kulumaj\u00e4ljet ja antaa uutta eloa.   <\/p>\n\n\n\n<p><strong>Pallas Design kirjoo valitsemaasi esineeseen tai vaatteeseen mieluisia brodeerauksia \u2013 juuri sellaisen kuin kuvittelet!  <\/strong>Brodeerauksia on mahdollista suunnitella puseroihin, kauluspaitoihin, neuleisiin, huppareihin, mekkoihin, hameisiin, takkeihin, mantteleihin, ty\u00f6- ja vapaa-ajan vaatteisiin, juhlavaatteisiin. Lis\u00e4ksi on tullut suosituksi my\u00f6s kirjonta kodintekstiileihin, froteepyyhkeisiin ja vuodevaatesetteihin. Brodeerauksen etuna on kulutuskest\u00e4vyys, pesunkest\u00e4vyys ja sen voi huoletta vied\u00e4 my\u00f6s kemialliseen pesuun.  <\/p>\n\n\n\n<p>Kirjoita meille toiveestasi! Pallas Designilla on laaja valikoima kirjontatiedostoja, laadukkaita kirjontalankoja ja tehokkaita koneita toteuttaakseen ideasi. <\/p>\n\n\n\n<ul class=\"wp-block-list\">\n<li>Brodeeraus vaatteisiin<\/li>\n\n\n\n<li>Kirjonta kodintekstiileihin<\/li>\n\n\n\n<li>Muhun kirjonta<\/li>\n\n\n\n<li>Kirjonta vauva- ja lastentuotteisiin<\/li>\n\n\n\n<li>Brodeeraukset peittoihin<\/li>\n\n\n\n<li>Kirjonta pyyhkeisiin<\/li>\n<\/ul>\n\n\n\n<a class=\"gb-button gb-button-7aac2030 gb-button-text\" href=\"https:\/\/dev2.pallasdesign.ee\/fi\/konekirjonta\/\">Tutustu mahdollisuuksiin<\/a>\n\n<\/div><\/div>\n\n<div class=\"gb-grid-column gb-grid-column-83e7af5a\"><div class=\"gb-container gb-container-83e7af5a\">\n\n<figure class=\"gb-block-image gb-block-image-6deeb538\"><img loading=\"lazy\" decoding=\"async\" width=\"900\" height=\"600\" class=\"gb-image gb-image-6deeb538\" src=\"https:\/\/dev2.pallasdesign.ee\/wp-content\/uploads\/2024\/08\/DSC_9482.jpg\" alt=\"\" title=\"DSC_9482\" srcset=\"https:\/\/dev2.pallasdesign.ee\/wp-content\/uploads\/2024\/08\/DSC_9482.jpg 900w, https:\/\/dev2.pallasdesign.ee\/wp-content\/uploads\/2024\/08\/DSC_9482-320x213.jpg 320w, https:\/\/dev2.pallasdesign.ee\/wp-content\/uploads\/2024\/08\/DSC_9482-768x512.jpg 768w\" sizes=\"auto, (max-width: 900px) 100vw, 900px\"><\/figure>\n\n\n\n<figure class=\"gb-block-image gb-block-image-05d1decb\"><img loading=\"lazy\" decoding=\"async\" width=\"900\" height=\"600\" class=\"gb-image gb-image-05d1decb\" src=\"https:\/\/dev2.pallasdesign.ee\/wp-content\/uploads\/2024\/08\/P1140461.jpg\" alt=\"\" title=\"P1140461\" srcset=\"https:\/\/dev2.pallasdesign.ee\/wp-content\/uploads\/2024\/08\/P1140461.jpg 900w, https:\/\/dev2.pallasdesign.ee\/wp-content\/uploads\/2024\/08\/P1140461-320x213.jpg 320w, https:\/\/dev2.pallasdesign.ee\/wp-content\/uploads\/2024\/08\/P1140461-768x512.jpg 768w\" sizes=\"auto, (max-width: 900px) 100vw, 900px\"><\/figure>\n\n<\/div><\/div>\n\n<div class=\"gb-grid-column gb-grid-column-241d3bb9\"><div class=\"gb-container gb-container-241d3bb9\">\n\n<figure class=\"gb-block-image gb-block-image-cce8c65d\"><img loading=\"lazy\" decoding=\"async\" width=\"1200\" height=\"800\" class=\"gb-image gb-image-cce8c65d\" src=\"https:\/\/dev2.pallasdesign.ee\/wp-content\/uploads\/2023\/09\/viljapeadega-rahvuslik-pulmakaart.webp\" alt=\"\" title=\"viljant\u00e4hkill\u00e4-kansallinen-h\u00e4\u00e4kortti\" srcset=\"https:\/\/dev2.pallasdesign.ee\/wp-content\/uploads\/2023\/09\/viljapeadega-rahvuslik-pulmakaart.webp 1200w, https:\/\/dev2.pallasdesign.ee\/wp-content\/uploads\/2023\/09\/viljapeadega-rahvuslik-pulmakaart-320x213.webp 320w, https:\/\/dev2.pallasdesign.ee\/wp-content\/uploads\/2023\/09\/viljapeadega-rahvuslik-pulmakaart-1024x683.webp 1024w, https:\/\/dev2.pallasdesign.ee\/wp-content\/uploads\/2023\/09\/viljapeadega-rahvuslik-pulmakaart-300x200.webp 300w, https:\/\/dev2.pallasdesign.ee\/wp-content\/uploads\/2023\/09\/viljapeadega-rahvuslik-pulmakaart-768x512.webp 768w\" sizes=\"auto, (max-width: 1200px) 100vw, 1200px\"><\/figure>\n\n\n\n<figure class=\"gb-block-image gb-block-image-ac7c62f4\"><img loading=\"lazy\" decoding=\"async\" width=\"1200\" height=\"800\" class=\"gb-image gb-image-ac7c62f4\" src=\"https:\/\/dev2.pallasdesign.ee\/wp-content\/uploads\/2023\/09\/sinine-punane-kuldne-kollane.webp\" alt=\"\" title=\"sininen-punainen-kultainen-keltainen\" srcset=\"https:\/\/dev2.pallasdesign.ee\/wp-content\/uploads\/2023\/09\/sinine-punane-kuldne-kollane.webp 1200w, https:\/\/dev2.pallasdesign.ee\/wp-content\/uploads\/2023\/09\/sinine-punane-kuldne-kollane-320x213.webp 320w, https:\/\/dev2.pallasdesign.ee\/wp-content\/uploads\/2023\/09\/sinine-punane-kuldne-kollane-1024x683.webp 1024w, https:\/\/dev2.pallasdesign.ee\/wp-content\/uploads\/2023\/09\/sinine-punane-kuldne-kollane-300x200.webp 300w, https:\/\/dev2.pallasdesign.ee\/wp-content\/uploads\/2023\/09\/sinine-punane-kuldne-kollane-768x512.webp 768w\" sizes=\"auto, (max-width: 1200px) 100vw, 1200px\"><\/figure>\n\n<\/div><\/div>\n\n<div class=\"gb-grid-column gb-grid-column-a1274923\"><div class=\"gb-container gb-container-a1274923\">\n<h2 class=\"gb-headline gb-headline-efc7fa6e gb-headline-text\" id=\"kasintehtyjen-korttien-valmistus\">K\u00c4SINTEHTYJEN KORTTIEN VALMISTUS<\/h2>\n\n\n<p>K\u00e4sintehty kortti on ihana lahja kaikkiin el\u00e4m\u00e4ntilanteisiin. Olipa kyseess\u00e4 syntym\u00e4p\u00e4iv\u00e4, h\u00e4\u00e4t, joulu, lapsen syntym\u00e4 tai mik\u00e4 tahansa t\u00e4rke\u00e4 p\u00e4iv\u00e4 \u2013 persoonallinen k\u00e4sintehty kortti tekee jokaisesta tapahtumasta entist\u00e4kin erityisemm\u00e4n. <\/p>\n\n\n\n<p>Pallas Design valmistaa toiveidesi, n\u00e4kemyksesi ja tyylisi mukaisen mieluisan kortin. Kortin luomisessa k\u00e4yt\u00e4mme vain laadukkaimpia materiaaleja, koruja, papereita ja asusteita. Jokainen yksityiskohta on luotu k\u00e4sin ja \u00e4\u00e4rimm\u00e4isell\u00e4 tarkkuudella ylitt\u00e4\u00e4ksemme odotukset ja erottuaksemme tavallisesta.  <\/p>\n\n\n\n<p>Jos etsit omaper\u00e4ist\u00e4, eleganttia ja persoonallista lahjaa, niin ota meihin yhteytt\u00e4. Luomme k\u00e4sintehdyn kortin kuvituksesi mukaisesti nopeasti, hyv\u00e4ll\u00e4 hinnalla ja laadulla. <\/p>\n\n\n\n<ul class=\"wp-block-list\">\n<li>Syntym\u00e4p\u00e4iv\u00e4kortit<\/li>\n\n\n\n<li>H\u00e4\u00e4kortit<\/li>\n\n\n\n<li>Vauvakutsukortit<\/li>\n\n\n\n<li>Joulukortit<\/li>\n\n\n\n<li>Onnittelukortit<\/li>\n\n\n\n<li>Kiitoskortit<\/li>\n\n\n\n<li>Rahakuoret ja rahataskut<\/li>\n\n\n\n<li>Kansalliset kortit<\/li>\n\n\n\n<li>Kirjotut kortit<\/li>\n\n\n\n<li>Yst\u00e4v\u00e4np\u00e4iv\u00e4kortit<\/li>\n<\/ul>\n\n\n\n<a class=\"gb-button gb-button-8f8e1770 gb-button-text\" href=\"https:\/\/dev2.pallasdesign.ee\/fi\/brodeeraus-tallinnassa\/\">Pyyd\u00e4 tarjous<\/a>\n\n<\/div><\/div>\n\n<div class=\"gb-grid-column gb-grid-column-d9a23892\"><div class=\"gb-container gb-container-d9a23892\">\n<h2 class=\"gb-headline gb-headline-f627e514 gb-headline-text\" id=\"asusteiden-valmistus-kasityona\">ASUSTEIDEN VALMISTUS K\u00c4SITY\u00d6N\u00c4<\/h2>\n\n\n<p>Sielulla ja rakkaudella luodut k\u00e4sintehdyt asusteet kantavat mukanaan erityist\u00e4 energiaa, persoonallisuutta ja ainutlaatuisuutta.<\/p>\n\n\n\n<p><strong>Pallas Design luo k\u00e4sintehtyj\u00e4 asusteita kaikille ja joka tilanteeseen \u2013 naisille, miehille ja lapsille.<\/strong> Jokainen k\u00e4sity\u00f6koru on ainutlaatuinen ja luotu persoonallisesti sen k\u00e4ytt\u00e4j\u00e4lle.<\/p>\n\n\n\n<p>Syd\u00e4mell\u00e4 valmistettu k\u00e4sity\u00f6 on valmistettu yksityiskohtaisella tarkkuudella varmistaaksemme korkean laadun ja kest\u00e4vyyden. Meid\u00e4n syd\u00e4menasiamme on valmistaa juuri toiveidesi mukaisia k\u00e4sity\u00f6koruja ja tuotteita, jotka on mietitty yksityiskohtia my\u00f6ten ja suunniteltu vuosien k\u00e4ytt\u00f6\u00f6n. <\/p>\n\n\n\n<p><strong>Pallas Designin valikoimassa on hiusasusteet, rannekorut ja korut, k\u00e4sintehdyill\u00e4 kukilla koristellut seppeleet, koti- ja p\u00f6yt\u00e4koristeet, h\u00e4\u00e4koristeet, joulukoristeet ja paljon muuta.  <\/strong>Kaunis ja merkityksellinen k\u00e4sintehty asuste sopii t\u00e4ydellisesti my\u00f6s lahjaksi sek\u00e4 itselle ett\u00e4 rakkaalle yst\u00e4v\u00e4lle. Intohimolla tehdyst\u00e4 k\u00e4sity\u00f6st\u00e4 paistaa l\u00e4pi sen luojan todellinen sielu ja tunteet. <\/p>\n\n\n\n<p>Jos sinulla on toive, niin ota meihin yhteytt\u00e4 ja valmistamme sinulle mieluisia asusteita nopeasti ja laadukkaasti!<\/p>\n\n\n\n<a class=\"gb-button gb-button-594bfb44 gb-button-text\" href=\"https:\/\/dev2.pallasdesign.ee\/fi\/brodeeraus-tallinnassa\/\"><strong>Pyyd\u00e4 tarjous<\/strong><\/a>\n\n<\/div><\/div>\n\n<div class=\"gb-grid-column gb-grid-column-25ed1a7a\"><div class=\"gb-container gb-container-25ed1a7a\">\n\n<figure class=\"gb-block-image gb-block-image-83aee79e\"><img loading=\"lazy\" decoding=\"async\" width=\"1200\" height=\"800\" class=\"gb-image gb-image-83aee79e\" src=\"https:\/\/dev2.pallasdesign.ee\/wp-content\/uploads\/2023\/09\/aksessuaarid-kasitoona.webp\" alt=\"\" title=\"asusteet-kasityona\" srcset=\"https:\/\/dev2.pallasdesign.ee\/wp-content\/uploads\/2023\/09\/aksessuaarid-kasitoona.webp 1200w, https:\/\/dev2.pallasdesign.ee\/wp-content\/uploads\/2023\/09\/aksessuaarid-kasitoona-320x213.webp 320w, https:\/\/dev2.pallasdesign.ee\/wp-content\/uploads\/2023\/09\/aksessuaarid-kasitoona-1024x683.webp 1024w, https:\/\/dev2.pallasdesign.ee\/wp-content\/uploads\/2023\/09\/aksessuaarid-kasitoona-300x200.webp 300w, https:\/\/dev2.pallasdesign.ee\/wp-content\/uploads\/2023\/09\/aksessuaarid-kasitoona-768x512.webp 768w\" sizes=\"auto, (max-width: 1200px) 100vw, 1200px\"><\/figure>\n\n\n\n<ul class=\"wp-block-list\">\n<li>K\u00e4sintehdyt joulukoristeet<\/li>\n\n\n\n<li>Hiuskorut<\/li>\n\n\n\n<li>Hiusklipsit<\/li>\n\n\n\n<li>K\u00e4sintehdyill\u00e4 kukilla koristellut seppeleet<\/li>\n\n\n\n<li>Pannat<\/li>\n\n\n\n<li>Nimikyltit rintaan<\/li>\n\n\n\n<li>Rannekorut<\/li>\n\n\n\n<li>Koti- ja p\u00f6yt\u00e4koristeet<\/li>\n\n\n\n<li>H\u00e4\u00e4koristeet<\/li>\n<\/ul>\n\n<\/div><\/div>\n<\/div>\n\n\n<p><\/p>\n","protected":false},"excerpt":{"rendered":"","protected":false},"author":2,"featured_media":0,"parent":0,"menu_order":0,"comment_status":"closed","ping_status":"closed","template":"","meta":{"footnotes":""},"class_list":{"0":"post-19140","1":"page","2":"type-page","3":"status-publish","5":"no-featured-image-padding"},"_links":{"self":[{"href":"https:\/\/dev2.pallasdesign.ee\/fi\/wp-json\/wp\/v2\/pages\/19140","targetHints":{"allow":["GET"]}}],"collection":[{"href":"https:\/\/dev2.pallasdesign.ee\/fi\/wp-json\/wp\/v2\/pages"}],"about":[{"href":"https:\/\/dev2.pallasdesign.ee\/fi\/wp-json\/wp\/v2\/types\/page"}],"author":[{"embeddable":true,"href":"https:\/\/dev2.pallasdesign.ee\/fi\/wp-json\/wp\/v2\/users\/2"}],"replies":[{"embeddable":true,"href":"https:\/\/dev2.pallasdesign.ee\/fi\/wp-json\/wp\/v2\/comments?post=19140"}],"version-history":[{"count":9,"href":"https:\/\/dev2.pallasdesign.ee\/fi\/wp-json\/wp\/v2\/pages\/19140\/revisions"}],"predecessor-version":[{"id":21579,"href":"https:\/\/dev2.pallasdesign.ee\/fi\/wp-json\/wp\/v2\/pages\/19140\/revisions\/21579"}],"wp:attachment":[{"href":"https:\/\/dev2.pallasdesign.ee\/fi\/wp-json\/wp\/v2\/media?parent=19140"}],"curies":[{"name":"wp","href":"https:\/\/api.w.org\/{rel}","templated":true}]}}