{"id":19145,"date":"2024-08-25T23:06:32","date_gmt":"2024-08-25T20:06:32","guid":{"rendered":"https:\/\/dev2.pallasdesign.ee\/asiakkaiden-palaute\/"},"modified":"2025-11-28T14:07:28","modified_gmt":"2025-11-28T12:07:28","slug":"asiakkaiden-palaute","status":"publish","type":"page","link":"https:\/\/dev2.pallasdesign.ee\/fi\/asiakkaiden-palaute\/","title":{"rendered":"Asiakkaiden palaute"},"content":{"rendered":"<div class=\"gb-container gb-container-54a4c4c5\">\n<h2 class=\"gb-headline gb-headline-0d7e5f57 gb-headline-text\" id=\"palaute-pallas-designin-tyytyvaisilta-asiakkailta\">Palaute Pallas Designin tyytyv\u00e4isilt\u00e4 asiakkailta<\/h2>\n\n\n<div style=\"height:25px\" aria-hidden=\"true\" class=\"wp-block-spacer\"><\/div>\n\n\n<div class=\"gb-grid-wrapper gb-grid-wrapper-76d5d5ee\">\n<div class=\"gb-grid-column gb-grid-column-aea451ef\"><div class=\"gb-container gb-container-aea451ef\">\n\n<figure class=\"wp-block-image size-full\"><img loading=\"lazy\" decoding=\"async\" width=\"600\" height=\"600\" src=\"https:\/\/dev2.pallasdesign.ee\/wp-content\/uploads\/2024\/08\/Annika.jpg\" alt=\"\" class=\"wp-image-8348\" title=\"\" srcset=\"https:\/\/dev2.pallasdesign.ee\/wp-content\/uploads\/2024\/08\/Annika.jpg 600w, https:\/\/dev2.pallasdesign.ee\/wp-content\/uploads\/2024\/08\/Annika-320x320.jpg 320w, https:\/\/dev2.pallasdesign.ee\/wp-content\/uploads\/2024\/08\/Annika-150x150.jpg 150w, https:\/\/dev2.pallasdesign.ee\/wp-content\/uploads\/2024\/08\/Annika-100x100.jpg 100w\" sizes=\"auto, (max-width: 600px) 100vw, 600px\" \/><\/figure>\n\n<\/div><\/div>\n\n<div class=\"gb-grid-column gb-grid-column-c6865274\"><div class=\"gb-container gb-container-c6865274\">\n\n<figure class=\"gb-block-image gb-block-image-6bc7f5f2\"><img loading=\"lazy\" decoding=\"async\" width=\"600\" height=\"600\" class=\"gb-image gb-image-6bc7f5f2\" src=\"https:\/\/dev2.pallasdesign.ee\/wp-content\/uploads\/2024\/08\/Elis.jpg\" alt=\"\" title=\"Elis\" srcset=\"https:\/\/dev2.pallasdesign.ee\/wp-content\/uploads\/2024\/08\/Elis.jpg 600w, https:\/\/dev2.pallasdesign.ee\/wp-content\/uploads\/2024\/08\/Elis-320x320.jpg 320w, https:\/\/dev2.pallasdesign.ee\/wp-content\/uploads\/2024\/08\/Elis-150x150.jpg 150w, https:\/\/dev2.pallasdesign.ee\/wp-content\/uploads\/2024\/08\/Elis-100x100.jpg 100w\" sizes=\"auto, (max-width: 600px) 100vw, 600px\"><\/figure>\n\n<\/div><\/div>\n\n<div class=\"gb-grid-column gb-grid-column-2139328a\"><div class=\"gb-container gb-container-2139328a\">\n\n<figure class=\"gb-block-image gb-block-image-4267d2ef\"><img loading=\"lazy\" decoding=\"async\" width=\"600\" height=\"600\" class=\"gb-image gb-image-4267d2ef\" src=\"https:\/\/dev2.pallasdesign.ee\/wp-content\/uploads\/2024\/08\/Evi.jpg\" alt=\"\" title=\"Evi\" srcset=\"https:\/\/dev2.pallasdesign.ee\/wp-content\/uploads\/2024\/08\/Evi.jpg 600w, https:\/\/dev2.pallasdesign.ee\/wp-content\/uploads\/2024\/08\/Evi-320x320.jpg 320w, https:\/\/dev2.pallasdesign.ee\/wp-content\/uploads\/2024\/08\/Evi-150x150.jpg 150w, https:\/\/dev2.pallasdesign.ee\/wp-content\/uploads\/2024\/08\/Evi-100x100.jpg 100w\" sizes=\"auto, (max-width: 600px) 100vw, 600px\"><\/figure>\n\n<\/div><\/div>\n<\/div>\n\n<div class=\"gb-grid-wrapper gb-grid-wrapper-73f1e06e\">\n<div class=\"gb-grid-column gb-grid-column-ee0a868e\"><div class=\"gb-container gb-container-ee0a868e\">\n\n<figure class=\"wp-block-image size-full\"><img loading=\"lazy\" decoding=\"async\" width=\"600\" height=\"600\" src=\"https:\/\/dev2.pallasdesign.ee\/wp-content\/uploads\/2024\/08\/Kai.jpg\" alt=\"\" class=\"wp-image-8364\" title=\"\" srcset=\"https:\/\/dev2.pallasdesign.ee\/wp-content\/uploads\/2024\/08\/Kai.jpg 600w, https:\/\/dev2.pallasdesign.ee\/wp-content\/uploads\/2024\/08\/Kai-320x320.jpg 320w, https:\/\/dev2.pallasdesign.ee\/wp-content\/uploads\/2024\/08\/Kai-150x150.jpg 150w, https:\/\/dev2.pallasdesign.ee\/wp-content\/uploads\/2024\/08\/Kai-100x100.jpg 100w\" sizes=\"auto, (max-width: 600px) 100vw, 600px\" \/><\/figure>\n\n<\/div><\/div>\n\n<div class=\"gb-grid-column gb-grid-column-3e2b133a\"><div class=\"gb-container gb-container-3e2b133a\">\n\n<figure class=\"gb-block-image gb-block-image-71a895a4\"><img loading=\"lazy\" decoding=\"async\" width=\"600\" height=\"600\" class=\"gb-image gb-image-71a895a4\" src=\"https:\/\/dev2.pallasdesign.ee\/wp-content\/uploads\/2024\/08\/Kairit.jpg\" alt=\"\" title=\"Kairit\" srcset=\"https:\/\/dev2.pallasdesign.ee\/wp-content\/uploads\/2024\/08\/Kairit.jpg 600w, https:\/\/dev2.pallasdesign.ee\/wp-content\/uploads\/2024\/08\/Kairit-320x320.jpg 320w, https:\/\/dev2.pallasdesign.ee\/wp-content\/uploads\/2024\/08\/Kairit-150x150.jpg 150w, https:\/\/dev2.pallasdesign.ee\/wp-content\/uploads\/2024\/08\/Kairit-100x100.jpg 100w\" sizes=\"auto, (max-width: 600px) 100vw, 600px\"><\/figure>\n\n<\/div><\/div>\n\n<div class=\"gb-grid-column gb-grid-column-f0fb3475\"><div class=\"gb-container gb-container-f0fb3475\">\n\n<figure class=\"gb-block-image gb-block-image-bc3b4b4b\"><img loading=\"lazy\" decoding=\"async\" width=\"600\" height=\"600\" class=\"gb-image gb-image-bc3b4b4b\" src=\"https:\/\/dev2.pallasdesign.ee\/wp-content\/uploads\/2024\/08\/Kulli.jpg\" alt=\"\" title=\"K\u00fclli\" srcset=\"https:\/\/dev2.pallasdesign.ee\/wp-content\/uploads\/2024\/08\/Kulli.jpg 600w, https:\/\/dev2.pallasdesign.ee\/wp-content\/uploads\/2024\/08\/Kulli-320x320.jpg 320w, https:\/\/dev2.pallasdesign.ee\/wp-content\/uploads\/2024\/08\/Kulli-150x150.jpg 150w, https:\/\/dev2.pallasdesign.ee\/wp-content\/uploads\/2024\/08\/Kulli-100x100.jpg 100w\" sizes=\"auto, (max-width: 600px) 100vw, 600px\"><\/figure>\n\n<\/div><\/div>\n<\/div>\n\n<div class=\"gb-grid-wrapper gb-grid-wrapper-f55b29c6\">\n<div class=\"gb-grid-column gb-grid-column-352b8693\"><div class=\"gb-container gb-container-352b8693\">\n\n<figure class=\"wp-block-image size-full\"><img loading=\"lazy\" decoding=\"async\" width=\"600\" height=\"600\" src=\"https:\/\/dev2.pallasdesign.ee\/wp-content\/uploads\/2024\/08\/Maire.jpg\" alt=\"\" class=\"wp-image-8386\" title=\"\" srcset=\"https:\/\/dev2.pallasdesign.ee\/wp-content\/uploads\/2024\/08\/Maire.jpg 600w, https:\/\/dev2.pallasdesign.ee\/wp-content\/uploads\/2024\/08\/Maire-320x320.jpg 320w, https:\/\/dev2.pallasdesign.ee\/wp-content\/uploads\/2024\/08\/Maire-150x150.jpg 150w, https:\/\/dev2.pallasdesign.ee\/wp-content\/uploads\/2024\/08\/Maire-100x100.jpg 100w\" sizes=\"auto, (max-width: 600px) 100vw, 600px\" \/><\/figure>\n\n<\/div><\/div>\n\n<div class=\"gb-grid-column gb-grid-column-ad9df436\"><div class=\"gb-container gb-container-ad9df436\">\n\n<figure class=\"gb-block-image gb-block-image-4302fb06\"><img loading=\"lazy\" decoding=\"async\" width=\"600\" height=\"600\" class=\"gb-image gb-image-4302fb06\" src=\"https:\/\/dev2.pallasdesign.ee\/wp-content\/uploads\/2024\/08\/Merike.jpg\" alt=\"\" title=\"Merike\" srcset=\"https:\/\/dev2.pallasdesign.ee\/wp-content\/uploads\/2024\/08\/Merike.jpg 600w, https:\/\/dev2.pallasdesign.ee\/wp-content\/uploads\/2024\/08\/Merike-320x320.jpg 320w, https:\/\/dev2.pallasdesign.ee\/wp-content\/uploads\/2024\/08\/Merike-150x150.jpg 150w, https:\/\/dev2.pallasdesign.ee\/wp-content\/uploads\/2024\/08\/Merike-100x100.jpg 100w\" sizes=\"auto, (max-width: 600px) 100vw, 600px\"><\/figure>\n\n<\/div><\/div>\n\n<div class=\"gb-grid-column gb-grid-column-eabff74b\"><div class=\"gb-container gb-container-eabff74b\">\n\n<figure class=\"gb-block-image gb-block-image-ebd3c73c\"><img loading=\"lazy\" decoding=\"async\" width=\"600\" height=\"600\" class=\"gb-image gb-image-ebd3c73c\" src=\"https:\/\/dev2.pallasdesign.ee\/wp-content\/uploads\/2024\/08\/Pirje.jpg\" alt=\"\" title=\"Pirje\" srcset=\"https:\/\/dev2.pallasdesign.ee\/wp-content\/uploads\/2024\/08\/Pirje.jpg 600w, https:\/\/dev2.pallasdesign.ee\/wp-content\/uploads\/2024\/08\/Pirje-320x320.jpg 320w, https:\/\/dev2.pallasdesign.ee\/wp-content\/uploads\/2024\/08\/Pirje-150x150.jpg 150w, https:\/\/dev2.pallasdesign.ee\/wp-content\/uploads\/2024\/08\/Pirje-100x100.jpg 100w\" sizes=\"auto, (max-width: 600px) 100vw, 600px\"><\/figure>\n\n<\/div><\/div>\n<\/div>\n\n<div class=\"gb-grid-wrapper gb-grid-wrapper-bb3934c0\">\n<div class=\"gb-grid-column gb-grid-column-bc97d44a\"><div class=\"gb-container gb-container-bc97d44a\">\n\n<figure class=\"wp-block-image size-full\"><img loading=\"lazy\" decoding=\"async\" width=\"600\" height=\"600\" src=\"https:\/\/dev2.pallasdesign.ee\/wp-content\/uploads\/2024\/08\/Rein-1.jpg\" alt=\"\" class=\"wp-image-8392\" title=\"\" srcset=\"https:\/\/dev2.pallasdesign.ee\/wp-content\/uploads\/2024\/08\/Rein-1.jpg 600w, https:\/\/dev2.pallasdesign.ee\/wp-content\/uploads\/2024\/08\/Rein-1-320x320.jpg 320w, https:\/\/dev2.pallasdesign.ee\/wp-content\/uploads\/2024\/08\/Rein-1-150x150.jpg 150w, https:\/\/dev2.pallasdesign.ee\/wp-content\/uploads\/2024\/08\/Rein-1-100x100.jpg 100w\" sizes=\"auto, (max-width: 600px) 100vw, 600px\" \/><\/figure>\n\n<\/div><\/div>\n\n<div class=\"gb-grid-column gb-grid-column-11db330b\"><div class=\"gb-container gb-container-11db330b\">\n\n<figure class=\"gb-block-image gb-block-image-be3653a1\"><img loading=\"lazy\" decoding=\"async\" width=\"600\" height=\"600\" class=\"gb-image gb-image-be3653a1\" src=\"https:\/\/dev2.pallasdesign.ee\/wp-content\/uploads\/2024\/08\/Siiri-1.jpg\" alt=\"\" title=\"Siiri\" srcset=\"https:\/\/dev2.pallasdesign.ee\/wp-content\/uploads\/2024\/08\/Siiri-1.jpg 600w, https:\/\/dev2.pallasdesign.ee\/wp-content\/uploads\/2024\/08\/Siiri-1-320x320.jpg 320w, https:\/\/dev2.pallasdesign.ee\/wp-content\/uploads\/2024\/08\/Siiri-1-150x150.jpg 150w, https:\/\/dev2.pallasdesign.ee\/wp-content\/uploads\/2024\/08\/Siiri-1-100x100.jpg 100w\" sizes=\"auto, (max-width: 600px) 100vw, 600px\"><\/figure>\n\n<\/div><\/div>\n\n<div class=\"gb-grid-column gb-grid-column-7753e413\"><div class=\"gb-container gb-container-7753e413\">\n\n<figure class=\"gb-block-image gb-block-image-eb802a8a\"><img loading=\"lazy\" decoding=\"async\" width=\"600\" height=\"600\" class=\"gb-image gb-image-eb802a8a\" src=\"https:\/\/dev2.pallasdesign.ee\/wp-content\/uploads\/2024\/08\/Viktoria-1.jpg\" alt=\"\" title=\"Viktoria\" srcset=\"https:\/\/dev2.pallasdesign.ee\/wp-content\/uploads\/2024\/08\/Viktoria-1.jpg 600w, https:\/\/dev2.pallasdesign.ee\/wp-content\/uploads\/2024\/08\/Viktoria-1-320x320.jpg 320w, https:\/\/dev2.pallasdesign.ee\/wp-content\/uploads\/2024\/08\/Viktoria-1-150x150.jpg 150w, https:\/\/dev2.pallasdesign.ee\/wp-content\/uploads\/2024\/08\/Viktoria-1-100x100.jpg 100w\" sizes=\"auto, (max-width: 600px) 100vw, 600px\"><\/figure>\n\n<\/div><\/div>\n<\/div>\n<\/div><div class=\"gb-container gb-container-2f598843 alignfull\">\n<div class=\"gb-container gb-container-64eb9298\">\n\n<figure class=\"gb-block-image gb-block-image-a4d351aa\"><img loading=\"lazy\" decoding=\"async\" width=\"794\" height=\"794\" class=\"gb-image gb-image-a4d351aa\" src=\"https:\/\/dev2.pallasdesign.ee\/wp-content\/uploads\/2023\/09\/Kersti-Pallas.webp\" alt=\"\" title=\"Kersti-Pallas\" srcset=\"https:\/\/dev2.pallasdesign.ee\/wp-content\/uploads\/2023\/09\/Kersti-Pallas.webp 794w, https:\/\/dev2.pallasdesign.ee\/wp-content\/uploads\/2023\/09\/Kersti-Pallas-320x320.webp 320w, https:\/\/dev2.pallasdesign.ee\/wp-content\/uploads\/2023\/09\/Kersti-Pallas-100x100.webp 100w, https:\/\/dev2.pallasdesign.ee\/wp-content\/uploads\/2023\/09\/Kersti-Pallas-300x300.webp 300w, https:\/\/dev2.pallasdesign.ee\/wp-content\/uploads\/2023\/09\/Kersti-Pallas-150x150.webp 150w, https:\/\/dev2.pallasdesign.ee\/wp-content\/uploads\/2023\/09\/Kersti-Pallas-768x768.webp 768w\" sizes=\"auto, (max-width: 794px) 100vw, 794px\"><\/figure>\n\n\n<p class=\"gb-headline gb-headline-b088ca70 gb-headline-text\">&#8221;Olen harrastanut k\u00e4sit\u00f6it\u00e4 lapsuudesta l\u00e4htien, ja intohimo alaa kohtaan on vain kasvanut ajan my\u00f6t\u00e4.&#8221;<\/p>\n\n\n<p>Koen, ett\u00e4 itsens\u00e4 kehitt\u00e4minen ja luovuus ovat elinik\u00e4inen prosessi, jonka oppiminen ei lopu koskaan. L\u00f6yd\u00e4n inspiraatiota rakkaudesta ja luonnosta, arjen askareista, v\u00e4reist\u00e4, ymp\u00e4r\u00f6iv\u00e4st\u00e4 ymp\u00e4rist\u00f6st\u00e4, mielenkiintoisista hahmoista ja t\u00e4m\u00e4nhetkisist\u00e4 trendeist\u00e4. Panen luomuksiini sieluni, jotta jokainen esine olisi ainutlaatuinen ja toistamaton, erottuen muusta massasta. Minulle on t\u00e4rke\u00e4\u00e4 yksityiskohtien tarkkuus ja k\u00e4yt\u00e4n laadukkaita materiaaleja, jotta k\u00e4sity\u00f6ni ilahduttaisi silm\u00e4\u00e4 vuosikausia.   <\/p>\n\n\n\n<p><strong>Kersti Pallas<\/strong><br\/>Perustaja ja suunnittelija<\/p>\n\n<\/div>\n<\/div>","protected":false},"excerpt":{"rendered":"<p>Palaute Pallas Designin tyytyv\u00e4isilt\u00e4 asiakkailta &#8221;Olen harrastanut k\u00e4sit\u00f6it\u00e4 lapsuudesta l\u00e4htien, ja intohimo alaa kohtaan on vain kasvanut ajan my\u00f6t\u00e4.&#8221; Koen, ett\u00e4 itsens\u00e4 kehitt\u00e4minen ja luovuus ovat elinik\u00e4inen prosessi, jonka oppiminen ei lopu koskaan. L\u00f6yd\u00e4n inspiraatiota rakkaudesta ja luonnosta, arjen askareista, v\u00e4reist\u00e4, ymp\u00e4r\u00f6iv\u00e4st\u00e4 ymp\u00e4rist\u00f6st\u00e4, mielenkiintoisista hahmoista ja t\u00e4m\u00e4nhetkisist\u00e4 trendeist\u00e4. Panen luomuksiini sieluni, jotta jokainen esine olisi &#8230; <\/p>\n<p class=\"read-more-container\"><a title=\"Asiakkaiden palaute\" class=\"read-more button\" href=\"https:\/\/dev2.pallasdesign.ee\/fi\/asiakkaiden-palaute\/#more-19145\" aria-label=\"Lue lis\u00e4\u00e4 aiheesta Asiakkaiden palaute\">Lue lis\u00e4\u00e4<\/a><\/p>\n","protected":false},"author":4,"featured_media":0,"parent":0,"menu_order":0,"comment_status":"closed","ping_status":"closed","template":"","meta":{"footnotes":""},"class_list":{"0":"post-19145","1":"page","2":"type-page","3":"status-publish","5":"no-featured-image-padding"},"_links":{"self":[{"href":"https:\/\/dev2.pallasdesign.ee\/fi\/wp-json\/wp\/v2\/pages\/19145","targetHints":{"allow":["GET"]}}],"collection":[{"href":"https:\/\/dev2.pallasdesign.ee\/fi\/wp-json\/wp\/v2\/pages"}],"about":[{"href":"https:\/\/dev2.pallasdesign.ee\/fi\/wp-json\/wp\/v2\/types\/page"}],"author":[{"embeddable":true,"href":"https:\/\/dev2.pallasdesign.ee\/fi\/wp-json\/wp\/v2\/users\/4"}],"replies":[{"embeddable":true,"href":"https:\/\/dev2.pallasdesign.ee\/fi\/wp-json\/wp\/v2\/comments?post=19145"}],"version-history":[{"count":2,"href":"https:\/\/dev2.pallasdesign.ee\/fi\/wp-json\/wp\/v2\/pages\/19145\/revisions"}],"predecessor-version":[{"id":21613,"href":"https:\/\/dev2.pallasdesign.ee\/fi\/wp-json\/wp\/v2\/pages\/19145\/revisions\/21613"}],"wp:attachment":[{"href":"https:\/\/dev2.pallasdesign.ee\/fi\/wp-json\/wp\/v2\/media?parent=19145"}],"curies":[{"name":"wp","href":"https:\/\/api.w.org\/{rel}","templated":true}]}}