{"id":19147,"date":"2023-09-08T11:19:14","date_gmt":"2023-09-08T08:19:14","guid":{"rendered":"https:\/\/dev2.pallasdesign.ee\/usein-kysytyt-kysymykset\/"},"modified":"2026-01-27T11:10:51","modified_gmt":"2026-01-27T09:10:51","slug":"ukk-usein-kysytyt-kysymykset","status":"publish","type":"page","link":"https:\/\/dev2.pallasdesign.ee\/fi\/ukk-usein-kysytyt-kysymykset\/","title":{"rendered":"Usein kysytyt kysymykset"},"content":{"rendered":"<div class=\"gb-container gb-container-7fd98d0d\">\n<h2 class=\"gb-headline gb-headline-7577e237 gb-headline-text\" id=\"kuinka-nopeasti-brodeeraatte-verkkokaupan-tilaukset-valmiiksi\">Kuinka nopeasti brodeeraatte verkkokaupan tilaukset valmiiksi?<\/h2>\n\n\n<p>Verkkokaupan tilaukset brodeeraamme valmiiksi maksun saapumista seuraavien 2-3 ty\u00f6p\u00e4iv\u00e4n kuluessa.<\/p>\n\n\n\n<hr class=\"wp-block-separator aligncenter has-text-color has-kuldne-color has-alpha-channel-opacity has-kuldne-background-color has-background is-style-dots\"\/>\n\n<\/div><div class=\"gb-container gb-container-b63af9db\">\n\n<div style=\"height:25px\" aria-hidden=\"true\" class=\"wp-block-spacer\"><\/div>\n\n\n<h2 class=\"gb-headline gb-headline-80aead69 gb-headline-text\" id=\"brodeeraatteko-myos-asiakkaan-tuotteeseen\">Brodeeraatteko my\u00f6s asiakkaan tuotteeseen?<\/h2>\n\n\n<p>Jos t\u00e4h\u00e4n tuotteeseen on mahdollista brodeerata, niin totta kai! Tarjolla olevista palveluista voit lukea lis\u00e4\u00e4 <strong><a href=\"https:\/\/dev2.pallasdesign.ee\/fi\/brodeeraus\/\">t\u00e4\u00e4lt\u00e4<\/a><\/strong> <\/p>\n\n\n\n<hr class=\"wp-block-separator aligncenter has-text-color has-kuldne-color has-alpha-channel-opacity has-kuldne-background-color has-background is-style-dots\"\/>\n\n<\/div><div class=\"gb-container gb-container-3381bd1d\">\n\n<div style=\"height:25px\" aria-hidden=\"true\" class=\"wp-block-spacer\"><\/div>\n\n\n<h2 class=\"gb-headline gb-headline-6e1cd22c gb-headline-text\" id=\"haluan-brodeerata-nimen-kuinka-paljon-se-maksaa\">Haluan brodeerata nimen. Kuinka paljon se maksaa? <\/h2>\n\n\n<p>Nimien brodeerauksen hinnaston l\u00f6yd\u00e4t <strong><a href=\"https:\/\/dev2.pallasdesign.ee\/fi\/nimien-kirjonta-hinnasto\/\">t\u00e4\u00e4lt\u00e4<\/a><\/strong><\/p>\n\n\n\n<hr class=\"wp-block-separator aligncenter has-text-color has-kuldne-color has-alpha-channel-opacity has-kuldne-background-color has-background is-style-dots\"\/>\n\n<\/div><div class=\"gb-container gb-container-998f43f9\">\n\n<div style=\"height:25px\" aria-hidden=\"true\" class=\"wp-block-spacer\"><\/div>\n\n\n<h2 class=\"gb-headline gb-headline-629eb04b gb-headline-text\" id=\"minulla-on-oma-design-onko-sen-mukaan-mahdollista-brodeerata\">Minulla on oma design. Onko sen mukaan mahdollista brodeerata? <\/h2>\n\n\n<p>Designin tai kuvan mukaan ei valitettavasti ole mahdollista brodeerata suoraan, vaan ensin on ohjelmoitava <strong><a href=\"https:\/\/dev2.pallasdesign.ee\/fi\/kirjontatiedostojen-ohjelmointi\/\">kirjontatiedosto<\/a><\/strong><\/p>\n\n\n\n<p>Kirjontatiedoston ohjelmointimaksu on kertaluonteinen ja tiedosto s\u00e4ilytet\u00e4\u00e4n Pallas Designin tietokannassa.<\/p>\n\n\n\n<hr class=\"wp-block-separator aligncenter has-text-color has-kuldne-color has-alpha-channel-opacity has-kuldne-background-color has-background is-style-dots\"\/>\n\n<\/div><div class=\"gb-container gb-container-af8c2b6d\">\n\n<div style=\"height:25px\" aria-hidden=\"true\" class=\"wp-block-spacer\"><\/div>\n\n\n<h2 class=\"gb-headline gb-headline-8f839bc5 gb-headline-text\" id=\"haluan-tilata-vain-kirjontatiedoston-onko-se-mahdollista\">Haluan tilata vain kirjontatiedoston, onko se mahdollista?<\/h2>\n\n\n<p>Ohjelmoimme kirjontatiedostoja, jos sit\u00e4 seuraa my\u00f6s brodeerauspalvelun tilaus<\/p>\n\n\n\n<hr class=\"wp-block-separator aligncenter has-text-color has-kuldne-color has-alpha-channel-opacity has-kuldne-background-color has-background is-style-dots\"\/>\n\n<\/div><div class=\"gb-container gb-container-5acf4bec\">\n\n<div style=\"height:25px\" aria-hidden=\"true\" class=\"wp-block-spacer\"><\/div>\n\n\n<h2 class=\"gb-headline gb-headline-e8d7d377 gb-headline-text\" id=\"kuinka-monta-brodeerausta-minun-on-tilattava-jotta-ohjelmoitte-minulle-kirjontatiedoston\">Kuinka monta brodeerausta minun on tilattava, jotta ohjelmoitte minulle kirjontatiedoston?<\/h2>\n\n\n<p>Kirjontatiedoston ohjelmointity\u00f6 on aikaa viev\u00e4\u00e4 ja kallista \u2013 kirjontatiedoston ohjelmointi on kannattavaa tilata, jos kyseisen tiedoston pohjalta on tarkoitus tilata lis\u00e4\u00e4 brodeerauksia heti tai tulevaisuudessa. Yksinkertaisempien designien tapauksessa minimim\u00e4\u00e4r\u00e4 on 5 brodeerausta, monimutkaisempien designien tapauksessa minimim\u00e4\u00e4r\u00e4 on suurempi ja riippuu konkreettisesta designista. <\/p>\n\n\n\n<hr class=\"wp-block-separator aligncenter has-text-color has-kuldne-color has-alpha-channel-opacity has-kuldne-background-color has-background is-style-dots\"\/>\n\n<\/div><div class=\"gb-container gb-container-7cafe1a9\">\n\n<div style=\"height:25px\" aria-hidden=\"true\" class=\"wp-block-spacer\"><\/div>\n\n\n<h2 class=\"gb-headline gb-headline-6bbc9369 gb-headline-text\" id=\"haluan-pienen-logobrodeerauksen-paidan-rintaosaan-ja-suuren-logobrodeerauksen-selkaan-voinko-kayttaa-samaa-kirjontatiedostoa\">Haluan pienen logobrodeerauksen paidan rintaosaan ja suuren logobrodeerauksen selk\u00e4\u00e4n. Voinko k\u00e4ytt\u00e4\u00e4 samaa kirjontatiedostoa? <\/h2>\n\n\n<p>Valitettavasti ei. Kirjontatiedosto ohjelmoidaan tietty\u00e4 kokoa varten, ja sit\u00e4 voi suurentaa\/pienent\u00e4\u00e4 vain hyvin rajallisesti. Kahta erikokoista kirjontaa varten t\u00e4ytyy ohjelmoida kaksi kirjontatiedostoa.  <\/p>\n\n\n\n<hr class=\"wp-block-separator aligncenter has-text-color has-kuldne-color has-alpha-channel-opacity has-kuldne-background-color has-background is-style-dots\"\/>\n\n<\/div><div class=\"gb-container gb-container-a148094a\">\n\n<div style=\"height:25px\" aria-hidden=\"true\" class=\"wp-block-spacer\"><\/div>\n\n\n<h2 class=\"gb-headline gb-headline-12029c03 gb-headline-text\" id=\"kuinka-paljon-kirjontatiedoston-ohjelmointi-maksaa\">Kuinka paljon kirjontatiedoston ohjelmointi maksaa?<\/h2>\n\n\n<p>Yksinkertaisempien logojen ohjelmoinnin hinnat alkavat 50 eurosta + ALV, ja monimutkaisempien designien tapauksessa ty\u00f6n hinta voi nousta useisiin satoihin euroihin.<\/p>\n\n\n\n<hr class=\"wp-block-separator aligncenter has-text-color has-kuldne-color has-alpha-channel-opacity has-kuldne-background-color has-background is-style-dots\"\/>\n\n<\/div><div class=\"gb-container gb-container-3ef7b599\">\n\n<div style=\"height:25px\" aria-hidden=\"true\" class=\"wp-block-spacer\"><\/div>\n\n\n<h2 class=\"gb-headline gb-headline-96add78d gb-headline-text\" id=\"kuinka-nopeasti-valmistatte-kirjontatiedoston\">Kuinka nopeasti valmistatte kirjontatiedoston?<\/h2>\n\n\n<p>Aika riippuu t\u00e4ll\u00e4 hetkell\u00e4 jonossa olevien t\u00f6iden m\u00e4\u00e4r\u00e4st\u00e4, mutta tiedostot\u00f6iden osalta tulisi varautua v\u00e4hint\u00e4\u00e4n pariin viikkoon.<\/p>\n\n\n\n<hr class=\"wp-block-separator aligncenter has-text-color has-kuldne-color has-alpha-channel-opacity has-kuldne-background-color has-background is-style-dots\"\/>\n\n<\/div><div class=\"gb-container gb-container-cdb9a83c\">\n\n<div style=\"height:25px\" aria-hidden=\"true\" class=\"wp-block-spacer\"><\/div>\n\n\n<h2 class=\"gb-headline gb-headline-9c0ede47 gb-headline-text\" id=\"kuinka-kauan-brodeerauksella-varustetun-esineen-valmistus-kestaa\">Kuinka kauan brodeerauksella varustetun esineen valmistus kest\u00e4\u00e4<\/h2>\n\n\n<p>Brodeerauksen tekemisen nopeus riippuu suuresti brodeerauksen designin monimutkaisuudesta. Brodeerauksen luominen alkaa valmistelusta eli kirjontatiedoston luomisesta, jossa jokainen brodeerattava yksityiskohta on sy\u00f6tett\u00e4v\u00e4 designohjelmaan yksitellen. Virheett\u00f6m\u00e4n tuloksen saavuttamiseksi design ja sen osat on aina brodeerattava l\u00e4pi ennen niiden siirt\u00e4mist\u00e4 p\u00e4\u00e4esineeseen. Ja itse brodeerausprosessi vaatii jatkuvaa l\u00e4sn\u00e4oloa ja yksityiskohtaista laadunvalvontaa halutun tuloksen saavuttamiseksi. Siksi brodeerauksen arvioitu aikakulu voidaan ilmoittaa vasta, kun tarkka ratkaisu on keskusteltu asiakkaan kanssa.    <\/p>\n\n\n\n<hr class=\"wp-block-separator aligncenter has-text-color has-kuldne-color has-alpha-channel-opacity has-kuldne-background-color has-background is-style-dots\"\/>\n\n<\/div><div class=\"gb-container gb-container-fc94ad41\">\n\n<div style=\"height:25px\" aria-hidden=\"true\" class=\"wp-block-spacer\"><\/div>\n\n\n<h2 class=\"gb-headline gb-headline-0804695c gb-headline-text\" id=\"mihin-esineisiin-on-mahdollista-tehda-brodeeraus\">Mihin esineisiin on mahdollista tehd\u00e4 brodeeraus?<\/h2>\n\n\n<p>Brodeerauksen k\u00e4ytt\u00f6mahdollisuudet ovat eritt\u00e4in laajat \u2013 olemme koristelleet kaikkea kodintekstiileist\u00e4 vaatteisiin. Suosituimpia brodeerattavia esineit\u00e4 ovat korut, tyynynp\u00e4\u00e4lliset, p\u00f6yt\u00e4liinat, (vauvan)peitot, ruokalaput, pehmolelut, pyyhkeet, vaatteet ja paljon muuta. <\/p>\n\n\n\n<hr class=\"wp-block-separator has-text-color has-kuldne-color has-alpha-channel-opacity has-kuldne-background-color has-background is-style-dots\"\/>\n\n<\/div><div class=\"gb-container gb-container-80e72d1a\">\n<h2 class=\"gb-headline gb-headline-2532ee05 gb-headline-text\" id=\"miten-kasityona-valmistetun-esineen-hinta-muodostuu\">Miten k\u00e4sity\u00f6n\u00e4 valmistetun esineen hinta muodostuu?<\/h2>\n\n\n<p>K\u00e4sity\u00f6n hinnoittelua tulisi ajatella taideteoksen hinnoitteluna, jossa estetiikka ja luotu lis\u00e4arvo ovat paljon t\u00e4rke\u00e4mpi\u00e4 kuin ty\u00f6n tekemisen materiaalikustannukset. Hinnoittelussa otetaan huomioon ty\u00f6n tekemiseen kulunut aika ja materiaali, mutta my\u00f6s ty\u00f6n ainutlaatuisuus. Lis\u00e4ksi syntyy kustannuksia pakkaamisesta ja ty\u00f6v\u00e4lineiden k\u00e4yt\u00f6st\u00e4. Lue hinnoittelusta lis\u00e4\u00e4 <strong><a href=\"https:\/\/dev2.pallasdesign.ee\/fi\/miten-kasityon-hinta-muodostuu\/\">t\u00e4\u00e4lt\u00e4<\/a><\/strong>   <\/p>\n\n\n\n<hr class=\"wp-block-separator aligncenter has-text-color has-kuldne-color has-alpha-channel-opacity has-kuldne-background-color has-background is-style-dots\"\/>\n\n<\/div>","protected":false},"excerpt":{"rendered":"<p>Kuinka nopeasti brodeeraatte verkkokaupan tilaukset valmiiksi? Verkkokaupan tilaukset brodeeraamme valmiiksi maksun saapumista seuraavien 2-3 ty\u00f6p\u00e4iv\u00e4n kuluessa. Brodeeraatteko my\u00f6s asiakkaan tuotteeseen? Jos t\u00e4h\u00e4n tuotteeseen on mahdollista brodeerata, niin totta kai! Tarjolla olevista palveluista voit lukea lis\u00e4\u00e4 t\u00e4\u00e4lt\u00e4 Haluan brodeerata nimen. Kuinka paljon se maksaa? Nimien brodeerauksen hinnaston l\u00f6yd\u00e4t t\u00e4\u00e4lt\u00e4 Minulla on oma design. Onko sen mukaan &#8230; <\/p>\n<p class=\"read-more-container\"><a title=\"Usein kysytyt kysymykset\" class=\"read-more button\" href=\"https:\/\/dev2.pallasdesign.ee\/fi\/ukk-usein-kysytyt-kysymykset\/#more-19147\" aria-label=\"Lue lis\u00e4\u00e4 aiheesta Usein kysytyt kysymykset\">Lue lis\u00e4\u00e4<\/a><\/p>\n","protected":false},"author":2,"featured_media":0,"parent":0,"menu_order":0,"comment_status":"closed","ping_status":"closed","template":"","meta":{"footnotes":""},"class_list":{"0":"post-19147","1":"page","2":"type-page","3":"status-publish","5":"no-featured-image-padding"},"_links":{"self":[{"href":"https:\/\/dev2.pallasdesign.ee\/fi\/wp-json\/wp\/v2\/pages\/19147","targetHints":{"allow":["GET"]}}],"collection":[{"href":"https:\/\/dev2.pallasdesign.ee\/fi\/wp-json\/wp\/v2\/pages"}],"about":[{"href":"https:\/\/dev2.pallasdesign.ee\/fi\/wp-json\/wp\/v2\/types\/page"}],"author":[{"embeddable":true,"href":"https:\/\/dev2.pallasdesign.ee\/fi\/wp-json\/wp\/v2\/users\/2"}],"replies":[{"embeddable":true,"href":"https:\/\/dev2.pallasdesign.ee\/fi\/wp-json\/wp\/v2\/comments?post=19147"}],"version-history":[{"count":6,"href":"https:\/\/dev2.pallasdesign.ee\/fi\/wp-json\/wp\/v2\/pages\/19147\/revisions"}],"predecessor-version":[{"id":23182,"href":"https:\/\/dev2.pallasdesign.ee\/fi\/wp-json\/wp\/v2\/pages\/19147\/revisions\/23182"}],"wp:attachment":[{"href":"https:\/\/dev2.pallasdesign.ee\/fi\/wp-json\/wp\/v2\/media?parent=19147"}],"curies":[{"name":"wp","href":"https:\/\/api.w.org\/{rel}","templated":true}]}}