{"id":19149,"date":"2023-09-08T11:21:47","date_gmt":"2023-09-08T08:21:47","guid":{"rendered":"https:\/\/dev2.pallasdesign.ee\/brodeeraus-yhteystiedot\/"},"modified":"2025-11-28T14:18:56","modified_gmt":"2025-11-28T12:18:56","slug":"brodeeraus-tallinnassa","status":"publish","type":"page","link":"https:\/\/dev2.pallasdesign.ee\/fi\/brodeeraus-tallinnassa\/","title":{"rendered":"Brodeeraus &#8211; Yhteystiedot"},"content":{"rendered":"<h2 class=\"wp-block-heading has-text-align-center\" id=\"pallas-design-brodeeraus-ja-kasityostudio\">Pallas Design brodeeraus- ja k\u00e4sity\u00f6studio<\/h2><div class=\"gb-grid-wrapper gb-grid-wrapper-cc678747\">\n<div class=\"gb-grid-column gb-grid-column-3d579170\"><div class=\"gb-container gb-container-3d579170\">\n\n<figure class=\"wp-block-image size-full\"><img loading=\"lazy\" decoding=\"async\" width=\"640\" height=\"360\" src=\"https:\/\/dev2.pallasdesign.ee\/wp-content\/uploads\/2024\/07\/stuudio.jpg\" alt=\"Pallas Design brodeeraus- ja k&#xE4;sity&#xF6;studio\" class=\"wp-image-7978\" title=\"\" srcset=\"https:\/\/dev2.pallasdesign.ee\/wp-content\/uploads\/2024\/07\/stuudio.jpg 640w, https:\/\/dev2.pallasdesign.ee\/wp-content\/uploads\/2024\/07\/stuudio-320x180.jpg 320w\" sizes=\"auto, (max-width: 640px) 100vw, 640px\" \/><\/figure>\n\n<\/div><\/div>\n\n<div class=\"gb-grid-column gb-grid-column-f5f52db2\"><div class=\"gb-container gb-container-f5f52db2\">\n\n<figure class=\"wp-block-image size-full\"><img loading=\"lazy\" decoding=\"async\" width=\"640\" height=\"360\" src=\"https:\/\/dev2.pallasdesign.ee\/wp-content\/uploads\/2024\/07\/sissepaas.jpg\" alt=\"\" class=\"wp-image-8051\" title=\"\" srcset=\"https:\/\/dev2.pallasdesign.ee\/wp-content\/uploads\/2024\/07\/sissepaas.jpg 640w, https:\/\/dev2.pallasdesign.ee\/wp-content\/uploads\/2024\/07\/sissepaas-320x180.jpg 320w\" sizes=\"auto, (max-width: 640px) 100vw, 640px\" \/><\/figure>\n\n<\/div><\/div>\n<\/div>\n<div style=\"height:25px\" aria-hidden=\"true\" class=\"wp-block-spacer\"><\/div>\n\n<p class=\"has-text-align-center\"><strong>Uusi ja viihtyis\u00e4 studiomme sijaitsee Tallinnassa, Pikaliiva tn.5<\/strong><\/p>\n\n<p class=\"has-text-align-center\">Studion vierailua varten sopikaa yst\u00e4v\u00e4llisesti aika etuk\u00e4teen puhelimitse.<br\/><\/p>\n\n<div style=\"height:50px\" aria-hidden=\"true\" class=\"wp-block-spacer\"><\/div>\n<div class=\"wp-block-image\">\n<figure class=\"aligncenter size-full\"><img loading=\"lazy\" decoding=\"async\" width=\"640\" height=\"360\" src=\"https:\/\/dev2.pallasdesign.ee\/wp-content\/uploads\/2024\/07\/parkimine.jpg\" alt=\"\" class=\"wp-image-8052\" title=\"\" srcset=\"https:\/\/dev2.pallasdesign.ee\/wp-content\/uploads\/2024\/07\/parkimine.jpg 640w, https:\/\/dev2.pallasdesign.ee\/wp-content\/uploads\/2024\/07\/parkimine-320x180.jpg 320w\" sizes=\"auto, (max-width: 640px) 100vw, 640px\" \/><\/figure>\n<\/div>\n<div style=\"height:25px\" aria-hidden=\"true\" class=\"wp-block-spacer\"><\/div>\n\n<p class=\"has-text-align-center\">Asiakkaille on studion sis\u00e4\u00e4nk\u00e4ynnin luona 3 pys\u00e4k\u00f6intipaikkaa.<\/p>\n\n<div style=\"height:100px\" aria-hidden=\"true\" class=\"wp-block-spacer\"><\/div>\n<div class=\"gb-grid-wrapper gb-grid-wrapper-ef09a5d2\">\n<div class=\"gb-grid-column gb-grid-column-7584dcbe\"><div class=\"gb-container gb-container-7584dcbe\">\n<h2 class=\"gb-headline gb-headline-d9b0bf83 gb-headline-text\" id=\"pallas-design-luo-ainutlaatuista-taidetta\">Pallas Design luo ainutlaatuista taidetta<\/h2>\n\n\n<p>Pallas Design luo k\u00e4sity\u00f6taidetta, joka on laadukasta, ylellist\u00e4 ja ainutlaatuista. 12 toimintavuoden aikana on kehittynyt vakaa tyyli, laatustandardi ja syv\u00e4 rakkaus k\u00e4sity\u00f6t\u00e4 kohtaan. <\/p>\n\n\n\n<p><strong>Jatkuvan kehityksen ja taitojen hiomisen ansiosta Pallas Designin k\u00e4sity\u00f6ll\u00e4 ei ole luovia rajoja.<\/strong> Tehtyjen t\u00f6iden joukosta l\u00f6yd\u00e4t sek\u00e4 eksklusiivisia k\u00e4sintehtyj\u00e4 kortteja, kirjontoja, koruja ett\u00e4 h\u00e4\u00e4asusteita, personoituja lahjoja, kodintekstiilej\u00e4 ja paljon muuta. Jokainen ainutlaatuinen yksityiskohta on luotu sielulla ja rakkaudella. <\/p>\n\n\n\n<p>Voit olla varma, ett\u00e4 kyseess\u00e4 on ainutlaatuinen ja persoonallinen teos, jollaista ei ole kenell\u00e4k\u00e4\u00e4n muulla. Jos sinulla on idea, niin kerro siit\u00e4 meille ja <strong>luomme sen todeksi!<\/strong> <\/p>\n\n<\/div><\/div>\n\n<div class=\"gb-grid-column gb-grid-column-7781e101\"><div class=\"gb-container gb-container-7781e101\">\n\n<figure class=\"gb-block-image gb-block-image-e567b9ca\"><img loading=\"lazy\" decoding=\"async\" width=\"1378\" height=\"1000\" class=\"gb-image gb-image-e567b9ca\" src=\"https:\/\/dev2.pallasdesign.ee\/wp-content\/uploads\/2023\/09\/masintikand-tikandid.webp\" alt=\"\" title=\"brodeeraus-kirjonnat\" srcset=\"https:\/\/dev2.pallasdesign.ee\/wp-content\/uploads\/2023\/09\/masintikand-tikandid.webp 1378w, https:\/\/dev2.pallasdesign.ee\/wp-content\/uploads\/2023\/09\/masintikand-tikandid-320x232.webp 320w, https:\/\/dev2.pallasdesign.ee\/wp-content\/uploads\/2023\/09\/masintikand-tikandid-1024x743.webp 1024w, https:\/\/dev2.pallasdesign.ee\/wp-content\/uploads\/2023\/09\/masintikand-tikandid-300x218.webp 300w, https:\/\/dev2.pallasdesign.ee\/wp-content\/uploads\/2023\/09\/masintikand-tikandid-768x557.webp 768w\" sizes=\"auto, (max-width: 1378px) 100vw, 1378px\"><\/figure>\n\n<\/div><\/div>\n<\/div>","protected":false},"excerpt":{"rendered":"<p>Pallas Design brodeeraus- ja k\u00e4sity\u00f6studio Uusi ja viihtyis\u00e4 studiomme sijaitsee Tallinnassa, Pikaliiva tn.5 Studion vierailua varten sopikaa yst\u00e4v\u00e4llisesti aika etuk\u00e4teen puhelimitse. Asiakkaille on studion sis\u00e4\u00e4nk\u00e4ynnin luona 3 pys\u00e4k\u00f6intipaikkaa.<\/p>\n","protected":false},"author":2,"featured_media":0,"parent":0,"menu_order":0,"comment_status":"closed","ping_status":"closed","template":"","meta":{"footnotes":""},"class_list":{"0":"post-19149","1":"page","2":"type-page","3":"status-publish","5":"no-featured-image-padding"},"_links":{"self":[{"href":"https:\/\/dev2.pallasdesign.ee\/fi\/wp-json\/wp\/v2\/pages\/19149","targetHints":{"allow":["GET"]}}],"collection":[{"href":"https:\/\/dev2.pallasdesign.ee\/fi\/wp-json\/wp\/v2\/pages"}],"about":[{"href":"https:\/\/dev2.pallasdesign.ee\/fi\/wp-json\/wp\/v2\/types\/page"}],"author":[{"embeddable":true,"href":"https:\/\/dev2.pallasdesign.ee\/fi\/wp-json\/wp\/v2\/users\/2"}],"replies":[{"embeddable":true,"href":"https:\/\/dev2.pallasdesign.ee\/fi\/wp-json\/wp\/v2\/comments?post=19149"}],"version-history":[{"count":7,"href":"https:\/\/dev2.pallasdesign.ee\/fi\/wp-json\/wp\/v2\/pages\/19149\/revisions"}],"predecessor-version":[{"id":20672,"href":"https:\/\/dev2.pallasdesign.ee\/fi\/wp-json\/wp\/v2\/pages\/19149\/revisions\/20672"}],"wp:attachment":[{"href":"https:\/\/dev2.pallasdesign.ee\/fi\/wp-json\/wp\/v2\/media?parent=19149"}],"curies":[{"name":"wp","href":"https:\/\/api.w.org\/{rel}","templated":true}]}}