{"id":19151,"date":"2023-09-07T15:56:35","date_gmt":"2023-09-07T12:56:35","guid":{"rendered":"https:\/\/dev2.pallasdesign.ee\/meista\/"},"modified":"2025-11-28T14:14:53","modified_gmt":"2025-11-28T12:14:53","slug":"meista-virolainen-kasityo","status":"publish","type":"page","link":"https:\/\/dev2.pallasdesign.ee\/fi\/meista-virolainen-kasityo\/","title":{"rendered":"Meist\u00e4"},"content":{"rendered":"<div class=\"gb-container gb-container-29eb6be1\">\n<h2 class=\"gb-headline gb-headline-266f679b gb-headline-text\" id=\"pallas-design-luo-ainutlaatuista-taidetta\">Pallas Design luo ainutlaatuista taidetta<\/h2>\n\n<div class=\"gb-grid-wrapper gb-grid-wrapper-8b61b607\">\n<div class=\"gb-grid-column gb-grid-column-3735f7fd\"><div class=\"gb-container gb-container-3735f7fd\">\n\n<p>Pallas Design on luotu rakkaudesta k\u00e4sity\u00f6taiteeseen. Kersti Pallas l\u00f6ysi k\u00e4sity\u00f6n kouluaikanaan, ja siit\u00e4 l\u00e4htien k\u00e4sity\u00f6 on ollut osa h\u00e4nen el\u00e4m\u00e4\u00e4ns\u00e4. Vaikka aluksi kyse oli vain iloa tuottavasta harrastuksesta, niin jossain vaiheessa tilausten m\u00e4\u00e4r\u00e4 ja asiakkaiden kiinnostus tuotteisiin kasvoivat \u2013 ja niin syntyi Pallas Design.  <\/p>\n\n\n\n<p class=\"has-text-color has-link-color wp-elements-af4528e194b05c7d9b2d843a6f4de7f7\">Pallas Design luo k\u00e4sity\u00f6taidetta, joka on laadukasta, ylellist\u00e4 ja ainutlaatuista. Yritystoiminta sai alkunsa vuonna 2010 nimell\u00e4 <a href=\"https:\/\/eurotikand.ee\/\" target=\"_blank\" rel=\"noopener\">Eurotikand<\/a>, mutta kuten aiemmin mainittu, intohimo k\u00e4sity\u00f6t\u00e4 kohtaan on seurannut Kersti\u00e4 lapsuudesta asti. 15 toimintavuoden aikana Pallas Designille on kehittynyt vankka tyyli, laatustandardi ja syv\u00e4 rakkaus k\u00e4sity\u00f6t\u00e4 kohtaan.  <\/p>\n\n\n\n<p><strong>Jatkuvan kehityksen ja taitojen hiomisen ansiosta Kersti Pallaksen k\u00e4sity\u00f6ss\u00e4 ei ole luovia rajoja.<\/strong><\/p>\n\n<\/div><\/div>\n\n<div class=\"gb-grid-column gb-grid-column-09a334c5\"><div class=\"gb-container gb-container-09a334c5\">\n\n<figure class=\"gb-block-image gb-block-image-3fdcda87\"><img loading=\"lazy\" decoding=\"async\" width=\"1200\" height=\"800\" class=\"gb-image gb-image-3fdcda87\" src=\"https:\/\/dev2.pallasdesign.ee\/wp-content\/uploads\/2023\/09\/kasitookaart-kasitookaardid.webp\" alt=\"\" title=\"K\u00e4sintehdyt kortit\" srcset=\"https:\/\/dev2.pallasdesign.ee\/wp-content\/uploads\/2023\/09\/kasitookaart-kasitookaardid.webp 1200w, https:\/\/dev2.pallasdesign.ee\/wp-content\/uploads\/2023\/09\/kasitookaart-kasitookaardid-320x213.webp 320w, https:\/\/dev2.pallasdesign.ee\/wp-content\/uploads\/2023\/09\/kasitookaart-kasitookaardid-1024x683.webp 1024w, https:\/\/dev2.pallasdesign.ee\/wp-content\/uploads\/2023\/09\/kasitookaart-kasitookaardid-300x200.webp 300w, https:\/\/dev2.pallasdesign.ee\/wp-content\/uploads\/2023\/09\/kasitookaart-kasitookaardid-768x512.webp 768w\" sizes=\"auto, (max-width: 1200px) 100vw, 1200px\"><\/figure>\n\n<\/div><\/div>\n<\/div>\n<\/div><div class=\"gb-container gb-container-2f598843 alignfull\">\n<div class=\"gb-container gb-container-64eb9298\">\n\n<figure class=\"gb-block-image gb-block-image-a4d351aa\"><img loading=\"lazy\" decoding=\"async\" width=\"794\" height=\"794\" class=\"gb-image gb-image-a4d351aa\" src=\"https:\/\/dev2.pallasdesign.ee\/wp-content\/uploads\/2023\/09\/Kersti-Pallas.webp\" alt=\"\" title=\"Kersti-Pallas\" srcset=\"https:\/\/dev2.pallasdesign.ee\/wp-content\/uploads\/2023\/09\/Kersti-Pallas.webp 794w, https:\/\/dev2.pallasdesign.ee\/wp-content\/uploads\/2023\/09\/Kersti-Pallas-320x320.webp 320w, https:\/\/dev2.pallasdesign.ee\/wp-content\/uploads\/2023\/09\/Kersti-Pallas-100x100.webp 100w, https:\/\/dev2.pallasdesign.ee\/wp-content\/uploads\/2023\/09\/Kersti-Pallas-300x300.webp 300w, https:\/\/dev2.pallasdesign.ee\/wp-content\/uploads\/2023\/09\/Kersti-Pallas-150x150.webp 150w, https:\/\/dev2.pallasdesign.ee\/wp-content\/uploads\/2023\/09\/Kersti-Pallas-768x768.webp 768w\" sizes=\"auto, (max-width: 794px) 100vw, 794px\"><\/figure>\n\n\n<p class=\"gb-headline gb-headline-b088ca70 gb-headline-text\">&#8221;Olen harrastanut k\u00e4sit\u00f6it\u00e4 lapsuudesta l\u00e4htien, ja intohimo alaa kohtaan on vain kasvanut ajan my\u00f6t\u00e4.&#8221;<\/p>\n\n\n<p>Koen, ett\u00e4 itsens\u00e4 kehitt\u00e4minen ja luovuus ovat elinik\u00e4inen prosessi, jonka oppiminen ei lopu koskaan. L\u00f6yd\u00e4n inspiraatiota rakkaudesta ja luonnosta, arjen askareista, v\u00e4reist\u00e4, ymp\u00e4r\u00f6iv\u00e4st\u00e4 ymp\u00e4rist\u00f6st\u00e4, mielenkiintoisista hahmoista ja t\u00e4m\u00e4nhetkisist\u00e4 trendeist\u00e4. Panen luomuksiini sieluni, jotta jokainen esine olisi ainutlaatuinen ja toistamaton, erottuen muusta massasta. Minulle on t\u00e4rke\u00e4\u00e4 yksityiskohtien tarkkuus ja k\u00e4yt\u00e4n laadukkaita materiaaleja, jotta k\u00e4sity\u00f6ni ilahduttaisi silm\u00e4\u00e4 vuosikausia.   <\/p>\n\n\n\n<p><strong>Kersti Pallas<\/strong><br\/>Perustaja ja suunnittelija<\/p>\n\n<\/div>\n<\/div><h2 class=\"gb-headline gb-headline-f9d61d4a gb-headline-text\" id=\"pallas-designin-luomuksista-loydat\">Pallas Designin luomuksista l\u00f6yd\u00e4t<\/h2><div class=\"gb-grid-wrapper gb-grid-wrapper-e2eb560e\">\n<div class=\"gb-grid-column gb-grid-column-9dc436eb\"><div class=\"gb-container gb-container-9dc436eb\">\n<h3 class=\"gb-headline gb-headline-1ec10094 gb-headline-text\" id=\"eksklusiivisia-kasintehtyja-kortteja\">Eksklusiivisia k\u00e4sintehtyj\u00e4 kortteja<\/h3>\n\n\n<p>H\u00e4\u00e4kortteja, onnittelukortteja, joulukortteja, kansallisia kortteja, kiitoskortteja ja paljon muuta. K\u00e4sintehty kortti on kuin oma taideteoksensa, joka on ainutlaatuinen ja ilmaisee toiveesi kauneimmalla tavalla. K\u00e4sintehty kortti erottuu tavallisesta ja tarjoaa iloa silm\u00e4lle vuosiksi.  <\/p>\n\n<\/div><\/div>\n\n<div class=\"gb-grid-column gb-grid-column-0e393856\"><div class=\"gb-container gb-container-0e393856\">\n<h3 class=\"gb-headline gb-headline-bce079ec gb-headline-text\" id=\"kirjontoja\">Kirjontoja<\/h3>\n\n\n<p>Kirjonnoilla on mahdollista lis\u00e4t\u00e4 kauneutta ja luonnetta niin vaatteisiin, kodintekstiileihin, pehmeisiin esineisiin kuin koruihinkin. Niist\u00e4 suosituimmiksi ovat nousseet vauvojen asusteet: kirjonnalla koristellut vauvanpeitot, pehmolelut, ruokalaput, vauvakortit ja paljon muuta. <\/p>\n\n<\/div><\/div>\n\n<div class=\"gb-grid-column gb-grid-column-ca109196\"><div class=\"gb-container gb-container-ca109196\">\n<h3 class=\"gb-headline gb-headline-e079bf0a gb-headline-text\" id=\"haaasusteita\">H\u00e4\u00e4asusteita<\/h3>\n\n\n<p>K\u00e4sintehdyt koristeet ja kirjonnat luovat h\u00e4\u00e4juhlaan omia muistoja ja tunteita. Aloittaen k\u00e4sintehdyist\u00e4 kutsuista, h\u00e4\u00e4korteista, h\u00e4\u00e4albumeista, h\u00e4\u00e4arkuista, sormustyynyist\u00e4 paikkakortteihin, maljakoristeisiin ja vihkitodistusten kansiin asti \u2013 mahdollisuuksia luoda kauniita h\u00e4\u00e4asusteita on rajattomasti! <\/p>\n\n<\/div><\/div>\n\n<div class=\"gb-grid-column gb-grid-column-a881a4bb\"><div class=\"gb-container gb-container-a881a4bb\">\n<h3 class=\"gb-headline gb-headline-664df75d gb-headline-text\" id=\"brodeerauksia\">Brodeerauksia<\/h3>\n\n\n<p>Olipa kyseess\u00e4 yksitt\u00e4inen kirjonta tai suurempi yhteistilaus yritykselle \u2013 brodeerauksella on mahdollista luoda designeja ja kuvioita, jotka tekev\u00e4t esineest\u00e4si vaikuttavan.<\/p>\n\n<\/div><\/div>\n\n<div class=\"gb-grid-column gb-grid-column-bdc3c46d\"><div class=\"gb-container gb-container-bdc3c46d\">\n<h3 class=\"gb-headline gb-headline-8847aa9e gb-headline-text\" id=\"kirjonnalla-koristeltuja-kodintekstiileja\">Kirjonnalla koristeltuja kodintekstiilej\u00e4<\/h3>\n\n\n<p>P\u00f6yt\u00e4liinat, esiliinat, lautasen alustat, kupinaluset, k\u00e4sipyyhkeet, koristetyyny \u2013 silm\u00e4niloa tarjoava kirjonta tekee jokaisesta tekstiilist\u00e4 omaper\u00e4isen, ainutlaatuisen ja tyylikk\u00e4\u00e4n.<\/p>\n\n<\/div><\/div>\n\n<div class=\"gb-grid-column gb-grid-column-ff81ab09\"><div class=\"gb-container gb-container-ff81ab09\">\n<h3 class=\"gb-headline gb-headline-d1086003 gb-headline-text\" id=\"koruja\">Koruja<\/h3>\n\n\n<p>Kirjonnalla koristellut korut ovat uniikkeja ja ainutlaatuisia, sellaisia ei l\u00f6ydy kenelt\u00e4k\u00e4\u00e4n muulta. Hiuskorut, -klipsit, p\u00e4\u00e4pannat, kaulakorut, rannekorut \u2013 luovuudella ei ole t\u00e4ss\u00e4 rajoja. <\/p>\n\n<\/div><\/div>\n<\/div><p class=\"gb-headline gb-headline-ffd1c1a1 gb-headline-text\">Pallas Design haluaa aina erottua ja luoda taidetta oman tunteensa pohjalta, mik\u00e4 ylitt\u00e4\u00e4 tavanomaisen. Jokainen yksityiskohta on luotu sielulla ja rakkaudella, ollen erityisen ainutlaatuinen. N\u00e4in voit olla varma, ett\u00e4 kyseess\u00e4 on ainutlaatuinen ja persoonallinen teos, jota ei ole kenell\u00e4k\u00e4\u00e4n muulla.  <\/p>\n<p>Syit\u00e4, miksi sinun tulisi tilata Pallas Designin luomuksia, on lukemattomia. Voit olla varma, ett\u00e4 luomuksissamme on aina k\u00e4ytetty vain laadukkaimpia materiaaleja. Avainsanat, joista l\u00e4hdemme, ovat:  <\/p>\n\n<ul class=\"wp-block-list\">\n<li>yksityiskohtainen ty\u00f6;<\/li>\n\n\n\n<li>hyv\u00e4 hinta-laatusuhde;<\/li>\n\n\n\n<li>ainutlaatuinen lopputulos, jota et l\u00f6yd\u00e4 mist\u00e4\u00e4n muualta.<\/li>\n<\/ul>\n\n<p><strong>Jos sinulla on idea, kerro siit\u00e4 meille \u2013 me toteutamme sen todellisuudeksi!<\/strong><\/p>\n","protected":false},"excerpt":{"rendered":"<p>Pallas Design luo ainutlaatuista taidetta &#8221;Olen harrastanut k\u00e4sit\u00f6it\u00e4 lapsuudesta l\u00e4htien, ja intohimo alaa kohtaan on vain kasvanut ajan my\u00f6t\u00e4.&#8221; Koen, ett\u00e4 itsens\u00e4 kehitt\u00e4minen ja luovuus ovat elinik\u00e4inen prosessi, jonka oppiminen ei lopu koskaan. L\u00f6yd\u00e4n inspiraatiota rakkaudesta ja luonnosta, arjen askareista, v\u00e4reist\u00e4, ymp\u00e4r\u00f6iv\u00e4st\u00e4 ymp\u00e4rist\u00f6st\u00e4, mielenkiintoisista hahmoista ja t\u00e4m\u00e4nhetkisist\u00e4 trendeist\u00e4. Panen luomuksiini sieluni, jotta jokainen esine olisi &#8230; <\/p>\n<p class=\"read-more-container\"><a title=\"Meist\u00e4\" class=\"read-more button\" href=\"https:\/\/dev2.pallasdesign.ee\/fi\/meista-virolainen-kasityo\/#more-19151\" aria-label=\"Lue lis\u00e4\u00e4 aiheesta Meist\u00e4\">Lue lis\u00e4\u00e4<\/a><\/p>\n","protected":false},"author":2,"featured_media":0,"parent":0,"menu_order":0,"comment_status":"closed","ping_status":"closed","template":"","meta":{"footnotes":""},"class_list":{"0":"post-19151","1":"page","2":"type-page","3":"status-publish","5":"no-featured-image-padding"},"_links":{"self":[{"href":"https:\/\/dev2.pallasdesign.ee\/fi\/wp-json\/wp\/v2\/pages\/19151","targetHints":{"allow":["GET"]}}],"collection":[{"href":"https:\/\/dev2.pallasdesign.ee\/fi\/wp-json\/wp\/v2\/pages"}],"about":[{"href":"https:\/\/dev2.pallasdesign.ee\/fi\/wp-json\/wp\/v2\/types\/page"}],"author":[{"embeddable":true,"href":"https:\/\/dev2.pallasdesign.ee\/fi\/wp-json\/wp\/v2\/users\/2"}],"replies":[{"embeddable":true,"href":"https:\/\/dev2.pallasdesign.ee\/fi\/wp-json\/wp\/v2\/comments?post=19151"}],"version-history":[{"count":6,"href":"https:\/\/dev2.pallasdesign.ee\/fi\/wp-json\/wp\/v2\/pages\/19151\/revisions"}],"predecessor-version":[{"id":21621,"href":"https:\/\/dev2.pallasdesign.ee\/fi\/wp-json\/wp\/v2\/pages\/19151\/revisions\/21621"}],"wp:attachment":[{"href":"https:\/\/dev2.pallasdesign.ee\/fi\/wp-json\/wp\/v2\/media?parent=19151"}],"curies":[{"name":"wp","href":"https:\/\/api.w.org\/{rel}","templated":true}]}}