{"id":22066,"date":"2023-09-08T12:36:20","date_gmt":"2023-09-08T09:36:20","guid":{"rendered":"https:\/\/dev2.pallasdesign.ee\/meista-virolainen-kasityo\/pallas-design-myyntiehdot\/"},"modified":"2025-11-30T23:57:05","modified_gmt":"2025-11-30T21:57:05","slug":"pallas-design-myyntiehdot","status":"publish","type":"page","link":"https:\/\/dev2.pallasdesign.ee\/fi\/myyntiehdot\/","title":{"rendered":"Pallas Design myyntiehdot"},"content":{"rendered":"<h3 class=\"wp-block-heading\" id=\"1-myyntiehtojen-soveltamisala-ja-voimassaolo\">1. Myyntiehtojen soveltamisala ja voimassaolo<\/h3>\n\n\n<p>1.1. Myyntiehdot ovat voimassa myyj\u00e4n, Pallas Design O\u00dc:n (rekisterinumero 16585391, osoite Hoburaua 21, 13523 Tallinn, Viro, s\u00e4hk\u00f6posti info@pallasdesign.ee, j\u00e4ljemp\u00e4n\u00e4 Myyj\u00e4), ja ostajan (j\u00e4ljemp\u00e4n\u00e4 Ostaja) v\u00e4lill\u00e4 teht\u00e4viss\u00e4 tuotteen ostoa koskevissa oikeussuhteissa verkkokaupan osoitteessa www.pallasdesign.ee (j\u00e4ljemp\u00e4n\u00e4 Verkkokauppa).<\/p>\n\n\n\n<p>1.2. Verkkokaupan kautta tehtyihin ostoksiin sovelletaan n\u00e4iden myyntiehtojen lis\u00e4ksi voimassa olevaa Viron tasavallan lains\u00e4\u00e4d\u00e4nt\u00f6\u00e4. <\/p>\n\n\n\n<p>1.3. Myyj\u00e4ll\u00e4 on oikeus muuttaa myyntiehtoja ja hinnastoa Verkkokaupan kehitt\u00e4misen ja turvallisemman k\u00e4yt\u00f6n varmistamiseksi. Muutokset astuvat voimaan niiden julkaisemisesta l\u00e4htien verkkosivustolla <a href=\"https:\/\/dev2.pallasdesign.ee\/fi\/\">www.pallasdesign.ee<\/a>. Mik\u00e4li Ostaja on tehnyt tilauksen ennen muutosten voimaantuloa, sovelletaan tilaushetkell\u00e4 voimassa olleita myyntiehtoja, ellei laissa tai myyntiehdoissa toisin m\u00e4\u00e4r\u00e4t\u00e4.<\/p>\n\n\n<h3 class=\"wp-block-heading\" id=\"2-hinta\">2. Hinta<\/h3>\n\n\n<p>2.1. Verkkokaupassa myyt\u00e4vien tuotteiden hinnat ilmoitetaan euroina ja hinnat sis\u00e4lt\u00e4v\u00e4t Viron arvonlis\u00e4veron.<\/p>\n\n\n\n<p>2.2. Tuotteen hintaan lis\u00e4t\u00e4\u00e4n toimituskulut, jotka lasketaan Ostajan ostoskorissa toimitustavan valinnan j\u00e4lkeen.<\/p>\n\n\n\n<p>2.3. Myyj\u00e4ll\u00e4 on oikeus tarkistaa tuotteiden tai palveluiden hintoja. Jos Ostaja on tehnyt tilauksen ennen hinnanmuutosta, sovelletaan Ostajaan sit\u00e4 hintaa, joka oli laskussa n\u00e4ht\u00e4vill\u00e4 tilauksen tekohetkell\u00e4, paitsi tapauksissa, joissa v\u00e4\u00e4r\u00e4 hinta on ilmoitettu Verkkokaupassa virheellisesti tai kyseess\u00e4 on ollut tekninen virhe tai h\u00e4iri\u00f6.<\/p>\n\n\n<h3 class=\"wp-block-heading\" id=\"3-ostoskori-ja-tilauksen-tekeminen\">3. Ostoskori ja tilauksen tekeminen<\/h3>\n\n\n<p>3.1. Ostajan ostoskori muodostuu, kun h\u00e4n klikkaa painiketta &#8221;Lis\u00e4\u00e4 ostoskoriin&#8221;.<\/p>\n\n\n\n<p>3.2. Ostoskorissa olevien tuotteiden m\u00e4\u00e4r\u00e4\u00e4 voidaan muuttaa kent\u00e4ss\u00e4 &#8221;m\u00e4\u00e4r\u00e4&#8221;. Tilauksen tekemiseksi tulee klikata painiketta &#8221;Siirry kassalle&#8221;. Ostaja ohjataan tilauksen vahvistussivulle.<\/p>\n\n\n\n<p>3.3. Tilauksen voi tehd\u00e4 rekister\u00f6itym\u00e4tt\u00e4 tai rekister\u00f6itym\u00e4ll\u00e4 k\u00e4ytt\u00e4j\u00e4ksi. Tilauksen tekemisen yhteydess\u00e4 tulee sy\u00f6tt\u00e4\u00e4 vaadittavat tiedot, valita toimitustapa ja maksutapa sek\u00e4 klikata painiketta &#8221;L\u00e4het\u00e4 tilaus&#8221;.<\/p>\n\n\n\n<p>3.4. Mik\u00e4li tuotteessa on merkint\u00e4 \u201dLoppu varastosta\u201d, kyseist\u00e4 tuotetta ei voi tilata Verkkokaupasta. T\u00e4llaisen tuotteen tilaamiseksi tulee olla yhteydess\u00e4 asiakaspalveluun \u2013 l\u00e4hett\u00e4m\u00e4ll\u00e4 s\u00e4hk\u00f6postia osoitteeseen info@pallasdesign.ee tai soittamalla numeroon +372 50 34 400 (viroksi).<\/p>\n\n\n\n<p>3.5. Tilauksen vahvistussivulla tietoja t\u00e4ytett\u00e4ess\u00e4 tulee olla huolellinen, sill\u00e4 tietojen oikeellisuus vaikuttaa ostetun tuotteen nopeaan ja h\u00e4iri\u00f6tt\u00f6m\u00e4\u00e4n toimitukseen. Myyj\u00e4 ei vastaa Ostajan antamien virheellisten tietojen aiheuttamista toimitusongelmista tai muista seurauksista.<\/p>\n\n\n\n<p>3.6. Myyntisopimus katsotaan syntyneeksi ja tilauksen k\u00e4sittely aloitetaan, kun tilaus on tehty ja laskussa mainittu summa on kokonaisuudessaan saapunut Myyj\u00e4n pankkitilille.<\/p>\n\n\n\n<p>3.7. Mik\u00e4li tilattua tuotetta ei ole mahdollista toimittaa Ostajalle (esim. tuotteen loppumisen tai muun syyn vuoksi), Ostajalle ilmoitetaan asiasta mahdollisimman pian ja h\u00e4nelle tarjotaan korvaavaa tuotetta tai maksun palauttamista. Maksun palautus voi maksutavasta riippuen kest\u00e4\u00e4 enint\u00e4\u00e4n 7 arkip\u00e4iv\u00e4\u00e4.<\/p>\n\n\n\n<p>3.8. Verkkokaupassa esitetyt tuotekuvat ovat havainnollistavia ja voivat poiketa varsinaisesta tuotteesta. Verkkokaupassa olevat tuotekuvaukset eiv\u00e4t v\u00e4ltt\u00e4m\u00e4tt\u00e4 ole kattavia.<\/p>\n\n\n\n<p>3.9. Asiakastuki on tavoitettavissa s\u00e4hk\u00f6postitse osoitteessa info@pallasdesign.ee. S\u00e4hk\u00f6posteihin vastataan arkip\u00e4ivisin mahdollisimman pian.<\/p>\n\n\n<h3 class=\"wp-block-heading\" id=\"4-maksaminen\">4. Maksaminen<\/h3>\n\n\n<p>4.1. Maksutavan valinta tehd\u00e4\u00e4n tilauksen vahvistussivulla (pankkimaksulinkki tai pankkisiirto). Tilausvahvistuksen j\u00e4lkeen Ostajalle l\u00e4hetet\u00e4\u00e4n my\u00f6s s\u00e4hk\u00f6postitse lasku. Ostajan on suositeltavaa varmistaa, ett\u00e4 laskussa olevat tiedot vastaavat h\u00e4nen tilaustaan. Mik\u00e4li Ostaja valitsi maksutavaksi pankkimaksulinkin, h\u00e4net ohjataan valittuun pankkiin maksamaan tilaus.<\/p>\n\n\n\n<p><strong>4.2. Maksutavat:<\/strong><\/p>\n\n\n\n<p>4.2.1. Maksu pankkimaksulinkill\u00e4<\/p>\n\n\n\n<p>4.2.2. Maksu pankkisiirrolla s\u00e4hk\u00f6postitse l\u00e4hetetyn laskun perusteella<\/p>\n\n\n\n<p>4.2.3. Kaikki maksut suoritetaan euroina.<\/p>\n\n\n\n<p><strong>4.3. Maksuehdot:<\/strong><\/p>\n\n\n\n<p>4.3.1. Ennakkolaskutus \u2013 100 % laskussa mainitusta summasta tulee maksaa tilauksen yhteydess\u00e4.<\/p>\n\n\n<h3 class=\"wp-block-heading\" id=\"5-toimitus-ja-luovutus\">5. Toimitus ja luovutus<\/h3>\n\n\n<p><strong>5.1. Tilauksen yhteydess\u00e4 voidaan valita sopiva toimitustapa:<\/strong><\/p>\n\n\n\n<p>5.1.1. SmartPost\/Posti-pakettiautomaatti \u2013 tilaus toimitetaan Ostajan valitsemaan pakettiautomaattiin. Toimituskulut lis\u00e4t\u00e4\u00e4n tuotteen hintaan ja ne voivat riippua tuotteen mitoista. L\u00e4hetyksest\u00e4 ilmoitetaan Ostajalle s\u00e4hk\u00f6postitse. Kun paketti on noudettavissa, Ostaja saa ilmoituksen (SMS ja\/tai s\u00e4hk\u00f6posti), jossa on ovikoodi paketin noutamiseksi. SmartPost-pakettiautomaattien sijainnit Virossa l\u00f6ytyv\u00e4t <a href=\"https:\/\/www.smartposti.ee\/teeninduspunktid\" rel=\"nofollow noopener\" target=\"_blank\"><strong>T\u00c4\u00c4LT\u00c4<\/strong><\/a> ja Posti-pakettiautomaattien sijainnit Suomessa <strong><a href=\"https:\/\/www.posti.fi\/palvelupisteet-kartalla\" rel=\"nofollow noopener\" target=\"_blank\">T\u00c4\u00c4LT\u00c4<\/a><\/strong><\/p>\n\n\n\n<p>5.1.2. Omniva-pakettiautomaatti \u2013 tilaus toimitetaan Ostajan valitsemaan pakettiautomaattiin. Toimituskulut lis\u00e4t\u00e4\u00e4n tuotteen hintaan ja ne voivat riippua tuotteen mitoista. L\u00e4hetyksest\u00e4 ilmoitetaan Ostajalle s\u00e4hk\u00f6postitse. Kun paketti on noudettavissa, Ostaja saa ilmoituksen (SMS ja\/tai s\u00e4hk\u00f6posti), jossa on ovikoodi paketin noutamiseksi. Omniva-pakettiautomaattien sijainnit Virossa l\u00f6ytyv\u00e4t <a href=\"https:\/\/www.omniva.ee\/asukohad\" rel=\"nofollow noopener\" target=\"_blank\"><strong>T\u00c4\u00c4LT\u00c4<\/strong><\/a><\/p>\n\n\n\n<p>5.1.3. DPD-pakettiautomaatti \u2013 tilaus toimitetaan Ostajan valitsemaan pakettiautomaattiin. Toimituskulut lis\u00e4t\u00e4\u00e4n tuotteen hintaan ja ne voivat riippua tuotteen mitoista. L\u00e4hetyksest\u00e4 ilmoitetaan Ostajalle s\u00e4hk\u00f6postitse. Kun paketti on noudettavissa, Ostaja saa ilmoituksen (SMS ja\/tai s\u00e4hk\u00f6posti), jossa on ovikoodi paketin noutamiseksi. DPD-pakettiautomaattien sijainnit Virossa l\u00f6ytyv\u00e4t <a href=\"https:\/\/www.dpd.com\/ee\/et\/kattesaamine\/pakiautomaadid\/\" rel=\"nofollow noopener\" target=\"_blank\"><strong>T\u00c4\u00c4LT\u00c4<\/strong><\/a><\/p>\n\n\n<h3 class=\"wp-block-heading\" id=\"6-peruuttamisoikeus\">6. Peruuttamisoikeus<\/h3>\n\n\n<p>6.1. Ostajalla on oikeus peruuttaa Verkkokaupassa tehty sopimus 14 p\u00e4iv\u00e4n kuluessa tuotteen vastaanottamisesta.<\/p>\n\n\n\n<p>6.2. Peruuttamisoikeus koskee vain tuotteita, joita ei ole k\u00e4ytetty, ja joiden pakkaus sek\u00e4 tuote- ja hintalaput ovat vahingoittumattomia. Palautuskustannuksista vastaa Ostaja.<\/p>\n\n\n\n<p>6.3. Peruuttamisoikeus ei koske tuotteita, jotka on tilattu tai valmistettu Ostajan toiveiden mukaisesti ja jotka ovat toimitettu virheett\u00f6m\u00e4n\u00e4 ja k\u00e4ytt\u00f6kuntoisena. Peruuttamisoikeus ei my\u00f6sk\u00e4\u00e4n koske tuotteita, jotka on personoitu esimerkiksi konekirjonnalla (henkil\u00f6kohtaisella brodeerauksella).<\/p>\n\n\n\n<p>6.4. Peruuttamisoikeus ei koske digitaalista sis\u00e4lt\u00f6\u00e4, jota ei toimiteta fyysisell\u00e4 tietov\u00e4lineell\u00e4 (esim. e-kirjat, ladattavat mallit, kirjontatiedostot jne.).<\/p>\n\n\n\n<p>6.5. Peruuttamisoikeus ei koske yritysasiakkaita<\/p>\n\n\n\n<p>6.6. 14 p\u00e4iv\u00e4n peruuttamisoikeuden k\u00e4ytt\u00e4miseksi tuotetta ei saa k\u00e4ytt\u00e4\u00e4 muulla tavalla kuin mik\u00e4 on tarpeellista tuotteen ominaisuuksien, luonteen ja toimivuuden toteamiseksi samalla tavalla kuin tuotetta voisi testata fyysisess\u00e4 myym\u00e4l\u00e4ss\u00e4.<\/p>\n\n\n\n<p>6.7. Jos tuotetta on k\u00e4ytetty muulla tavoin tai siin\u00e4 ilmenee kulumisen merkkej\u00e4, Myyj\u00e4ll\u00e4 on oikeus kielt\u00e4yty\u00e4 tuotteen takaisinottamisesta.<\/p>\n\n\n\n<p>6.8. Tuotteen palautusta varten tulee toimittaa kirjallinen peruuttamisilmoitus s\u00e4hk\u00f6postitse osoitteeseen info@pallasdesign.ee viimeist\u00e4\u00e4n 14 p\u00e4iv\u00e4n kuluessa tuotteen vastaanottamisesta. Ilmoitukseen tulee liitt\u00e4\u00e4:<\/p>\n\n\n\n<ul class=\"wp-block-list\">\n<li>palautettava tuote<\/li>\n\n\n\n<li>palautuksen syy<\/li>\n\n\n\n<li>pankkitilin numero maksun palautusta varten<\/li>\n\n\n\n<li>laskun numero<\/li>\n\n\n\n<li>Ostajan nimi ja puhelinnumero<\/li>\n<\/ul>\n\n\n\n<p>6.9. Palautettava tuote tulee l\u00e4hett\u00e4\u00e4 osoitteeseen Pallas Design O\u00dc, Hoburaua 21, 13523 Tallinn, Viro.<\/p>\n\n\n\n<p>6.10. Myyj\u00e4 palauttaa Ostajalle tuotteen hinnan viimeist\u00e4\u00e4n 14 p\u00e4iv\u00e4n kuluessa peruuttamisilmoituksen vastaanottamisesta. Toimituskuluja ei palauteta.<\/p>\n\n\n\n<p>6.11. Palautuskustannuksista vastaa Ostaja, ellei palautuksen syyn\u00e4 ole virheellinen tai viallinen tuote.<\/p>\n\n\n\n<p>6.12. Ostajan tulee palauttaa tuote 14 p\u00e4iv\u00e4n kuluessa peruuttamisilmoituksen l\u00e4hett\u00e4misest\u00e4.<\/p>\n\n\n\n<p>6.13. Myyj\u00e4 voi pid\u00e4tt\u00e4yty\u00e4 maksun palautuksesta, kunnes tuote on saatu takaisin.<\/p>\n\n\n\n<p>6.14. Myyj\u00e4ll\u00e4 on oikeus peruuttaa kauppa ja vaatia tuotteen palautusta, jos Verkkokaupassa ilmoitettu hinta on virheellisesti ollut huomattavasti alempi kuin tuotteen markkinahinta.<\/p>\n\n\n<h3 class=\"wp-block-heading\" id=\"7-reklamaatiooikeus\">7. Reklamaatio-oikeus<\/h3>\n\n\n<p>7.1. Myyj\u00e4 vastaa Ostajalle myydyn tuotteen sopimuksenvastaisuudesta tai virheest\u00e4, joka on ollut olemassa tuotteen luovutushetkell\u00e4.<\/p>\n\n\n\n<p>7.2. Myyj\u00e4 ei vastaa virheist\u00e4, jotka ovat syntyneet tuotteen luovutuksen j\u00e4lkeen Ostajan toiminnan tai toimimattomuuden seurauksena (esim. v\u00e4\u00e4r\u00e4 k\u00e4ytt\u00f6tapa, tapaturma jne.) tai jos kyseess\u00e4 on tuotteen normaalista k\u00e4yt\u00f6st\u00e4 johtuva tavanomainen kuluminen.<\/p>\n\n\n\n<p>7.3. Ostajalla on oikeus esitt\u00e4\u00e4 reklamaatio viimeist\u00e4\u00e4n kahden kuukauden kuluessa virheen havaitsemisesta l\u00e4hett\u00e4m\u00e4ll\u00e4 s\u00e4hk\u00f6postia osoitteeseen info@pallasdesign.ee tai soittamalla numeroon +372 50 34 400 (viroksi).<\/p>\n\n\n\n<p>7.4. Jos Verkkokaupasta ostetussa tuotteessa ilmenee virheit\u00e4, joista Myyj\u00e4 on vastuussa, Myyj\u00e4 sitoutuu korjaamaan virheet. Mik\u00e4li tuotetta ei ole mahdollista korjata, se vaihdetaan uuteen. Mik\u00e4li tuotetta ei ole mahdollista korjata eik\u00e4 vaihtaa, Myyj\u00e4 palauttaa Ostajalle koko kauppahinnan.<\/p>\n\n\n\n<p>7.5. Myyj\u00e4 vastaa Ostajan esitt\u00e4m\u00e4\u00e4n reklamaatioon kirjallisesti tai kirjallisesti todennettavassa muodossa 14 p\u00e4iv\u00e4n kuluessa.<\/p>\n\n\n\n<p>7.6. Mik\u00e4li tuotteessa on ilmennyt vika tai puute, t\u00e4st\u00e4 tulee ilmoittaa s\u00e4hk\u00f6postitse osoitteeseen info@pallasdesign.ee. Ilmoitukseen pyyd\u00e4mme liitt\u00e4m\u00e4\u00e4n seuraavat tiedot:<\/p>\n\n\n\n<ul class=\"wp-block-list\">\n<li>tuotteen viat<\/li>\n\n\n\n<li>valokuvat vioista<\/li>\n\n\n\n<li>laskun numero<\/li>\n\n\n\n<li>Ostajan nimi ja puhelinnumero<\/li>\n<\/ul>\n\n\n<h3 class=\"wp-block-heading\" id=\"8-suoramarkkinointi-ja-henkilotietojen-kasittely\">8. Suoramarkkinointi ja henkil\u00f6tietojen k\u00e4sittely<\/h3>\n\n\n<p>8.1. Verkkokauppa k\u00e4ytt\u00e4\u00e4 Ostajan antamia henkil\u00f6tietoja (mm. nimi, puhelinnumero, osoite, s\u00e4hk\u00f6postiosoite, pankkitiedot) ainoastaan tilauksen k\u00e4sittelyyn ja tuotteen toimittamiseen Ostajalle. Verkkokauppa v\u00e4litt\u00e4\u00e4 kuljetuspalveluntarjoajille Ostajan henkil\u00f6tietoja ainoastaan toimituksen toteuttamiseksi.<\/p>\n\n\n\n<p>8.2. Verkkokauppa l\u00e4hett\u00e4\u00e4 uutiskirjeit\u00e4 ja tarjouksia Ostajan s\u00e4hk\u00f6postiosoitteeseen vain siin\u00e4 tapauksessa, ett\u00e4 Ostaja on itse antanut t\u00e4h\u00e4n suostumuksen sy\u00f6tt\u00e4m\u00e4ll\u00e4 s\u00e4hk\u00f6postiosoitteensa verkkosivustolle ja ilmoittamalla halukkuutensa vastaanottaa suoramarkkinointia.<\/p>\n\n\n\n<p>8.3. Ostaja voi milloin tahansa peruuttaa suoramarkkinointiviestien ja uutiskirjeiden vastaanoton ilmoittamalla asiasta Myyj\u00e4lle s\u00e4hk\u00f6postitse tai seuraamalla tarjouksia sis\u00e4lt\u00e4v\u00e4ss\u00e4 s\u00e4hk\u00f6postissa olevia ohjeita.<\/p>\n\n\n<h3 class=\"wp-block-heading\" id=\"9-riitojen-ratkaiseminen\">9. Riitojen ratkaiseminen<\/h3>\n\n\n<p>9.1. Mik\u00e4li Ostajalla on Verkkokauppaan liittyvi\u00e4 reklamaatioita tai vaatimuksia, ne tulee osoittaa s\u00e4hk\u00f6postitse osoitteeseen info@pallasdesign.ee<\/p>\n\n\n\n<p>9.2. Mik\u00e4li Ostaja ja Myyj\u00e4 eiv\u00e4t p\u00e4\u00e4se sopuun neuvotteluteitse, Ostajalla on oikeus k\u00e4\u00e4nty\u00e4 Kuluttajariitalautakunnan puoleen. Lautakunta k\u00e4sittelee Ostajan ja Myyj\u00e4n v\u00e4lisi\u00e4 sopimukseen perustuvia riitoja. Valituksen k\u00e4sittely lautakunnassa on maksutonta.<\/p>\n\n\n\n<p>9.3. Ostaja voi halutessaan k\u00e4\u00e4nty\u00e4 my\u00f6s Euroopan unionin verkkov\u00e4litteisen riidanratkaisualustan puoleen.<\/p>\n","protected":false},"excerpt":{"rendered":"<p>1. Myyntiehtojen soveltamisala ja voimassaolo 1.1. Myyntiehdot ovat voimassa myyj\u00e4n, Pallas Design O\u00dc:n (rekisterinumero 16585391, osoite Hoburaua 21, 13523 Tallinn, Viro, s\u00e4hk\u00f6posti info@pallasdesign.ee, j\u00e4ljemp\u00e4n\u00e4 Myyj\u00e4), ja ostajan (j\u00e4ljemp\u00e4n\u00e4 Ostaja) v\u00e4lill\u00e4 teht\u00e4viss\u00e4 tuotteen ostoa koskevissa oikeussuhteissa verkkokaupan osoitteessa www.pallasdesign.ee (j\u00e4ljemp\u00e4n\u00e4 Verkkokauppa). 1.2. Verkkokaupan kautta tehtyihin ostoksiin sovelletaan n\u00e4iden myyntiehtojen lis\u00e4ksi voimassa olevaa Viron tasavallan lains\u00e4\u00e4d\u00e4nt\u00f6\u00e4. 1.3. &#8230; <\/p>\n<p class=\"read-more-container\"><a title=\"Pallas Design myyntiehdot\" class=\"read-more button\" href=\"https:\/\/dev2.pallasdesign.ee\/fi\/myyntiehdot\/#more-22066\" aria-label=\"Lue lis\u00e4\u00e4 aiheesta Pallas Design myyntiehdot\">Lue lis\u00e4\u00e4<\/a><\/p>\n","protected":false},"author":2,"featured_media":0,"parent":19151,"menu_order":0,"comment_status":"closed","ping_status":"closed","template":"","meta":{"footnotes":""},"class_list":{"0":"post-22066","1":"page","2":"type-page","3":"status-publish","5":"no-featured-image-padding"},"_links":{"self":[{"href":"https:\/\/dev2.pallasdesign.ee\/fi\/wp-json\/wp\/v2\/pages\/22066","targetHints":{"allow":["GET"]}}],"collection":[{"href":"https:\/\/dev2.pallasdesign.ee\/fi\/wp-json\/wp\/v2\/pages"}],"about":[{"href":"https:\/\/dev2.pallasdesign.ee\/fi\/wp-json\/wp\/v2\/types\/page"}],"author":[{"embeddable":true,"href":"https:\/\/dev2.pallasdesign.ee\/fi\/wp-json\/wp\/v2\/users\/2"}],"replies":[{"embeddable":true,"href":"https:\/\/dev2.pallasdesign.ee\/fi\/wp-json\/wp\/v2\/comments?post=22066"}],"version-history":[{"count":19,"href":"https:\/\/dev2.pallasdesign.ee\/fi\/wp-json\/wp\/v2\/pages\/22066\/revisions"}],"predecessor-version":[{"id":22093,"href":"https:\/\/dev2.pallasdesign.ee\/fi\/wp-json\/wp\/v2\/pages\/22066\/revisions\/22093"}],"up":[{"embeddable":true,"href":"https:\/\/dev2.pallasdesign.ee\/fi\/wp-json\/wp\/v2\/pages\/19151"}],"wp:attachment":[{"href":"https:\/\/dev2.pallasdesign.ee\/fi\/wp-json\/wp\/v2\/media?parent=22066"}],"curies":[{"name":"wp","href":"https:\/\/api.w.org\/{rel}","templated":true}]}}