{"id":22120,"date":"2023-08-31T15:52:15","date_gmt":"2023-08-31T12:52:15","guid":{"rendered":"https:\/\/dev2.pallasdesign.ee\/meista-virolainen-kasityo\/pallas-design-tietosuojaseloste\/"},"modified":"2025-12-02T11:23:59","modified_gmt":"2025-12-02T09:23:59","slug":"pallas-design-tietosuojaseloste","status":"publish","type":"page","link":"https:\/\/dev2.pallasdesign.ee\/fi\/tietosuojaseloste\/","title":{"rendered":"Pallas Design Tietosuojaseloste"},"content":{"rendered":"\n<p>Pallas Design O\u00dc on sitoutunut suojaamaan asiakkaidensa yksityisyytt\u00e4. T\u00e4m\u00e4n periaatteen mukaisesti olemme laatineet t\u00e4m\u00e4n tietosuojaselosteen, jossa k\u00e4sitell\u00e4\u00e4n henkil\u00f6tietojen ker\u00e4\u00e4mist\u00e4, k\u00e4ytt\u00f6\u00e4, luovuttamista, siirt\u00e4mist\u00e4 ja s\u00e4ilytt\u00e4mist\u00e4. Verkkotoimintamme on kaikilta osin Euroopan unionin lains\u00e4\u00e4d\u00e4nn\u00f6n sek\u00e4 Viron tasavallan voimassa olevien lakien mukaista.  <\/p>\n<h2 class=\"wp-block-heading has-accent-color has-text-color has-link-color wp-elements-3ce66ae297395b5b63439476af6df390\" id=\"henkilotietojen-kasittely-pallasdesignee-verkkokaupassa\">Henkil\u00f6tietojen k\u00e4sittely <a href=\"https:\/\/dev2.pallasdesign.ee\/fi\/\">pallasdesign.ee<\/a> -verkkokaupassa<\/h2>\n<p>K\u00e4sitelt\u00e4v\u00e4t henkil\u00f6tiedot<\/p>\n\n<ul class=\"wp-block-list\">\n<li>etu- ja sukunimi;<\/li>\n\n\n\n<li>puhelinnumero ja s\u00e4hk\u00f6postiosoite;<\/li>\n\n\n\n<li>k\u00e4ytt\u00e4j\u00e4tilin tiedot (k\u00e4ytt\u00e4j\u00e4tunnus, salasana);<\/li>\n\n\n\n<li>toimitusosoite (maakunta, kunta, katuosoite, talon numero, asunnon numero, postinumero);<\/li>\n\n\n\n<li>pankkitilin numero;<\/li>\n\n\n\n<li>tuotteiden ja palveluiden hinta sek\u00e4 maksutiedot (ostohistoria);<\/li>\n\n\n\n<li>asiakastuen ker\u00e4\u00e4m\u00e4t tiedot;<\/li>\n\n\n\n<li>IP-osoite;<\/li>\n\n\n\n<li>suostumus Pallas Designin k\u00e4ytt\u00f6ehtoihin sek\u00e4 suostumus markkinointiviestien vastaanottamiseen.<\/li>\n<\/ul>\n<h2 class=\"wp-block-heading has-accent-color has-text-color has-link-color wp-elements-e6de5dc2544d44472270e8fd9e2f47f9\" id=\"henkilotietojen-kasittelyn-tarkoitukset\">Henkil\u00f6tietojen k\u00e4sittelyn tarkoitukset<\/h2>\n<p>Henkil\u00f6tietoja k\u00e4ytet\u00e4\u00e4n k\u00e4ytt\u00e4j\u00e4tilien hallintaan, asiakkaan tilausten k\u00e4sittelyyn sek\u00e4 tuotteiden toimittamiseen. <\/p>\n\n<p>Ostohistoriaan liittyvi\u00e4 tietoja (ostop\u00e4iv\u00e4, tuote, m\u00e4\u00e4r\u00e4, asiakkaan tiedot) k\u00e4ytet\u00e4\u00e4n ostettujen tuotteiden yhteenvedon laatimiseen ja asiakaspreferenssien analysointiin. <\/p>\n\n<p>Pankkitilin numeroa k\u00e4ytet\u00e4\u00e4n maksusuoritusten tarkistamiseen sek\u00e4 palautusten suorittamiseen asiakkaalle. <\/p>\n\n<p>S\u00e4hk\u00f6postiosoitetta, puhelinnumeroa ja k\u00e4ytt\u00e4j\u00e4tunnusta k\u00e4sitell\u00e4\u00e4n tuotteiden myyntiin ja toimitukseen liittyvien kysymysten ratkaisemiseksi (asiakastuki). <\/p>\n\n<p>Verkkokaupan k\u00e4ytt\u00e4j\u00e4n IP-osoitetta ja muita verkkoidentifikaattoreita k\u00e4sitell\u00e4\u00e4n tietoyhteiskunnan palvelun tarjoamiseksi sek\u00e4 verkkoliikennetilastojen laatimiseksi.<\/p>\n<h2 class=\"wp-block-heading has-accent-color has-text-color has-link-color wp-elements-7a1696db4fbf785c84632cbb0b2513e9\" id=\"henkilotietojen-kasittelyn-oikeusperusteet\">Henkil\u00f6tietojen k\u00e4sittelyn oikeusperusteet<\/h2>\n<p>Henkil\u00f6tietojen k\u00e4sittely on tarpeen asiakkaan kanssa tehdyn sopimuksen t\u00e4ytt\u00e4miseksi (tilausten k\u00e4sittely, toimittaminen, tuotteiden ja maksujen palauttaminen).<\/p>\n\n<p>Henkil\u00f6tietojen k\u00e4sittely perustuu lakis\u00e4\u00e4teisen velvoitteen t\u00e4ytt\u00e4miseen (esim. kirjanpito).<\/p>\n\n<p>Henkil\u00f6tietojen k\u00e4sittely perustuu rekisterinpit\u00e4j\u00e4n oikeutettuun etuun, joka liittyy mahdollisten kuluttajariitojen ratkaisemiseen ja ostohistoriatietojen s\u00e4ilytt\u00e4miseen t\u00e4t\u00e4 varten.<\/p>\n<h2 class=\"wp-block-heading has-accent-color has-text-color has-link-color wp-elements-389941ff68d76e9530acc019f2988bca\" id=\"henkilotietojen-vastaanottajat-ja-siirtaminen\">Henkil\u00f6tietojen vastaanottajat ja siirt\u00e4minen<\/h2>\n<p>Pallas Design O\u00dc toimii verkkokaupan k\u00e4ytt\u00e4jien henkil\u00f6tietojen rekisterinpit\u00e4j\u00e4n\u00e4. Henkil\u00f6tietoja siirret\u00e4\u00e4n verkkokaupan asiakastuelle ostojen, ostohistorian sek\u00e4 asiakaspalautteiden k\u00e4sittelemiseksi. <\/p>\n\n<p>Henkil\u00f6tietoja siirret\u00e4\u00e4n my\u00f6s Myyj\u00e4lle myyntisopimuksen t\u00e4ytt\u00e4miseksi sek\u00e4 tilausten ja ostohistorian hallintaan ja asiakasongelmien ratkaisemiseen.<\/p>\n\n<p>Ostojen maksamiseen tarvittavat henkil\u00f6tiedot (kuten ostajan nimi, henkil\u00f6tunnus, yhteystiedot, henkil\u00f6llisyystodistuksen tiedot, maksukorttitiedot, pankkitilin numero, sijaintitiedot) siirret\u00e4\u00e4n valtuutetulle k\u00e4sittelij\u00e4lle Montonio Finance O\u00dc-lle.<\/p>\n\n<p>Asiakkaan nimi, puhelinnumero ja s\u00e4hk\u00f6postiosoite siirret\u00e4\u00e4n asiakkaan valitsemalle kuljetuspalvelun tarjoajalle. Mik\u00e4li tuote toimitetaan kuriirilla, siirret\u00e4\u00e4n lis\u00e4ksi asiakkaan ilmoittama toimitusosoite. <\/p>\n\n<p>Pallas Design O\u00dc siirt\u00e4\u00e4 henkil\u00f6tietoja kirjanpitopalvelun tarjoajalle kirjanpitotoimien suorittamiseksi.<\/p>\n\n<p>Henkil\u00f6tietoja voidaan siirt\u00e4\u00e4 my\u00f6s IT-palveluntarjoajille, kun se on tarpeen verkkokaupan toiminnallisuuden tai tietojen s\u00e4ilytyksen varmistamiseksi.<\/p>\n<h2 class=\"wp-block-heading has-accent-color has-text-color has-link-color wp-elements-788025a302a731322c96b760c7d5c33f\" id=\"henkilotietojen-suojaaminen-ja-paasy-tietoihin\">Henkil\u00f6tietojen suojaaminen ja p\u00e4\u00e4sy tietoihin<\/h2>\n<p>Pallas Design -verkkokauppa toteuttaa kaikki tarpeelliset varotoimet (hallinnolliset, tekniset ja fyysiset), jotta asiakkaan henkil\u00f6tiedot ovat suojattuja. Tietoihin p\u00e4\u00e4sev\u00e4t k\u00e4siksi vain ne henkil\u00f6t, joilla on siihen valtuutus. <\/p>\n\n<p>Henkil\u00f6tietoja s\u00e4ilytet\u00e4\u00e4n <a href=\"http:\/\/zone.ee\/\" rel=\"noreferrer noopener nofollow\" target=\"_blank\">Zone.ee-<\/a>n (Zone Media O\u00dc) palvelimilla EU-maassa tai ETA-alueella. Tietoja voidaan siirt\u00e4\u00e4 my\u00f6s maihin, joiden tietosuojan taso on Euroopan komission mukaan riitt\u00e4v\u00e4 sek\u00e4 USA:n yrityksille, jotka osallistuvat Privacy Shield -j\u00e4rjestelm\u00e4\u00e4n.<\/p>\n\n<p>P\u00e4\u00e4sy henkil\u00f6tietoihin on verkkokaupan ty\u00f6ntekij\u00f6ill\u00e4, jotka tarvitsevat tietoja teknisten kysymysten ratkaisemiseksi ja asiakastuen tarjoamiseksi.<\/p>\n\n<p>Verkkokauppa k\u00e4ytt\u00e4\u00e4 asianmukaisia fyysisi\u00e4, organisatorisia ja teknisi\u00e4 turvatoimia suojellakseen henkil\u00f6tietoja vahingossa tapahtuvaa tai laitonta tuhoamista, katoamista, muuttamista, luvattomia p\u00e4\u00e4syj\u00e4 ja tietojen julkistamista vastaan.<\/p>\n\n<p>Henkil\u00f6tietojen siirt\u00e4minen valtuutetuille k\u00e4sittelij\u00f6ille (esim. kuljetuspalvelu, tietojen s\u00e4ilytys) tapahtuu sopimusten perusteella, ja valtuutetut k\u00e4sittelij\u00e4t ovat velvollisia noudattamaan asianmukaisia suojausvaatimuksia. <\/p>\n<h2 class=\"wp-block-heading has-accent-color has-text-color has-link-color wp-elements-2ed0b3817a5bb5834bd7e77d690a8d94\" id=\"henkilotietojen-tarkastaminen-ja-korjaaminen\">Henkil\u00f6tietojen tarkastaminen ja korjaaminen<\/h2>\n<p>Henkil\u00f6tietoja voi tarkastella ja korjata omasta k\u00e4ytt\u00e4j\u00e4tilist\u00e4 tai ottamalla yhteytt\u00e4 s\u00e4hk\u00f6postitse osoitteeseen info@pallasdesign.ee. Jos ostos on tehty ilman k\u00e4ytt\u00e4j\u00e4tili\u00e4, henkil\u00f6tietoja voi tarkastaa ja muokata ainoastaan asiakastuen kautta. <\/p>\n<h2 class=\"wp-block-heading has-accent-color has-text-color has-link-color wp-elements-2875542c45a8796235935285fe07d183\" id=\"suostumuksen-peruuttaminen\">Suostumuksen peruuttaminen<\/h2>\n<p>Jos henkil\u00f6tietojen k\u00e4sittely perustuu asiakkaan antamaan suostumukseen, asiakas voi peruuttaa suostumuksen ilmoittamalla siit\u00e4 asiakastuelle s\u00e4hk\u00f6postitse.<\/p>\n<h2 class=\"wp-block-heading has-accent-color has-text-color has-link-color wp-elements-3717e1c4467a47d4752981da04a6b0bc\" id=\"tietojen-sailyttaminen\">Tietojen s\u00e4ilytt\u00e4minen<\/h2>\n<p>Kun verkkokaupan k\u00e4ytt\u00e4j\u00e4tili suljetaan, henkil\u00f6tiedot poistetaan, ellei tietoja ole tarpeen s\u00e4ilytt\u00e4\u00e4 kirjanpitoa tai kuluttajariitojen ratkaisemista varten.<\/p>\n\n<p>Jos ostos on tehty ilman k\u00e4ytt\u00e4j\u00e4tili\u00e4, ostohistoriaa s\u00e4ilytet\u00e4\u00e4n kolme vuotta.<\/p>\n\n<p>Maksuihin ja kuluttajariitoihin liittyvi\u00e4 henkil\u00f6tietoja s\u00e4ilytet\u00e4\u00e4n vaatimuksen t\u00e4ytt\u00e4miseen tai vanhentumisajan p\u00e4\u00e4ttymiseen saakka (kolme vuotta).<\/p>\n\n<p>Kirjanpitoa varten tarvittavia henkil\u00f6tietoja s\u00e4ilytet\u00e4\u00e4n seitsem\u00e4n vuotta.<\/p>\n<h2 class=\"wp-block-heading has-accent-color has-text-color has-link-color wp-elements-a8a1e3a6ffcea29f090d7483e46207d8\" id=\"kasittelyn-rajoittaminen\">K\u00e4sittelyn rajoittaminen<\/h2>\n<p>Asiakkaalla on oikeus pyyt\u00e4\u00e4 henkil\u00f6tietojensa k\u00e4sittelyn rajoittamista, jos tiedot ovat virheellisi\u00e4 tai puutteellisia tai jos tietoja k\u00e4sitell\u00e4\u00e4n lainvastaisesti.<\/p>\n<h2 class=\"wp-block-heading has-accent-color has-text-color has-link-color wp-elements-b8bb38a08d2675989d690d3ae82d024a\" id=\"vastustamisoikeus\">Vastustamisoikeus<\/h2>\n<p>Asiakkaalla on oikeus vastustaa henkil\u00f6tietojensa k\u00e4sittely\u00e4, jos h\u00e4nell\u00e4 on syyt\u00e4 ep\u00e4ill\u00e4, ett\u00e4 k\u00e4sittelylle ei ole laillista perustetta.<\/p>\n<h2 class=\"wp-block-heading has-accent-color has-text-color has-link-color wp-elements-f0da20ef2e77841794952c43613a911b\" id=\"tietojen-poistaminen\">Tietojen poistaminen<\/h2>\n<p>Tietojen poistamista varten tulee ottaa yhteytt\u00e4 asiakastukeen s\u00e4hk\u00f6postitse info@pallasdesign.ee.<\/p>\n\n<p>Poistamispyynt\u00f6\u00f6n vastataan viimeist\u00e4\u00e4n kuukauden kuluessa, ja asiakasta informoidaan poistamisen aikataulusta. Vastauksessa ilmoitetaan my\u00f6s ne tiedot, joita ei poisteta sek\u00e4 perustelu ja oikeusperuste s\u00e4ilytt\u00e4miselle. <\/p>\n<h2 class=\"wp-block-heading has-accent-color has-text-color has-link-color wp-elements-e424834d269c2d33b046f0e318eed7e2\" id=\"tietojen-siirtaminen\">Tietojen siirt\u00e4minen<\/h2>\n<p>S\u00e4hk\u00f6postitse l\u00e4hetettyihin tietojen siirtopyynt\u00f6ihin vastataan viimeist\u00e4\u00e4n kuukauden kuluessa. Asiakastuki varmistaa henkil\u00f6llisyyden ja tiedottaa siirrett\u00e4vist\u00e4 henkil\u00f6tiedoista. <\/p>\n<h2 class=\"wp-block-heading has-accent-color has-text-color has-link-color wp-elements-17bd305529ae18d2ca00ffdd60f6af24\" id=\"suoramarkkinointiviestit\">Suoramarkkinointiviestit<\/h2>\n<p>S\u00e4hk\u00f6postiosoitetta ja puhelinnumeroa k\u00e4ytet\u00e4\u00e4n suoramarkkinointiviestien l\u00e4hett\u00e4miseen, jos asiakas on antanut siihen suostumuksen. Mik\u00e4li asiakas ei halua vastaanottaa suoramarkkinointiviestej\u00e4, h\u00e4n voi k\u00e4ytt\u00e4\u00e4 s\u00e4hk\u00f6postin alalaidassa olevaa peruutuslinkki\u00e4 tai ottaa yhteytt\u00e4 asiakastukeen osoitteessa info@pallasdesign.ee <\/p>\n\n<p>Jos henkil\u00f6tietoja k\u00e4sitell\u00e4\u00e4n suoramarkkinointitarkoituksissa (profilointi), asiakkaalla on oikeus koska tahansa vastustaa henkil\u00f6tietojensa k\u00e4sittely\u00e4 sek\u00e4 suoramarkkinointia ett\u00e4 siihen liittyv\u00e4\u00e4 profilointia varten ilmoittamalla asiasta asiakastuelle s\u00e4hk\u00f6postitse.<\/p>\n<h2 class=\"wp-block-heading has-accent-color has-text-color has-link-color wp-elements-0cd9883d594b90013d7c7bb11bf2a269\" id=\"riitojen-ratkaiseminen\">Riitojen ratkaiseminen<\/h2>\n<p>Henkil\u00f6tietojen k\u00e4sittelyyn liittyv\u00e4t riidat ratkaistaan ensisijaisesti asiakastuen kautta osoitteessa info@pallasdesign.ee. Valvontaviranomainen on Viron tietosuojavirasto Andmekaitse Inspektsioon (info@aki.ee). <\/p>\n<h2 class=\"wp-block-heading has-accent-color has-text-color has-link-color wp-elements-c580192fd1b694035fe5be060923cd82\" id=\"kolmansien-osapuolten-evasteet\">Kolmansien osapuolten ev\u00e4steet<\/h2>\n<p>Ker\u00e4\u00e4mme k\u00e4ytt\u00e4jien tietoja my\u00f6s v\u00e4lillisesti ev\u00e4steiden (cookies) avulla. Pallas Design k\u00e4ytt\u00e4\u00e4 kolmansien osapuolten ev\u00e4steit\u00e4. Ev\u00e4steet ovat pieni\u00e4 tekstitiedostoja, jotka verkkopalvelin l\u00e4hett\u00e4\u00e4 k\u00e4ytt\u00e4j\u00e4n selaimeen ja jotka tallennetaan tietokoneen kiintolevylle. K\u00e4ytt\u00e4miemme kolmansien osapuolten ev\u00e4steiden ehdot l\u00f6ytyv\u00e4t palveluntarjoajien sivuilta:   <\/p>\n\n<ul class=\"wp-block-list\">\n<li><a href=\"https:\/\/policies.google.com\/technologies\/cookies\" rel=\"nofollow noopener\" target=\"_blank\">Google-palveluiden ev\u00e4ste-ehdot<\/a><\/li>\n\n\n\n<li><a href=\"https:\/\/www.facebook.com\/policies\/cookies\/\" rel=\"nofollow noopener\" target=\"_blank\">Facebookin ev\u00e4ste-ehdot<\/a><\/li>\n<\/ul>\n\n<p>Selainkohtaiset ohjeet ev\u00e4steiden hallintaan l\u00f6ytyv\u00e4t t\u00e4\u00e4lt\u00e4: <\/p>\n\n<ul class=\"wp-block-list\">\n<li><a href=\"https:\/\/support.google.com\/chrome\/answer\/95647?hl=en&amp;hlrm=en\" rel=\"nofollow noopener\" target=\"_blank\">Chrome\u2122<\/a><\/li>\n\n\n\n<li><a href=\"https:\/\/support.microsoft.com\/en-gb\/help\/17442\/windows-internet-explorer-delete-manage-cookies\" rel=\"nofollow noopener\" target=\"_blank\">Microsoft Edge\u2122<\/a><\/li>\n\n\n\n<li><a href=\"https:\/\/help.apple.com\/safari\/mac\/8.0\/en.lproj\/sfri11471.html\" rel=\"nofollow noopener\" target=\"_blank\">Safari\u2122<\/a><\/li>\n\n\n\n<li><a href=\"https:\/\/support.mozilla.org\/en-US\/kb\/enhanced-tracking-protection-firefox-desktop?redirectslug=enable-and-disable-cookies-website-preferences&amp;redirectlocale=en-US\" rel=\"nofollow noopener\" target=\"_blank\">Firefox\u2122<\/a><\/li>\n\n\n\n<li><a href=\"https:\/\/help.opera.com\/en\/latest\/web-preferences\/#cookies\" rel=\"nofollow noopener\" target=\"_blank\">Opera\u2122<\/a><\/li>\n<\/ul>\n\n<p>Huomaathan, ett\u00e4 ev\u00e4steiden est\u00e4minen voi rajoittaa p\u00e4\u00e4sy\u00e4 joihinkin verkkosivustomme toimintoihin.<\/p>\n<h2 class=\"wp-block-heading has-accent-color has-text-color has-link-color wp-elements-f7afcfa33cb05cacf722c0c25a15d1d2\" id=\"tietosuojakaytannon-ehdot-ja-muutokset\">Tietosuojak\u00e4yt\u00e4nn\u00f6n ehdot ja muutokset<\/h2>\n<p>Pallas Design O\u00dc pid\u00e4tt\u00e4\u00e4 oikeuden muuttaa tietosuojaselostetta tarvittaessa. K\u00e4ytt\u00e4m\u00e4ll\u00e4 verkkosivustoamme katsotaan, ett\u00e4 olet tutustunut n\u00e4ihin periaatteisiin ja hyv\u00e4ksynyt ne. Kaikissa tietosuojaan tai henkil\u00f6tietojen k\u00e4sittelyyn liittyviss\u00e4 kysymyksiss\u00e4 pyyd\u00e4mme ottamaan yhteytt\u00e4 osoitteeseen info@pallasdesign.ee.  <\/p>\n","protected":false},"excerpt":{"rendered":"<p>Pallas Design O\u00dc on sitoutunut suojaamaan asiakkaidensa yksityisyytt\u00e4. T\u00e4m\u00e4n periaatteen mukaisesti olemme laatineet t\u00e4m\u00e4n tietosuojaselosteen, jossa k\u00e4sitell\u00e4\u00e4n henkil\u00f6tietojen ker\u00e4\u00e4mist\u00e4, k\u00e4ytt\u00f6\u00e4, luovuttamista, siirt\u00e4mist\u00e4 ja s\u00e4ilytt\u00e4mist\u00e4. Verkkotoimintamme on kaikilta osin Euroopan unionin lains\u00e4\u00e4d\u00e4nn\u00f6n sek\u00e4 Viron tasavallan voimassa olevien lakien mukaista. Henkil\u00f6tietojen k\u00e4sittely pallasdesign.ee -verkkokaupassa K\u00e4sitelt\u00e4v\u00e4t henkil\u00f6tiedot Henkil\u00f6tietojen k\u00e4sittelyn tarkoitukset Henkil\u00f6tietoja k\u00e4ytet\u00e4\u00e4n k\u00e4ytt\u00e4j\u00e4tilien hallintaan, asiakkaan tilausten k\u00e4sittelyyn sek\u00e4 &#8230; <\/p>\n<p class=\"read-more-container\"><a title=\"Pallas Design Tietosuojaseloste\" class=\"read-more button\" href=\"https:\/\/dev2.pallasdesign.ee\/fi\/tietosuojaseloste\/#more-22120\" aria-label=\"Lue lis\u00e4\u00e4 aiheesta Pallas Design Tietosuojaseloste\">Lue lis\u00e4\u00e4<\/a><\/p>\n","protected":false},"author":1,"featured_media":0,"parent":19151,"menu_order":0,"comment_status":"closed","ping_status":"closed","template":"","meta":{"footnotes":""},"class_list":{"0":"post-22120","1":"page","2":"type-page","3":"status-publish","5":"no-featured-image-padding"},"_links":{"self":[{"href":"https:\/\/dev2.pallasdesign.ee\/fi\/wp-json\/wp\/v2\/pages\/22120","targetHints":{"allow":["GET"]}}],"collection":[{"href":"https:\/\/dev2.pallasdesign.ee\/fi\/wp-json\/wp\/v2\/pages"}],"about":[{"href":"https:\/\/dev2.pallasdesign.ee\/fi\/wp-json\/wp\/v2\/types\/page"}],"author":[{"embeddable":true,"href":"https:\/\/dev2.pallasdesign.ee\/fi\/wp-json\/wp\/v2\/users\/1"}],"replies":[{"embeddable":true,"href":"https:\/\/dev2.pallasdesign.ee\/fi\/wp-json\/wp\/v2\/comments?post=22120"}],"version-history":[{"count":8,"href":"https:\/\/dev2.pallasdesign.ee\/fi\/wp-json\/wp\/v2\/pages\/22120\/revisions"}],"predecessor-version":[{"id":22133,"href":"https:\/\/dev2.pallasdesign.ee\/fi\/wp-json\/wp\/v2\/pages\/22120\/revisions\/22133"}],"up":[{"embeddable":true,"href":"https:\/\/dev2.pallasdesign.ee\/fi\/wp-json\/wp\/v2\/pages\/19151"}],"wp:attachment":[{"href":"https:\/\/dev2.pallasdesign.ee\/fi\/wp-json\/wp\/v2\/media?parent=22120"}],"curies":[{"name":"wp","href":"https:\/\/api.w.org\/{rel}","templated":true}]}}