{"id":19185,"date":"2023-10-23T21:56:12","date_gmt":"2023-10-23T18:56:12","guid":{"rendered":"https:\/\/dev2.pallasdesign.ee\/kasitoopood\/maaratlemata\/madeira-polyneon-40-1656-ruskea-beige-fawn-1000m\/"},"modified":"2025-11-21T21:33:37","modified_gmt":"2025-11-21T19:33:37","slug":"madeira-polyneon-1656-ruskea-beige-fawn","status":"publish","type":"product","link":"https:\/\/dev2.pallasdesign.ee\/fi\/madeira-polyneon-1656-ruskea-beige-fawn\/","title":{"rendered":"Madeira Polyneon 40 &#8211; 1656 ruskea-beige (Fawn), 1000m"},"content":{"rendered":"<h2>Madeira Polyneon 1656<\/h2>\n<p>Madeira 100 % polyesterinen konekirjontalanka Polyneon on valmistettu erityisesti kehitetyist\u00e4 raaka-aineista, jotka est\u00e4v\u00e4t silmukoiden muodostumisen, rypistymisen ja l\u00e4hes kaikki langan katkeamiset. Sopien l\u00e4hes kaikkiin tarkoituksiin, Polyneonin ainutlaatuinen koostumus tekee t\u00e4st\u00e4 langasta eritt\u00e4in kest\u00e4v\u00e4n ja sujuvan nopeille kirjontakoneille. Kirkkaat v\u00e4rit ovat kiilt\u00e4vi\u00e4 ja kest\u00e4v\u00e4t my\u00f6s kloorivalkaisua (max. 20g\/l, max. 30\u00b0C, max. 30min). Valitse Madeira korkealaatuisimpaan kirjontalankaan.   <\/p>\n<p><a href=\"https:\/\/dev2.pallasdesign.ee\/fi\/kirjontalankoja\/\"><b>Kirjontalangoista voit lukea lis\u00e4\u00e4 t\u00e4\u00e4lt\u00e4<\/b><\/a><\/p>\n<h3>Tuotetiedot<\/h3>\n<ul>\n<li>Tuotemerkki: Madeira Polyneon No.40<\/li>\n<li>Tuotetyyppi: Brodeerauslanka<\/li>\n<li>Materiaali: 100 % polyesterikuitu<\/li>\n<li>Langan paksuus: dtex 135 x 2 \/ den 120 x 2<\/li>\n<li>Suositeltu neula: 60\/8 \u2013 75\/11<\/li>\n<li>Konepest\u00e4v\u00e4: 95\u00b0C<\/li>\n<li>Silitys: Keskil\u00e4mp\u00f6 (maks. 150\u00b0C)<\/li>\n<li>Sertifikaatti: \u00d6ko-Tex Standard 100<\/li>\n<li>Toimitustapa: Toimitus l\u00e4himp\u00e4\u00e4n pakettiautomaattiin<\/li>\n<\/ul>\n","protected":false},"excerpt":{"rendered":"<p>Madeira Polyneon 1656 on erinomainen, kiilt\u00e4v\u00e4 yleislanka eritt\u00e4in kest\u00e4v\u00e4\u00e4n konekirjontaan ja sopii kaiken tyyppisille kirjontakoneille.<\/p>\n","protected":false},"featured_media":12479,"template":"","meta":[],"product_brand":[],"product_cat":[832,959,833,834,836],"product_tag":[1034],"class_list":{"0":"post-19185","1":"product","2":"type-product","3":"status-publish","4":"has-post-thumbnail","6":"product_cat-kirjontalankoja","7":"product_cat-madeira-fi","8":"product_cat-madeira-polyneon-fi","9":"product_cat-madeira-polyneon-40-fi","10":"product_cat-polyneon-fi","11":"product_tag-polyesterilanka","12":"no-featured-image-padding","13":"sales-flash-overlay","14":"woocommerce-text-align-center","15":"woocommerce-image-align-center","16":"do-quantity-buttons","18":"first","19":"instock","20":"taxable","21":"shipping-taxable","22":"purchasable","23":"product-type-simple"},"_links":{"self":[{"href":"https:\/\/dev2.pallasdesign.ee\/fi\/wp-json\/wp\/v2\/product\/19185","targetHints":{"allow":["GET"]}}],"collection":[{"href":"https:\/\/dev2.pallasdesign.ee\/fi\/wp-json\/wp\/v2\/product"}],"about":[{"href":"https:\/\/dev2.pallasdesign.ee\/fi\/wp-json\/wp\/v2\/types\/product"}],"wp:featuredmedia":[{"embeddable":true,"href":"https:\/\/dev2.pallasdesign.ee\/fi\/wp-json\/wp\/v2\/media\/12479"}],"wp:attachment":[{"href":"https:\/\/dev2.pallasdesign.ee\/fi\/wp-json\/wp\/v2\/media?parent=19185"}],"wp:term":[{"taxonomy":"product_brand","embeddable":true,"href":"https:\/\/dev2.pallasdesign.ee\/fi\/wp-json\/wp\/v2\/product_brand?post=19185"},{"taxonomy":"product_cat","embeddable":true,"href":"https:\/\/dev2.pallasdesign.ee\/fi\/wp-json\/wp\/v2\/product_cat?post=19185"},{"taxonomy":"product_tag","embeddable":true,"href":"https:\/\/dev2.pallasdesign.ee\/fi\/wp-json\/wp\/v2\/product_tag?post=19185"}],"curies":[{"name":"wp","href":"https:\/\/api.w.org\/{rel}","templated":true}]}}