{"id":19275,"date":"2023-10-23T21:59:07","date_gmt":"2023-10-23T18:59:07","guid":{"rendered":"https:\/\/dev2.pallasdesign.ee\/kasitoopood\/maaratlemata\/madeira-polyneon-75-1649-vihrea-granny-smith-2500m\/"},"modified":"2025-11-21T18:11:55","modified_gmt":"2025-11-21T16:11:55","slug":"madeira-polyneon-75-1649-vihrea-granny-smith","status":"publish","type":"product","link":"https:\/\/dev2.pallasdesign.ee\/fi\/madeira-polyneon-75-1649-vihrea-granny-smith\/","title":{"rendered":"Madeira Polyneon 75 &#8211; 1649 vihre\u00e4 (Granny Smith), 2500m"},"content":{"rendered":"<h2>Madeira Polyneon 75-1649<\/h2>\n<p>Madeira 100% polyesterikonekirjontalanka polyneon on valmistettu erityisesti kehitetyist\u00e4 raaka-aineista, jotka eliminoivat silmukoiden muodostumisen, rypistymisen ja melkein kaiken langan katkeamisen. Polyneonin ainutlaatuinen koostumus sopii l\u00e4hes mihin tahansa tarkoitukseen, ja se tekee t\u00e4st\u00e4 langasta eritt\u00e4in kest\u00e4v\u00e4n ja sile\u00e4n nopeisiin kirjontakoneisiin. Kirkkaat v\u00e4rit ovat kiilt\u00e4vi\u00e4 ja kest\u00e4v\u00e4t kloorivalkaisuainetta (max. 20g\/l, max. 30\u00b0C, max. 30min). Jos haluat korkealaatuisen kirjontalangan, valitse Madeira.   <\/p>\n<p><a href=\"https:\/\/dev2.pallasdesign.ee\/fi\/kirjontalankoja\/\"><b>Kirjontalangoista voit lukea lis\u00e4\u00e4 t\u00e4\u00e4lt\u00e4<\/b><\/a><\/p>\n<h3>Tuotetiedot<\/h3>\n<ul>\n<li>Tuotenimi: Madeira Polyneon No.75<\/li>\n<li>Tuotetyyppi: Konekirjontalanka<\/li>\n<li>Materiaali: 100 % polyesterikuitu<\/li>\n<li>Langankoko: dtex 55 x 2 \/ den 50 x 2<\/li>\n<li>Suositeltu neula: 60\/8<\/li>\n<li>Konepest\u00e4v\u00e4: 95\u00b0C<\/li>\n<li>Silitys: Keskil\u00e4mp\u00f6 (maks. 150\u00b0C)<\/li>\n<li>Sertifikaatti: \u00d6ko-Tex Standard 100<\/li>\n<li>Toimitustapa: Toimitus l\u00e4himp\u00e4\u00e4n pakettiautomaattiin<\/li>\n<\/ul>\n","protected":false},"excerpt":{"rendered":"<p>Madeira Polyneon 75-1649 mahdollistaa yksityiskohtien ja eritt\u00e4in pienten kirjainten kirjonnan maksimaalisella tarkkuudella.<\/p>\n","protected":false},"featured_media":15307,"template":"","meta":[],"product_brand":[],"product_cat":[832,959,833,835,836],"product_tag":[1034],"class_list":{"0":"post-19275","1":"product","2":"type-product","3":"status-publish","4":"has-post-thumbnail","6":"product_cat-kirjontalankoja","7":"product_cat-madeira-fi","8":"product_cat-madeira-polyneon-fi","9":"product_cat-madeira-polyneon-75-fi","10":"product_cat-polyneon-fi","11":"product_tag-polyesterilanka","12":"no-featured-image-padding","13":"sales-flash-overlay","14":"woocommerce-text-align-center","15":"woocommerce-image-align-center","16":"do-quantity-buttons","18":"first","19":"instock","20":"taxable","21":"shipping-taxable","22":"purchasable","23":"product-type-simple"},"_links":{"self":[{"href":"https:\/\/dev2.pallasdesign.ee\/fi\/wp-json\/wp\/v2\/product\/19275","targetHints":{"allow":["GET"]}}],"collection":[{"href":"https:\/\/dev2.pallasdesign.ee\/fi\/wp-json\/wp\/v2\/product"}],"about":[{"href":"https:\/\/dev2.pallasdesign.ee\/fi\/wp-json\/wp\/v2\/types\/product"}],"wp:featuredmedia":[{"embeddable":true,"href":"https:\/\/dev2.pallasdesign.ee\/fi\/wp-json\/wp\/v2\/media\/15307"}],"wp:attachment":[{"href":"https:\/\/dev2.pallasdesign.ee\/fi\/wp-json\/wp\/v2\/media?parent=19275"}],"wp:term":[{"taxonomy":"product_brand","embeddable":true,"href":"https:\/\/dev2.pallasdesign.ee\/fi\/wp-json\/wp\/v2\/product_brand?post=19275"},{"taxonomy":"product_cat","embeddable":true,"href":"https:\/\/dev2.pallasdesign.ee\/fi\/wp-json\/wp\/v2\/product_cat?post=19275"},{"taxonomy":"product_tag","embeddable":true,"href":"https:\/\/dev2.pallasdesign.ee\/fi\/wp-json\/wp\/v2\/product_tag?post=19275"}],"curies":[{"name":"wp","href":"https:\/\/api.w.org\/{rel}","templated":true}]}}