{"id":19281,"date":"2023-10-23T20:24:04","date_gmt":"2023-10-23T17:24:04","guid":{"rendered":"https:\/\/dev2.pallasdesign.ee\/kasitoopood\/maaratlemata\/madeira-polyneon-75-1940-keltainen-key-lime-2500m\/"},"modified":"2025-11-21T23:02:27","modified_gmt":"2025-11-21T21:02:27","slug":"madeira-polyneon-75-1940-keltainen-key-lime","status":"publish","type":"product","link":"https:\/\/dev2.pallasdesign.ee\/fi\/madeira-polyneon-75-1940-keltainen-key-lime\/","title":{"rendered":"Madeira Polyneon 75 &#8211; 1940 keltainen (Key Lime), 2500m"},"content":{"rendered":"<h2>Madeira Polyneon 75-1940<\/h2>\n<p>Madeiran 100 % polyesterista valmistettu konekirjontalanka Polyneon on valmistettu erityisesti kehitetyst\u00e4 raaka-aineesta, joka est\u00e4\u00e4 silmukoiden muodostumisen, rypistymisen ja l\u00e4hes kaikki langan katkeamiset. Sopien l\u00e4hes kaikkiin k\u00e4ytt\u00f6tarkoituksiin, tekee Polyneon-langan ainutlaatuinen koostumus siit\u00e4 eritt\u00e4in kest\u00e4v\u00e4n ja sujuvan nopeille kirjontakoneille. Kirkkaat v\u00e4rit ovat kiilt\u00e4vi\u00e4, sek\u00e4 kloorivalkaisun kest\u00e4vi\u00e4 (max. 20g\/l, max. 30\u00b0C, max. 30min). Valitse Madeira korkealaatuisimman kirjontalangan saamiseksi.   <\/p>\n<p><a href=\"https:\/\/dev2.pallasdesign.ee\/fi\/kirjontalankoja\/\"><b>Kirjontalangoista voit lukea lis\u00e4\u00e4 t\u00e4\u00e4lt\u00e4<\/b><\/a><\/p>\n<h3>Tuotetiedot<\/h3>\n<ul>\n<li>Tuotemerkki: Madeira Polyneon No.75<\/li>\n<li>Tuotetyyppi: Konekirjontalanka<\/li>\n<li>Materiaali: 100 % polyesterikuitu<\/li>\n<li>Langankoko: dtex 55 x 2 \/ den 50 x 2<\/li>\n<li>Suositeltu neula: 60\/8<\/li>\n<li>Konepest\u00e4v\u00e4: 95\u00b0C<\/li>\n<li>Silitys: Keskil\u00e4mp\u00f6 (maks. 150\u00b0C)<\/li>\n<li>Sertifikaatti: \u00d6ko-Tex Standard 100<\/li>\n<li>Toimitustapa: Toimitus l\u00e4himp\u00e4\u00e4n pakettiautomaattiin<\/li>\n<\/ul>\n","protected":false},"excerpt":{"rendered":"<p>Madeira Polyneon 75-1940 mahdollistaa yksityiskohtien ja eritt\u00e4in pienten kirjainten kirjonnan maksimaalisella tarkkuudella.<\/p>\n","protected":false},"featured_media":15305,"template":"","meta":[],"product_brand":[],"product_cat":[832,959,833,835,836],"product_tag":[1034],"class_list":{"0":"post-19281","1":"product","2":"type-product","3":"status-publish","4":"has-post-thumbnail","6":"product_cat-kirjontalankoja","7":"product_cat-madeira-fi","8":"product_cat-madeira-polyneon-fi","9":"product_cat-madeira-polyneon-75-fi","10":"product_cat-polyneon-fi","11":"product_tag-polyesterilanka","12":"no-featured-image-padding","13":"sales-flash-overlay","14":"woocommerce-text-align-center","15":"woocommerce-image-align-center","16":"do-quantity-buttons","18":"first","19":"instock","20":"taxable","21":"shipping-taxable","22":"purchasable","23":"product-type-simple"},"_links":{"self":[{"href":"https:\/\/dev2.pallasdesign.ee\/fi\/wp-json\/wp\/v2\/product\/19281","targetHints":{"allow":["GET"]}}],"collection":[{"href":"https:\/\/dev2.pallasdesign.ee\/fi\/wp-json\/wp\/v2\/product"}],"about":[{"href":"https:\/\/dev2.pallasdesign.ee\/fi\/wp-json\/wp\/v2\/types\/product"}],"wp:featuredmedia":[{"embeddable":true,"href":"https:\/\/dev2.pallasdesign.ee\/fi\/wp-json\/wp\/v2\/media\/15305"}],"wp:attachment":[{"href":"https:\/\/dev2.pallasdesign.ee\/fi\/wp-json\/wp\/v2\/media?parent=19281"}],"wp:term":[{"taxonomy":"product_brand","embeddable":true,"href":"https:\/\/dev2.pallasdesign.ee\/fi\/wp-json\/wp\/v2\/product_brand?post=19281"},{"taxonomy":"product_cat","embeddable":true,"href":"https:\/\/dev2.pallasdesign.ee\/fi\/wp-json\/wp\/v2\/product_cat?post=19281"},{"taxonomy":"product_tag","embeddable":true,"href":"https:\/\/dev2.pallasdesign.ee\/fi\/wp-json\/wp\/v2\/product_tag?post=19281"}],"curies":[{"name":"wp","href":"https:\/\/api.w.org\/{rel}","templated":true}]}}