{"id":19284,"date":"2023-10-23T18:50:04","date_gmt":"2023-10-23T15:50:04","guid":{"rendered":"https:\/\/dev2.pallasdesign.ee\/kasitoopood\/maaratlemata\/madeira-classic-40-1377-vihrea-kiwi-green-1000m\/"},"modified":"2025-11-21T23:13:13","modified_gmt":"2025-11-21T21:13:13","slug":"madeira-classic-1377-vihrea-kiwi-green","status":"publish","type":"product","link":"https:\/\/dev2.pallasdesign.ee\/fi\/madeira-classic-1377-vihrea-kiwi-green\/","title":{"rendered":"Madeira Classic 40 &#8211; 1377 vihre\u00e4 (Kiwi Green), 1000m"},"content":{"rendered":"<h2>Madeira Classic 1377<\/h2>\n<p>Madeiran 100 % viskoosi konekirjontalanka on tunnettu maailmanlaajuisesti suuresta vetolujuudestaan ja kauniista kiillostaan. Se sopii erinomaisesti brodeeraukseen suurinopeuksisilla teollisuuskirjontakoneilla. Klassinen viskoosilanka s\u00e4ilytt\u00e4\u00e4 pehmeytens\u00e4 my\u00f6s silloin, kun pistoja on runsaasti. Valitse Madeira, kun haluat korkealaatuisimman brodeerauslangan.   <\/p>\n<p><a href=\"https:\/\/dev2.pallasdesign.ee\/fi\/kirjontalankoja\/\"><b>Kirjontalangoista voit lukea lis\u00e4\u00e4 t\u00e4\u00e4lt\u00e4<\/b><\/a><\/p>\n<h3>Tuotetiedot<\/h3>\n<ul>\n<li>Merkki: Madeira Classic No.40<\/li>\n<li>Tuotetyyppi: Konekirjontalanka<\/li>\n<li>Materiaali: 100% viskoosikuitu<\/li>\n<li>Langankoko: dtex 135 x 2 \/ den 120 x 2<\/li>\n<li>Suositeltu neula: 65\/9 \u2013 75\/11<\/li>\n<li>Konepest\u00e4v\u00e4: 95\u00b0C<\/li>\n<li>Silitys: Keskil\u00e4mp\u00f6 (maks. 150\u00b0C)<\/li>\n<li>Sertifikaatti: \u00d6ko-Tex Standard 100<\/li>\n<li>Toimitustapa: Toimitus l\u00e4himp\u00e4\u00e4n pakettiautomaattiin<\/li>\n<\/ul>\n","protected":false},"excerpt":{"rendered":"<p>Madeira Classic 1377 on kirkas ja erinomaisen kiilt\u00e4v\u00e4 brodeerauslanka, joka sopii k\u00e4ytett\u00e4v\u00e4ksi kaikentyyppisiss\u00e4 kirjontakoneissa.<\/p>\n","protected":false},"featured_media":12627,"template":"","meta":[],"product_brand":[],"product_cat":[832,959,837,838],"product_tag":[1059],"class_list":{"0":"post-19284","1":"product","2":"type-product","3":"status-publish","4":"has-post-thumbnail","6":"product_cat-kirjontalankoja","7":"product_cat-madeira-fi","8":"product_cat-madeira-classic-fi","9":"product_cat-madeira-classic-40-fi","10":"product_tag-viskoosilanka","11":"no-featured-image-padding","12":"sales-flash-overlay","13":"woocommerce-text-align-center","14":"woocommerce-image-align-center","15":"do-quantity-buttons","17":"first","18":"instock","19":"taxable","20":"shipping-taxable","21":"purchasable","22":"product-type-simple"},"_links":{"self":[{"href":"https:\/\/dev2.pallasdesign.ee\/fi\/wp-json\/wp\/v2\/product\/19284","targetHints":{"allow":["GET"]}}],"collection":[{"href":"https:\/\/dev2.pallasdesign.ee\/fi\/wp-json\/wp\/v2\/product"}],"about":[{"href":"https:\/\/dev2.pallasdesign.ee\/fi\/wp-json\/wp\/v2\/types\/product"}],"wp:featuredmedia":[{"embeddable":true,"href":"https:\/\/dev2.pallasdesign.ee\/fi\/wp-json\/wp\/v2\/media\/12627"}],"wp:attachment":[{"href":"https:\/\/dev2.pallasdesign.ee\/fi\/wp-json\/wp\/v2\/media?parent=19284"}],"wp:term":[{"taxonomy":"product_brand","embeddable":true,"href":"https:\/\/dev2.pallasdesign.ee\/fi\/wp-json\/wp\/v2\/product_brand?post=19284"},{"taxonomy":"product_cat","embeddable":true,"href":"https:\/\/dev2.pallasdesign.ee\/fi\/wp-json\/wp\/v2\/product_cat?post=19284"},{"taxonomy":"product_tag","embeddable":true,"href":"https:\/\/dev2.pallasdesign.ee\/fi\/wp-json\/wp\/v2\/product_tag?post=19284"}],"curies":[{"name":"wp","href":"https:\/\/api.w.org\/{rel}","templated":true}]}}