{"id":19297,"date":"2024-07-26T13:50:25","date_gmt":"2024-07-26T10:50:25","guid":{"rendered":"https:\/\/dev2.pallasdesign.ee\/kasitoopood\/maaratlemata\/brodeerauspalvelu\/"},"modified":"2025-11-21T07:47:19","modified_gmt":"2025-11-21T05:47:19","slug":"brodeerauspalvelu","status":"publish","type":"product","link":"https:\/\/dev2.pallasdesign.ee\/fi\/brodeerauspalvelu\/","title":{"rendered":"Brodeerauspalvelu \u2013 Studiolaatuiset konekirjonnat"},"content":{"rendered":"<h2>Brodeerauspalvelu Tallinnassa<\/h2>\n<ul>\n<li>Palvelua tarjotessamme studiossa k\u00e4yt\u00e4mme 10-neulaisia Brother PR1055X -kirjontakoneita, jotka soveltuvat erityisen hyvin yksil\u00f6llisiin t\u00f6ihin sek\u00e4 pienten ja keskisuurten tuote-erien valmistukseen.<\/li>\n<li>Meill\u00e4 on my\u00f6s pienikokoinen Husqvarna Designer Diamond -kirjontakone, joka sopii erinomaisesti erilaisiin brodeeraukseen liittyviin esittelyihin, tapahtumiin ja asiakasp\u00e4iviin mukaan otettavaksi.<\/li>\n<li>T\u00f6idemme suunnittelussa k\u00e4yt\u00e4mme erilaisia ammattimaisia brodeerausohjelmistoja.<\/li>\n<li>Brodeerauslangoista k\u00e4yt\u00e4mme vain laadukkaita Madeiran ja Gunoldin lankoja;<\/li>\n<li>Meill\u00e4 on tietokannassamme tuhansia erilaisia brodeeraustiedostoja, joita voidaan k\u00e4ytt\u00e4\u00e4 heti palvelun tarjoamisen yhteydess\u00e4.<\/li>\n<\/ul>\n<p><a href=\"https:\/\/dev2.pallasdesign.ee\/fi\/brodeeraus\/\"><b>Pallas Designin brodeeraukseen liittyviin palveluihin voit tutustua t\u00e4\u00e4ll\u00e4<\/b><\/a><\/p>\n","protected":false},"excerpt":{"rendered":"<p>Brodeerauspalvelu nopeasti ja laadukkaasti ammattilaiselta!<\/p>\n<p>Tarjoamme brodeeraukseen liittyvi\u00e4 palveluita uudessa ja viihtyis\u00e4ss\u00e4 studiossamme <a href=\"https:\/\/dev2.pallasdesign.ee\/kontakt\/\"><b>Tallinnassa, Pikaliiva katu 5<\/b><\/a><\/p>\n<p>Asetamme korkeat vaatimukset tarjoamallemme brodeeraukselle ja luomme taidetta kirjonnan kautta.<\/p>\n","protected":false},"featured_media":14087,"template":"","meta":[],"product_brand":[],"product_cat":[962,897,898,899,900,901,902,903,904,905,906,907,908,909],"product_tag":[],"class_list":{"0":"post-19297","1":"product","2":"type-product","3":"status-publish","4":"has-post-thumbnail","6":"product_cat-pallas-design-fi","7":"product_cat-konekirjonta","8":"product_cat-kirjonta","9":"product_cat-kirjontatiedosto","10":"product_cat-applikaation-brodeeraus","11":"product_cat-brodeerattu-merkki","12":"product_cat-logon-brodeeraus","13":"product_cat-nimen-brodeeraus","14":"product_cat-brodeeraus","15":"product_cat-kirjontakuvio","16":"product_cat-brodeeraukset","17":"product_cat-vaatteisiin-kirjonta","18":"product_cat-konekirjonta-tallinnassa","19":"product_cat-kirjontapalvelu","20":"no-featured-image-padding","21":"sales-flash-overlay","22":"woocommerce-text-align-center","23":"woocommerce-image-align-center","24":"do-quantity-buttons","26":"first","27":"onbackorder","28":"taxable","29":"shipping-taxable","30":"product-type-simple"},"_links":{"self":[{"href":"https:\/\/dev2.pallasdesign.ee\/fi\/wp-json\/wp\/v2\/product\/19297","targetHints":{"allow":["GET"]}}],"collection":[{"href":"https:\/\/dev2.pallasdesign.ee\/fi\/wp-json\/wp\/v2\/product"}],"about":[{"href":"https:\/\/dev2.pallasdesign.ee\/fi\/wp-json\/wp\/v2\/types\/product"}],"wp:featuredmedia":[{"embeddable":true,"href":"https:\/\/dev2.pallasdesign.ee\/fi\/wp-json\/wp\/v2\/media\/14087"}],"wp:attachment":[{"href":"https:\/\/dev2.pallasdesign.ee\/fi\/wp-json\/wp\/v2\/media?parent=19297"}],"wp:term":[{"taxonomy":"product_brand","embeddable":true,"href":"https:\/\/dev2.pallasdesign.ee\/fi\/wp-json\/wp\/v2\/product_brand?post=19297"},{"taxonomy":"product_cat","embeddable":true,"href":"https:\/\/dev2.pallasdesign.ee\/fi\/wp-json\/wp\/v2\/product_cat?post=19297"},{"taxonomy":"product_tag","embeddable":true,"href":"https:\/\/dev2.pallasdesign.ee\/fi\/wp-json\/wp\/v2\/product_tag?post=19297"}],"curies":[{"name":"wp","href":"https:\/\/api.w.org\/{rel}","templated":true}]}}