{"id":19298,"date":"2024-07-26T13:45:54","date_gmt":"2024-07-26T10:45:54","guid":{"rendered":"https:\/\/dev2.pallasdesign.ee\/kasitoopood\/maaratlemata\/kirjontatiedostojen-ohjelmointi\/"},"modified":"2025-11-21T07:47:56","modified_gmt":"2025-11-21T05:47:56","slug":"kirjontatiedostojen-ohjelmointi","status":"publish","type":"product","link":"https:\/\/dev2.pallasdesign.ee\/fi\/kirjontatiedostojen-ohjelmointi\/","title":{"rendered":"Kirjontatiedostojen ohjelmointi"},"content":{"rendered":"<h2>Laadukkaiden kirjontatiedostojen ohjelmointi<\/h2>\n<p>Tiedostojen digitointi on taito, joka vaatii kallista ohjelmistoa sek\u00e4 perusteellista ja aikaa viev\u00e4\u00e4 koulutusta runsaan k\u00e4yt\u00e4nn\u00f6n kokemuksen kanssa \u2013 yksik\u00e4\u00e4n automaattinen ohjelmisto ei pysty t\u00e4n\u00e4\u00e4n korvaamaan ihmist\u00e4!<\/p>\n<ul>\n<li>Emme k\u00e4yt\u00e4 automaattisia ohjelmia kirjontatiedoston luomisessa \u2013 koko tiedosto luodaan pisto-pistolta k\u00e4sin ja \u00e4\u00e4rimm\u00e4isell\u00e4 tarkkuudella, mik\u00e4 takaa kirjonnan korkean laadun;<\/li>\n<li>Ty\u00f6ss\u00e4 k\u00e4yt\u00e4mme ammattimaisia konekirjontaohjelmistoja;<\/li>\n<li>Ohjelmoinnin aikana m\u00e4\u00e4rit\u00e4mme, miss\u00e4 j\u00e4rjestyksess\u00e4 ja mill\u00e4 v\u00e4reill\u00e4 eri elementit kirjaillaan, millaisia neulapistetyyppej\u00e4 k\u00e4ytet\u00e4\u00e4n, mink\u00e4 pituisia pistot ovat, alapistojen k\u00e4ytt\u00f6 ynn\u00e4 muuta;<\/li>\n<li>Suoritamme koekirjonnat ja korjaamme tarvittaessa alkuper\u00e4ist\u00e4 tiedostoa niin kauan, kunnes lopputulos vastaa korkeita laatuvaatimuksiamme;<\/li>\n<li>Kirjontatiedoston ohjelmointimaksu on kertaluonteinen. Saman kirjontatiedoston perusteella toistuvien tilausten kirjontaan ohjelmointimaksua ei lis\u00e4t\u00e4 uudelleen; <\/li>\n<li>Yleisimm\u00e4t kirjontatiedostomuodot ovat: dst, vp3, vip, hus, pes, jef, exp<\/li>\n<\/ul>\n<p>Kirjontatiedostot s\u00e4ilytet\u00e4\u00e4n Pallas Designin tietokannassa. Tarjoamme tiedostojen ohjelmointia, kun tilataan my\u00f6s konekirjontapalvelu. <\/p>\n<p><a href=\"https:\/\/dev2.pallasdesign.ee\/fi\/brodeeraus\/\"><b>Pallas Designin brodeeraukseen liittyviin palveluihin voit tutustua t\u00e4\u00e4ll\u00e4<\/b><\/a><\/p>\n","protected":false},"excerpt":{"rendered":"<p>Laadukkaiden kirjontatiedostojen ohjelmointi ammattilaiselta!<\/p>\n<p>Teemme logostasi, piirustuksestasi, kuvastasi tms. kirjontakoneelle ymm\u00e4rrett\u00e4v\u00e4n ohjelmoimalla sen kirjontakoneen luettavaan muotoon.<\/p>\n<p>Laadukas kirjontatiedosto takaa laadukkaan kirjonnan!<\/p>\n","protected":false},"featured_media":14073,"template":"","meta":[],"product_brand":[],"product_cat":[962,897,898,899,900,901,902,903,904,905,906,907,908,909],"product_tag":[],"class_list":{"0":"post-19298","1":"product","2":"type-product","3":"status-publish","4":"has-post-thumbnail","6":"product_cat-pallas-design-fi","7":"product_cat-konekirjonta","8":"product_cat-kirjonta","9":"product_cat-kirjontatiedosto","10":"product_cat-applikaation-brodeeraus","11":"product_cat-brodeerattu-merkki","12":"product_cat-logon-brodeeraus","13":"product_cat-nimen-brodeeraus","14":"product_cat-brodeeraus","15":"product_cat-kirjontakuvio","16":"product_cat-brodeeraukset","17":"product_cat-vaatteisiin-kirjonta","18":"product_cat-konekirjonta-tallinnassa","19":"product_cat-kirjontapalvelu","20":"no-featured-image-padding","21":"sales-flash-overlay","22":"woocommerce-text-align-center","23":"woocommerce-image-align-center","24":"do-quantity-buttons","26":"first","27":"onbackorder","28":"taxable","29":"shipping-taxable","30":"product-type-simple"},"_links":{"self":[{"href":"https:\/\/dev2.pallasdesign.ee\/fi\/wp-json\/wp\/v2\/product\/19298","targetHints":{"allow":["GET"]}}],"collection":[{"href":"https:\/\/dev2.pallasdesign.ee\/fi\/wp-json\/wp\/v2\/product"}],"about":[{"href":"https:\/\/dev2.pallasdesign.ee\/fi\/wp-json\/wp\/v2\/types\/product"}],"wp:featuredmedia":[{"embeddable":true,"href":"https:\/\/dev2.pallasdesign.ee\/fi\/wp-json\/wp\/v2\/media\/14073"}],"wp:attachment":[{"href":"https:\/\/dev2.pallasdesign.ee\/fi\/wp-json\/wp\/v2\/media?parent=19298"}],"wp:term":[{"taxonomy":"product_brand","embeddable":true,"href":"https:\/\/dev2.pallasdesign.ee\/fi\/wp-json\/wp\/v2\/product_brand?post=19298"},{"taxonomy":"product_cat","embeddable":true,"href":"https:\/\/dev2.pallasdesign.ee\/fi\/wp-json\/wp\/v2\/product_cat?post=19298"},{"taxonomy":"product_tag","embeddable":true,"href":"https:\/\/dev2.pallasdesign.ee\/fi\/wp-json\/wp\/v2\/product_tag?post=19298"}],"curies":[{"name":"wp","href":"https:\/\/api.w.org\/{rel}","templated":true}]}}