{"id":19299,"date":"2024-07-26T13:43:10","date_gmt":"2024-07-26T10:43:10","guid":{"rendered":"https:\/\/dev2.pallasdesign.ee\/kasitoopood\/maaratlemata\/konekirjontakonsultaatio\/"},"modified":"2025-11-21T07:50:47","modified_gmt":"2025-11-21T05:50:47","slug":"konekirjontakonsultaatiot","status":"publish","type":"product","link":"https:\/\/dev2.pallasdesign.ee\/fi\/konekirjontakonsultaatiot\/","title":{"rendered":"Konekirjontakonsultaatio"},"content":{"rendered":"<h2>Konekirjontakonsultaatiot yrityksille ja yksityishenkil\u00f6ille<\/h2>\n<p>Haluatko konsultaatiota konekirjonnasta? Me voimme auttaa sinua! <\/p>\n<ul>\n<li>Selvit\u00e4mme ideasi: Jos sinulla on yleinen n\u00e4kemys, mutta tarkat yksityiskohdat puuttuvat, kuuntelemme toiveitasi ja autamme muokkaamaan niit\u00e4 konkreettisemmiksi. Voimme yhdess\u00e4 keskustella, mik\u00e4 tyyli, v\u00e4rit tai aiheet voisivat sopia; <\/li>\n<li>Inspiraation ja ideoiden jakaminen: Meill\u00e4 on laaja kokemus ja valikoima n\u00e4ytteit\u00e4, jotka auttavat sinua l\u00f6yt\u00e4m\u00e4\u00e4n juuri sen oikean suunnan. Tarjoamme luovia ratkaisuja ja annamme ideoita, jotka sopisivat t\u00e4sm\u00e4lleen projektiisi tai tuotteeseesi; <\/li>\n<li>Henkil\u00f6kohtainen l\u00e4hestymistapa: Jokainen asiakas ja projekti on ainutlaatuinen. L\u00f6yd\u00e4mme yhdess\u00e4 juuri sinun tarpeisiisi sopivan kirjonnan, joka heijastaa tyyli\u00e4si ja tavoitteitasi \u2013 olipa kyseess\u00e4 sitten yksinkertainen monogrammi, kaunis kukkakuvio tai monimutkainen taiteellinen design; <\/li>\n<li>K\u00e4yt\u00e4nn\u00f6n vinkit: Autamme valitsemaan sopivan kirjontatekniikan, langat ja kankaat, jotta lopputulos olisi kaunis, laadukas ja kest\u00e4v\u00e4. Ohjaamme my\u00f6s, miten valita parhaiten sopiva kirjontapaikka tai -koko; <\/li>\n<li>Ratkaisuista toteutukseen: Kun olet saanut selvyyden ideastasi, toteutamme sen! Toteutamme kirjontaty\u00f6t toiveidesi mukaisesti ja varmistamme, ett\u00e4 tulos on kaunis ja ammattimainen. <\/li>\n<\/ul>\n<p>Ota meihin yhteytt\u00e4 ja autamme sinua l\u00f6yt\u00e4m\u00e4\u00e4n juuri oikean ratkaisun, olipa kyseess\u00e4 sitten henkil\u00f6kohtainen lahja, koriste tai yritysprojekti.<\/p>\n<p><a href=\"https:\/\/dev2.pallasdesign.ee\/fi\/brodeeraus\/\"><b>Pallas Designin brodeeraukseen liittyviin palveluihin voit tutustua t\u00e4\u00e4ll\u00e4<\/b><\/a><\/p>\n","protected":false},"excerpt":{"rendered":"<p>Jos haluat lis\u00e4t\u00e4 tuotteisiisi tai lahjoihisi jotain erityist\u00e4 kirjonnan muodossa, mutta et viel\u00e4 tied\u00e4 tarkalleen, mit\u00e4 tai miten, niin olet oikeassa paikassa!<\/p>\n<p>Konekirjontakonsultaatiot on luotu juuri t\u00e4llaisia tilanteita varten ja yhdess\u00e4 l\u00f6yd\u00e4mme t\u00e4ydellisen kirjontaratkaisun!<\/p>\n<p>Autamme sinua selkeytt\u00e4m\u00e4\u00e4n ideasi ja l\u00f6yt\u00e4m\u00e4\u00e4n parhaan ratkaisun, joka vastaa odotuksiasi ja tarpeitasi.<\/p>\n<p>Yksitt\u00e4istilauksessa hintaan sis\u00e4ltyy enint\u00e4\u00e4n 15 minuuttia konekirjontakonsultaatiota, suuremman er\u00e4n tilauksessa enint\u00e4\u00e4n 30 minuuttia konsultaatiota!<\/p>\n","protected":false},"featured_media":14693,"template":"","meta":[],"product_brand":[],"product_cat":[962,897,898,899,900,901,902,903,904,905,906,907,908,909],"product_tag":[],"class_list":{"0":"post-19299","1":"product","2":"type-product","3":"status-publish","4":"has-post-thumbnail","6":"product_cat-pallas-design-fi","7":"product_cat-konekirjonta","8":"product_cat-kirjonta","9":"product_cat-kirjontatiedosto","10":"product_cat-applikaation-brodeeraus","11":"product_cat-brodeerattu-merkki","12":"product_cat-logon-brodeeraus","13":"product_cat-nimen-brodeeraus","14":"product_cat-brodeeraus","15":"product_cat-kirjontakuvio","16":"product_cat-brodeeraukset","17":"product_cat-vaatteisiin-kirjonta","18":"product_cat-konekirjonta-tallinnassa","19":"product_cat-kirjontapalvelu","20":"no-featured-image-padding","21":"sales-flash-overlay","22":"woocommerce-text-align-center","23":"woocommerce-image-align-center","24":"do-quantity-buttons","26":"first","27":"onbackorder","28":"taxable","29":"shipping-taxable","30":"product-type-simple"},"_links":{"self":[{"href":"https:\/\/dev2.pallasdesign.ee\/fi\/wp-json\/wp\/v2\/product\/19299","targetHints":{"allow":["GET"]}}],"collection":[{"href":"https:\/\/dev2.pallasdesign.ee\/fi\/wp-json\/wp\/v2\/product"}],"about":[{"href":"https:\/\/dev2.pallasdesign.ee\/fi\/wp-json\/wp\/v2\/types\/product"}],"wp:featuredmedia":[{"embeddable":true,"href":"https:\/\/dev2.pallasdesign.ee\/fi\/wp-json\/wp\/v2\/media\/14693"}],"wp:attachment":[{"href":"https:\/\/dev2.pallasdesign.ee\/fi\/wp-json\/wp\/v2\/media?parent=19299"}],"wp:term":[{"taxonomy":"product_brand","embeddable":true,"href":"https:\/\/dev2.pallasdesign.ee\/fi\/wp-json\/wp\/v2\/product_brand?post=19299"},{"taxonomy":"product_cat","embeddable":true,"href":"https:\/\/dev2.pallasdesign.ee\/fi\/wp-json\/wp\/v2\/product_cat?post=19299"},{"taxonomy":"product_tag","embeddable":true,"href":"https:\/\/dev2.pallasdesign.ee\/fi\/wp-json\/wp\/v2\/product_tag?post=19299"}],"curies":[{"name":"wp","href":"https:\/\/api.w.org\/{rel}","templated":true}]}}