{"id":19300,"date":"2024-07-26T13:42:07","date_gmt":"2024-07-26T10:42:07","guid":{"rendered":"https:\/\/dev2.pallasdesign.ee\/kasitoopood\/maaratlemata\/nimien-kirjonta-hinnasto\/"},"modified":"2026-02-11T21:52:00","modified_gmt":"2026-02-11T19:52:00","slug":"nimien-kirjonta-hinnasto","status":"publish","type":"product","link":"https:\/\/dev2.pallasdesign.ee\/fi\/nimien-kirjonta-hinnasto\/","title":{"rendered":"Nimien kirjonta (hinnasto)"},"content":{"rendered":"<h2>Nimien kirjonta laadukkaasti<\/h2>\n<p>Alla on esitetty yleisimm\u00e4t kirjontafonttitiedostojen l\u00e4hteet:<\/p>\n<ul>\n<li>Kirjontakoneen mukana tulevat digitalisoidut, rajallisessa m\u00e4\u00e4r\u00e4ss\u00e4 saatavilla olevat fontit, joiden avulla voi tehd\u00e4 valintoja suoraan kirjontakoneessa ja kirjontaa nopeasti ilman kirjontaohjelmistoa.<\/li>\n<li>Kirjontaohjelmistoon sis\u00e4ltyv\u00e4t digitalisoidut, rajallisessa m\u00e4\u00e4r\u00e4ss\u00e4 olevat fontit, joita voidaan kirjontaa valmistajan m\u00e4\u00e4rittelem\u00e4n v\u00e4himm\u00e4is- ja enimm\u00e4iskirjainkorkeuden rajoissa.<\/li>\n<li>Kirjontasoftaan kuulumattomien erilaisten fonttien digitalisointi, jossa kirjontaty\u00f6t\u00e4 varten tarvittava fontti (esim. .ttf- tai .otf-muodossa) ladataan kirjontaohjelmistoon ja ohjelmalla muodostetaan siit\u00e4 automaattisesti kirjontatiedosto. T\u00e4ll\u00e4 tavoin saadut kirjontatiedostot eiv\u00e4t ole laadukkaita, eik\u00e4 niit\u00e4 tulisi miss\u00e4\u00e4n tapauksessa k\u00e4ytt\u00e4\u00e4 suoraan asiakast\u00f6iss\u00e4! Laadukkaan lopputuloksen saavuttamiseksi korjaamme kirjontaan tarvittavat merkit kirjontaohjelmassa k\u00e4sin ja suoritamme koekirjonnat.  <\/li>\n<li>Nimien kirjonta on mahdollista my\u00f6s silloin, kun fonttia ei tunneta tai sen tiedosto ei ole saatavilla \u2013 t\u00e4ll\u00f6in ohjelmoimme tarvittavat merkit n\u00e4ytteen (jpg, pdf) perusteella. Kyseess\u00e4 on kirjontatiedostojen ohjelmointi, josta voit lukea lis\u00e4\u00e4 <a href=\"https:\/\/dev2.pallasdesign.ee\/tikkimisfailide-programmeerimine\/\"><br \/>\n  <b>t\u00e4\u00e4lt\u00e4<\/b><br \/>\n<\/a> <\/li>\n<li>Eri henkil\u00f6iden myyntitarkoituksessa digitalisoimat, tietyill\u00e4 kirjainkorkeuksilla tehdyt fontit. N\u00e4iden kirjontatiedostojen laatu voi vaihdella huomattavasti ja riippuu ohjelmoijan taidoista, tiedoston tekemiseen k\u00e4ytetyst\u00e4 ajasta sek\u00e4 ohjelmoijan k\u00e4sityksest\u00e4 laadukkaasta ty\u00f6st\u00e4. Kirjonnan laatu selvi\u00e4\u00e4 vasta tiedoston oston ja koekirjonnan j\u00e4lkeen. Valitettavasti n\u00e4it\u00e4 tiedostoja ei yleens\u00e4 ole mahdollista korjata, koska ostaessa ei tavallisesti toimiteta mukana muutosten tekemiseen tarvittavaa alkuper\u00e4istiedostoa.   <\/li>\n<\/ul>\n<p><a id=\"Hinnakiri\"><\/a><br \/>\n&nbsp;<\/p>\n<h2 style=\"color: #5c1551;\"><b>ASIAKKAAN TUOTTEESEEN NIMIEN BRODEERAUKSEN HINNASTO (alkaen 01.01.2025)<\/b><\/h2>\n<ul>\n<li>Hintaan lis\u00e4t\u00e4\u00e4n arvonlis\u00e4vero;<\/li>\n<li>Hinta koskee yksitt\u00e4isi\u00e4 t\u00f6it\u00e4. Toistuvissa t\u00f6iss\u00e4 tarjoamme alennusta; <\/li>\n<li>Hinta koskee Pallas Designin tarjoamia kirjasintyyppej\u00e4;<\/li>\n<li>Erityisten kirjasintyyppitoiveiden ja nimisuunnittelutoiveiden tapauksessa lis\u00e4t\u00e4\u00e4n suunnittelumaksu;<\/li>\n<li>Alle 10 mm korkea teksti luokitellaan mikrotekstiksi ja tarvitaan <a href=\"https:\/\/dev2.pallasdesign.ee\/tikkimisfailide-programmeerimine\/\"><br \/>\n  <b>brodeeraustiedostojen ohjelmointi<\/b><br \/>\n<\/a><\/li>\n<li>Hinta koskee tuotteita, joihin on mahdollista brodeerata suoraan;<\/li>\n<li>Lippisten ja muiden hattukehyksen k\u00e4ytt\u00f6\u00e4 vaativien tuotteiden tapauksessa lis\u00e4t\u00e4\u00e4n kertaluonteinen koneen asetusmaksu 6 \u20ac + alv;<\/li>\n<li>Hinta on voimassa, jos koko teksti mahtuu yhteen brodeerauskehykseen (maksimi brodeerausalue 200&#215;360 mm)<\/li>\n<li>Mahdollisuuksien mukaan tarjoamme lis\u00e4ty\u00f6n\u00e4 tuotteen purkamista ja brodeerauksen j\u00e4lkeen uudelleenompelemisen;<\/li>\n<\/ul>\n<p><img decoding=\"async\" src=\"https:\/\/dev2.pallasdesign.ee\/wp-content\/uploads\/2026\/02\/Nimien-brodeerauksen-hinnasto.jpg\" alt=\"nimien brodeeraus hinnasto 2025\" title=\"\"><\/p>\n<p>&nbsp;<\/p>\n<p><a href=\"https:\/\/dev2.pallasdesign.ee\/fi\/brodeeraus\/\"><b>Pallas Designin brodeeraukseen liittyviin palveluihin voit tutustua t\u00e4\u00e4ll\u00e4<\/b><\/a><\/p>\n","protected":false},"excerpt":{"rendered":"<p>Nimien kirjonta on ihanteellinen tapa personoida tuotteita. Ylellisiss\u00e4 t\u00f6iss\u00e4 nimibrodeeraukset voidaan korvata nimikirjainten brodeerauksella. <\/p>\n<p>Pitk\u00e4n toiminta-aikamme aikana olemme ker\u00e4nneet tietokantaamme suuren m\u00e4\u00e4r\u00e4n laadukkaita kirjasintyyppien brodeeraustiedostoja, joita voimme k\u00e4ytt\u00e4\u00e4 asiakkaillemme teht\u00e4viss\u00e4 t\u00f6iss\u00e4.<\/p>\n<p>Pystymme kirjasintyyppivalikoimallamme t\u00e4ytt\u00e4m\u00e4\u00e4n vaativimpienkin asiakkaiden tilaukset.<\/p>\n<p>Nimien kirjonta &#8211; <a href=\"#Hinnakiri\"><br \/>\n  <b>HINNASTO<\/b><br \/>\n<\/a><\/p>\n","protected":false},"featured_media":14101,"template":"","meta":[],"product_brand":[],"product_cat":[962,897,898,899,900,901,902,903,904,905,906,907,908,909],"product_tag":[],"class_list":{"0":"post-19300","1":"product","2":"type-product","3":"status-publish","4":"has-post-thumbnail","6":"product_cat-pallas-design-fi","7":"product_cat-konekirjonta","8":"product_cat-kirjonta","9":"product_cat-kirjontatiedosto","10":"product_cat-applikaation-brodeeraus","11":"product_cat-brodeerattu-merkki","12":"product_cat-logon-brodeeraus","13":"product_cat-nimen-brodeeraus","14":"product_cat-brodeeraus","15":"product_cat-kirjontakuvio","16":"product_cat-brodeeraukset","17":"product_cat-vaatteisiin-kirjonta","18":"product_cat-konekirjonta-tallinnassa","19":"product_cat-kirjontapalvelu","20":"no-featured-image-padding","21":"sales-flash-overlay","22":"woocommerce-text-align-center","23":"woocommerce-image-align-center","24":"do-quantity-buttons","26":"first","27":"onbackorder","28":"taxable","29":"shipping-taxable","30":"product-type-simple"},"_links":{"self":[{"href":"https:\/\/dev2.pallasdesign.ee\/fi\/wp-json\/wp\/v2\/product\/19300","targetHints":{"allow":["GET"]}}],"collection":[{"href":"https:\/\/dev2.pallasdesign.ee\/fi\/wp-json\/wp\/v2\/product"}],"about":[{"href":"https:\/\/dev2.pallasdesign.ee\/fi\/wp-json\/wp\/v2\/types\/product"}],"wp:featuredmedia":[{"embeddable":true,"href":"https:\/\/dev2.pallasdesign.ee\/fi\/wp-json\/wp\/v2\/media\/14101"}],"wp:attachment":[{"href":"https:\/\/dev2.pallasdesign.ee\/fi\/wp-json\/wp\/v2\/media?parent=19300"}],"wp:term":[{"taxonomy":"product_brand","embeddable":true,"href":"https:\/\/dev2.pallasdesign.ee\/fi\/wp-json\/wp\/v2\/product_brand?post=19300"},{"taxonomy":"product_cat","embeddable":true,"href":"https:\/\/dev2.pallasdesign.ee\/fi\/wp-json\/wp\/v2\/product_cat?post=19300"},{"taxonomy":"product_tag","embeddable":true,"href":"https:\/\/dev2.pallasdesign.ee\/fi\/wp-json\/wp\/v2\/product_tag?post=19300"}],"curies":[{"name":"wp","href":"https:\/\/api.w.org\/{rel}","templated":true}]}}