{"id":19301,"date":"2024-07-26T13:41:33","date_gmt":"2024-07-26T10:41:33","guid":{"rendered":"https:\/\/dev2.pallasdesign.ee\/kasitoopood\/maaratlemata\/logojen-brodeeraus\/"},"modified":"2025-11-21T07:54:00","modified_gmt":"2025-11-21T05:54:00","slug":"logojen-brodeeraus","status":"publish","type":"product","link":"https:\/\/dev2.pallasdesign.ee\/fi\/logojen-brodeeraus\/","title":{"rendered":"Logojen brodeeraus"},"content":{"rendered":"<h2>Laadukkaiden logojen brodeeraus tapahtuu seuraavasti<\/h2>\n<ul>\n<li>Asiakkaan tarpeiden selvitt\u00e4minen, logon koon ja sen sijainnin tuotteessa sopiminen, tarvittaessa kirjasintyypin\/-fontin selvitt\u00e4minen;<\/li>\n<li>Kirjontatiedoston ohjelmointi eli kirjontakoneelle ymm\u00e4rrett\u00e4v\u00e4n ty\u00f6tiedoston luominen erikoisohjelmistolla (ilman automaattiohjelman k\u00e4ytt\u00f6\u00e4), jossa kirjonta suunnitellaan ja kaikki sen parametrit m\u00e4\u00e4ritell\u00e4\u00e4n;<\/li>\n<li>Koebrodeeraus tuotteeseen tai mahdollisimman samankaltaiseen kankaaseen, jonka aikana kirjontatiedostoa tarvittaessa muutetaan tai korjataan;<\/li>\n<li>Tuotteen asettaminen kirjontakehykseen ja kirjonnan tarkan sijainnin m\u00e4\u00e4ritt\u00e4minen tuotteessa;<\/li>\n<li>Brodeeraus tuotteeseen jatkuvalla valvonnalla;<\/li>\n<li>Ty\u00f6n viimeistely \u2013 tuotteen puhdistaminen langanp\u00e4tkist\u00e4 ja tukikankaasta, tarvittaessa naarmuuntumista est\u00e4v\u00e4n kankaan lis\u00e4\u00e4minen kirjonnan alle.<\/li>\n<\/ul>\n<p><a href=\"https:\/\/dev2.pallasdesign.ee\/fi\/brodeeraus\/\"><b>Pallas Designin brodeeraukseen liittyviin palveluihin voit tutustua t\u00e4\u00e4ll\u00e4<\/b><\/a><\/p>\n","protected":false},"excerpt":{"rendered":"<p>Logojen brodeeraus on tehokas tapa esitell\u00e4 br\u00e4ndi\u00e4\u00e4n ja lis\u00e4t\u00e4 tuotteisiin persoonallisuutta.<\/p>\n<p>Kirjonta on pysyv\u00e4 ja kest\u00e4v\u00e4 ja antaa tuotteille ylellisen ja ammattimaisen ulkon\u00e4\u00f6n, joka heijastaa yrityksen arvoja ja laatua.<\/p>\n<p>Brodeeratut logot ovat helposti erottuvia ja n\u00e4ytt\u00e4vi\u00e4 ja edist\u00e4v\u00e4t br\u00e4ndin tunnistettavuutta.<\/p>\n","protected":false},"featured_media":14105,"template":"","meta":[],"product_brand":[],"product_cat":[962,897,898,899,900,901,902,903,904,905,906,907,908,909],"product_tag":[],"class_list":{"0":"post-19301","1":"product","2":"type-product","3":"status-publish","4":"has-post-thumbnail","6":"product_cat-pallas-design-fi","7":"product_cat-konekirjonta","8":"product_cat-kirjonta","9":"product_cat-kirjontatiedosto","10":"product_cat-applikaation-brodeeraus","11":"product_cat-brodeerattu-merkki","12":"product_cat-logon-brodeeraus","13":"product_cat-nimen-brodeeraus","14":"product_cat-brodeeraus","15":"product_cat-kirjontakuvio","16":"product_cat-brodeeraukset","17":"product_cat-vaatteisiin-kirjonta","18":"product_cat-konekirjonta-tallinnassa","19":"product_cat-kirjontapalvelu","20":"no-featured-image-padding","21":"sales-flash-overlay","22":"woocommerce-text-align-center","23":"woocommerce-image-align-center","24":"do-quantity-buttons","26":"first","27":"onbackorder","28":"taxable","29":"shipping-taxable","30":"product-type-simple"},"_links":{"self":[{"href":"https:\/\/dev2.pallasdesign.ee\/fi\/wp-json\/wp\/v2\/product\/19301","targetHints":{"allow":["GET"]}}],"collection":[{"href":"https:\/\/dev2.pallasdesign.ee\/fi\/wp-json\/wp\/v2\/product"}],"about":[{"href":"https:\/\/dev2.pallasdesign.ee\/fi\/wp-json\/wp\/v2\/types\/product"}],"wp:featuredmedia":[{"embeddable":true,"href":"https:\/\/dev2.pallasdesign.ee\/fi\/wp-json\/wp\/v2\/media\/14105"}],"wp:attachment":[{"href":"https:\/\/dev2.pallasdesign.ee\/fi\/wp-json\/wp\/v2\/media?parent=19301"}],"wp:term":[{"taxonomy":"product_brand","embeddable":true,"href":"https:\/\/dev2.pallasdesign.ee\/fi\/wp-json\/wp\/v2\/product_brand?post=19301"},{"taxonomy":"product_cat","embeddable":true,"href":"https:\/\/dev2.pallasdesign.ee\/fi\/wp-json\/wp\/v2\/product_cat?post=19301"},{"taxonomy":"product_tag","embeddable":true,"href":"https:\/\/dev2.pallasdesign.ee\/fi\/wp-json\/wp\/v2\/product_tag?post=19301"}],"curies":[{"name":"wp","href":"https:\/\/api.w.org\/{rel}","templated":true}]}}