{"id":19302,"date":"2024-07-26T13:40:36","date_gmt":"2024-07-26T10:40:36","guid":{"rendered":"https:\/\/dev2.pallasdesign.ee\/kasitoopood\/maaratlemata\/applikointien-brodeeraus\/"},"modified":"2025-11-21T07:54:24","modified_gmt":"2025-11-21T05:54:24","slug":"applikointien-brodeeraus","status":"publish","type":"product","link":"https:\/\/dev2.pallasdesign.ee\/fi\/applikointien-brodeeraus\/","title":{"rendered":"Applikointien brodeeraus"},"content":{"rendered":"<h2>Applikointien brodeeraus &#8211; milloin sit\u00e4 k\u00e4ytet\u00e4\u00e4n?<\/h2>\n<ul>\n<li>Yksi yleisimmist\u00e4 kirjontaapplikointien k\u00e4ytt\u00f6tarkoituksista on vaatteisiin syntyneiden vaurioiden peitt\u00e4minen;<\/li>\n<li>Toinen eritt\u00e4in suosittu tapa k\u00e4ytt\u00e4\u00e4 applikointeja yhdess\u00e4 kirjontojen kanssa on lastentuotteiden koristelu;<\/li>\n<li>Suurten pintojen tapauksessa suunnittelussa ei v\u00e4ltt\u00e4m\u00e4tt\u00e4 ole tarkoituksenmukaista t\u00e4ytt\u00e4\u00e4 n\u00e4it\u00e4 pintoja kirjonnalla, sen sijaan voi olla optimaalisempaa k\u00e4ytt\u00e4\u00e4 sopivan v\u00e4risi\u00e4 kangaspaloja yhdess\u00e4 kirjontojen kanssa;<\/li>\n<li>Kun halutaan luoda erilaisia 3D-tyylisi\u00e4 kirjontamalleja;<\/li>\n<\/ul>\n<p><a href=\"https:\/\/dev2.pallasdesign.ee\/fi\/brodeeraus\/\"><b>Pallas Designin brodeeraukseen liittyviin palveluihin voit tutustua t\u00e4\u00e4ll\u00e4<\/b><\/a><\/p>\n","protected":false},"excerpt":{"rendered":"<p>Applikointien brodeeraus on erinomainen tapa luoda ainutlaatuisia ja huomiota her\u00e4tt\u00e4vi\u00e4 malleja.<\/p>\n<p>Applikointitekniikkaa k\u00e4ytett\u00e4ess\u00e4 sopivat kangaspalat ommellaan pohjakankaaseen kirjontaprosessin aikana.<\/p>\n<p>Kangaspalojen yhdist\u00e4minen erilaisiin kirjontakuvioihin ja lankav\u00e4reihin luo omaleimaisen kolmiulotteisen efektin.<\/p>\n","protected":false},"featured_media":14107,"template":"","meta":[],"product_brand":[],"product_cat":[962,897,898,899,900,901,902,903,904,905,906,907,908,909],"product_tag":[],"class_list":{"0":"post-19302","1":"product","2":"type-product","3":"status-publish","4":"has-post-thumbnail","6":"product_cat-pallas-design-fi","7":"product_cat-konekirjonta","8":"product_cat-kirjonta","9":"product_cat-kirjontatiedosto","10":"product_cat-applikaation-brodeeraus","11":"product_cat-brodeerattu-merkki","12":"product_cat-logon-brodeeraus","13":"product_cat-nimen-brodeeraus","14":"product_cat-brodeeraus","15":"product_cat-kirjontakuvio","16":"product_cat-brodeeraukset","17":"product_cat-vaatteisiin-kirjonta","18":"product_cat-konekirjonta-tallinnassa","19":"product_cat-kirjontapalvelu","20":"no-featured-image-padding","21":"sales-flash-overlay","22":"woocommerce-text-align-center","23":"woocommerce-image-align-center","24":"do-quantity-buttons","26":"first","27":"onbackorder","28":"taxable","29":"shipping-taxable","30":"product-type-simple"},"_links":{"self":[{"href":"https:\/\/dev2.pallasdesign.ee\/fi\/wp-json\/wp\/v2\/product\/19302","targetHints":{"allow":["GET"]}}],"collection":[{"href":"https:\/\/dev2.pallasdesign.ee\/fi\/wp-json\/wp\/v2\/product"}],"about":[{"href":"https:\/\/dev2.pallasdesign.ee\/fi\/wp-json\/wp\/v2\/types\/product"}],"wp:featuredmedia":[{"embeddable":true,"href":"https:\/\/dev2.pallasdesign.ee\/fi\/wp-json\/wp\/v2\/media\/14107"}],"wp:attachment":[{"href":"https:\/\/dev2.pallasdesign.ee\/fi\/wp-json\/wp\/v2\/media?parent=19302"}],"wp:term":[{"taxonomy":"product_brand","embeddable":true,"href":"https:\/\/dev2.pallasdesign.ee\/fi\/wp-json\/wp\/v2\/product_brand?post=19302"},{"taxonomy":"product_cat","embeddable":true,"href":"https:\/\/dev2.pallasdesign.ee\/fi\/wp-json\/wp\/v2\/product_cat?post=19302"},{"taxonomy":"product_tag","embeddable":true,"href":"https:\/\/dev2.pallasdesign.ee\/fi\/wp-json\/wp\/v2\/product_tag?post=19302"}],"curies":[{"name":"wp","href":"https:\/\/api.w.org\/{rel}","templated":true}]}}