{"id":19303,"date":"2024-07-26T13:39:53","date_gmt":"2024-07-26T10:39:53","guid":{"rendered":"https:\/\/dev2.pallasdesign.ee\/kasitoopood\/maaratlemata\/brodeeratut-merkit\/"},"modified":"2025-11-21T07:54:55","modified_gmt":"2025-11-21T05:54:55","slug":"brodeeratut-merkit","status":"publish","type":"product","link":"https:\/\/dev2.pallasdesign.ee\/fi\/brodeeratut-merkit\/","title":{"rendered":"Brodeeratut merkit"},"content":{"rendered":"<h2>Milloin brodeeratut merkit ovat tarpeen?<\/h2>\n<p>Olemme k\u00e4ytt\u00e4neet brodeerattuja merkkej\u00e4 seuraavissa tapauksissa:<\/p>\n<ul>\n<li>Tuotteissa, joita ei ole mahdollista asettaa brodeerauskoneen alle (matkalaukut, laukut);<\/li>\n<li>Ep\u00e4tasaisen rakenteen omaavissa ja herkill\u00e4 tuotteilla (neuleet);<\/li>\n<li>Tuotteissa, joissa brodeeraus ei v\u00e4ltt\u00e4m\u00e4tt\u00e4 j\u00e4\u00e4 n\u00e4kyviin, kuten esimerkiksi ohut brodeeraus p\u00f6rr\u00f6isell\u00e4 kankaalla (viltit, huivit);<\/li>\n<li>Jos ei haluta brodeerata vuoritetun tuotteen l\u00e4pi, mutta tuotteen saumojen purkaminen ei ole mahdollista;<\/li>\n<li>Jos ei haluta, ett\u00e4 kaksipuolisesti k\u00e4ytett\u00e4v\u00e4ss\u00e4 tuotteessa brodeerauksen takapuoli olisi n\u00e4kyviss\u00e4 (peitot);<\/li>\n<li>Jos on tarkoitus poistaa tai vaihtaa tuotteen merkint\u00e4 (tarrakiinnitteiset tuotteet);<\/li>\n<\/ul>\n<p><a href=\"https:\/\/dev2.pallasdesign.ee\/fi\/brodeeraus\/\"><b>Pallas Designin brodeeraukseen liittyviin palveluihin voit tutustua t\u00e4\u00e4ll\u00e4<\/b><\/a><\/p>\n","protected":false},"excerpt":{"rendered":"<p>Brodeeratut merkit ovat huomiota her\u00e4tt\u00e4v\u00e4 ja ammattimainen tapa esitell\u00e4 omaa br\u00e4ndi\u00e4, tiimi\u00e4 tai organisaatiota.<\/p>\n<p>Brodeeratun merkin k\u00e4ytt\u00f6 on my\u00f6s hyv\u00e4 tapa koristella tai merkit\u00e4 tuotetta, jos suoraan tuotteeseen brodeeraaminen ei ole mahdollista tai toivottua.<\/p>\n<p>Merkki voidaan valmistaa erilaisista sopivista kankaista, jotka brodeerauksen j\u00e4lkeen ommellaan tai kiinnitet\u00e4\u00e4n tarranauhalla tuotteeseen.<\/p>\n","protected":false},"featured_media":14119,"template":"","meta":[],"product_brand":[],"product_cat":[962,897,898,899,900,901,902,903,904,905,906,907,908,909],"product_tag":[],"class_list":{"0":"post-19303","1":"product","2":"type-product","3":"status-publish","4":"has-post-thumbnail","6":"product_cat-pallas-design-fi","7":"product_cat-konekirjonta","8":"product_cat-kirjonta","9":"product_cat-kirjontatiedosto","10":"product_cat-applikaation-brodeeraus","11":"product_cat-brodeerattu-merkki","12":"product_cat-logon-brodeeraus","13":"product_cat-nimen-brodeeraus","14":"product_cat-brodeeraus","15":"product_cat-kirjontakuvio","16":"product_cat-brodeeraukset","17":"product_cat-vaatteisiin-kirjonta","18":"product_cat-konekirjonta-tallinnassa","19":"product_cat-kirjontapalvelu","20":"no-featured-image-padding","21":"sales-flash-overlay","22":"woocommerce-text-align-center","23":"woocommerce-image-align-center","24":"do-quantity-buttons","26":"first","27":"onbackorder","28":"taxable","29":"shipping-taxable","30":"product-type-simple"},"_links":{"self":[{"href":"https:\/\/dev2.pallasdesign.ee\/fi\/wp-json\/wp\/v2\/product\/19303","targetHints":{"allow":["GET"]}}],"collection":[{"href":"https:\/\/dev2.pallasdesign.ee\/fi\/wp-json\/wp\/v2\/product"}],"about":[{"href":"https:\/\/dev2.pallasdesign.ee\/fi\/wp-json\/wp\/v2\/types\/product"}],"wp:featuredmedia":[{"embeddable":true,"href":"https:\/\/dev2.pallasdesign.ee\/fi\/wp-json\/wp\/v2\/media\/14119"}],"wp:attachment":[{"href":"https:\/\/dev2.pallasdesign.ee\/fi\/wp-json\/wp\/v2\/media?parent=19303"}],"wp:term":[{"taxonomy":"product_brand","embeddable":true,"href":"https:\/\/dev2.pallasdesign.ee\/fi\/wp-json\/wp\/v2\/product_brand?post=19303"},{"taxonomy":"product_cat","embeddable":true,"href":"https:\/\/dev2.pallasdesign.ee\/fi\/wp-json\/wp\/v2\/product_cat?post=19303"},{"taxonomy":"product_tag","embeddable":true,"href":"https:\/\/dev2.pallasdesign.ee\/fi\/wp-json\/wp\/v2\/product_tag?post=19303"}],"curies":[{"name":"wp","href":"https:\/\/api.w.org\/{rel}","templated":true}]}}