{"id":19304,"date":"2024-07-26T13:38:05","date_gmt":"2024-07-26T10:38:05","guid":{"rendered":"https:\/\/dev2.pallasdesign.ee\/kasitoopood\/maaratlemata\/brodeeraus-vaatteisiin\/"},"modified":"2025-11-21T07:56:03","modified_gmt":"2025-11-21T05:56:03","slug":"brodeeraus-vaatteisiin","status":"publish","type":"product","link":"https:\/\/dev2.pallasdesign.ee\/fi\/brodeeraus-vaatteisiin\/","title":{"rendered":"Brodeeraus vaatteisiin"},"content":{"rendered":"<h2>Brodeeraus vaatteisiin ja sen k\u00e4ytt\u00f6mahdollisuudet<\/h2>\n<ul>\n<li>Koristelu \u2013 kirjonnat tekev\u00e4t vaatteista visuaalisesti houkuttelevampia, lis\u00e4ten tekstuuria, v\u00e4ri\u00e4 ja yksityiskohtia. Kirjonta lis\u00e4\u00e4 vaatteeseen kauneutta ja omaleimaisuutta, tehden siit\u00e4 erottuvan ja ainutlaatuisen; <\/li>\n<li>Paikkaaminen \u2013 kuluneita kohtia vaatteissa on mahdollista piilottaa onnistuneesti kirjonnalla. Hyvin tehdyll\u00e4 kirjonnalla korjattu vaate voi kest\u00e4\u00e4 viel\u00e4 vuosia; <\/li>\n<li>Personointi \u2013 kirjontojen avulla vaatteeseen voi lis\u00e4t\u00e4 nimen, nimikirjaimet tai muita merkityksellisi\u00e4 symboleja, jotka tekev\u00e4t vaatteesta todella sinun oman;<\/li>\n<li>Mainonta \u2013 yritykset k\u00e4ytt\u00e4v\u00e4t kirjontoja logojen ja yritysten nimien siirt\u00e4miseen ty\u00f6ntekij\u00f6iden univormuihin tai mainosvaatteisiin;<\/li>\n<li>Uudelleenk\u00e4ytt\u00f6 \u2013 kirjontojen avulla on mahdollista antaa vanhalle vaatteelle uusi el\u00e4m\u00e4, mik\u00e4 auttaa v\u00e4hent\u00e4m\u00e4\u00e4n kulutusta;<\/li>\n<li>Kulttuuri \u2013 kansallispukujen kirjonnat ovat t\u00e4rke\u00e4 osa kulttuuriperint\u00f6\u00e4mme ja kantavat mukanaan rikasta symboliikkaa ja historiaa.<\/li>\n<\/ul>\n<p><a href=\"https:\/\/dev2.pallasdesign.ee\/fi\/brodeeraus\/\"><b>Pallas Designin brodeeraukseen liittyviin palveluihin voit tutustua t\u00e4\u00e4ll\u00e4<\/b><\/a><\/p>\n","protected":false},"excerpt":{"rendered":"<p>Brodeeraus vaatteisiin on luova prosessi, joka tarjoaa loputtomasti mahdollisuuksia ilmaista kauneutta, merkityst\u00e4 ja persoonallisuutta.<\/p>\n<p>Pitk\u00e4n toiminta-ajan aikana olemme ker\u00e4nneet suuren kokoelman laadukkaita kirjontatiedostoja, joita voimme k\u00e4ytt\u00e4\u00e4 asiakkaidemme vaatteissa.<\/p>\n<p>Tarjoamme my\u00f6s vaatteiden brodeeraukseen usein liittyvi\u00e4 lis\u00e4t\u00f6it\u00e4, kuten tuotteen saumojen purkamisen ja my\u00f6hemm\u00e4n uudelleen ompelemisen.<\/p>\n<p>Upeisiin Husqvarna VIKING -kirjontakokoelmiin voit tutustua <strong><br \/>\n  <a href=\"https:\/\/dev2.pallasdesign.ee\/husqvarna-viking-tikkimisfailid\/\">T\u00c4\u00c4LL\u00c4<\/a><br \/>\n<\/strong><\/p>\n","protected":false},"featured_media":14123,"template":"","meta":[],"product_brand":[],"product_cat":[962,897,898,899,900,901,902,903,904,905,906,907,908,909],"product_tag":[],"class_list":{"0":"post-19304","1":"product","2":"type-product","3":"status-publish","4":"has-post-thumbnail","6":"product_cat-pallas-design-fi","7":"product_cat-konekirjonta","8":"product_cat-kirjonta","9":"product_cat-kirjontatiedosto","10":"product_cat-applikaation-brodeeraus","11":"product_cat-brodeerattu-merkki","12":"product_cat-logon-brodeeraus","13":"product_cat-nimen-brodeeraus","14":"product_cat-brodeeraus","15":"product_cat-kirjontakuvio","16":"product_cat-brodeeraukset","17":"product_cat-vaatteisiin-kirjonta","18":"product_cat-konekirjonta-tallinnassa","19":"product_cat-kirjontapalvelu","20":"no-featured-image-padding","21":"sales-flash-overlay","22":"woocommerce-text-align-center","23":"woocommerce-image-align-center","24":"do-quantity-buttons","26":"first","27":"onbackorder","28":"taxable","29":"shipping-taxable","30":"product-type-simple"},"_links":{"self":[{"href":"https:\/\/dev2.pallasdesign.ee\/fi\/wp-json\/wp\/v2\/product\/19304","targetHints":{"allow":["GET"]}}],"collection":[{"href":"https:\/\/dev2.pallasdesign.ee\/fi\/wp-json\/wp\/v2\/product"}],"about":[{"href":"https:\/\/dev2.pallasdesign.ee\/fi\/wp-json\/wp\/v2\/types\/product"}],"wp:featuredmedia":[{"embeddable":true,"href":"https:\/\/dev2.pallasdesign.ee\/fi\/wp-json\/wp\/v2\/media\/14123"}],"wp:attachment":[{"href":"https:\/\/dev2.pallasdesign.ee\/fi\/wp-json\/wp\/v2\/media?parent=19304"}],"wp:term":[{"taxonomy":"product_brand","embeddable":true,"href":"https:\/\/dev2.pallasdesign.ee\/fi\/wp-json\/wp\/v2\/product_brand?post=19304"},{"taxonomy":"product_cat","embeddable":true,"href":"https:\/\/dev2.pallasdesign.ee\/fi\/wp-json\/wp\/v2\/product_cat?post=19304"},{"taxonomy":"product_tag","embeddable":true,"href":"https:\/\/dev2.pallasdesign.ee\/fi\/wp-json\/wp\/v2\/product_tag?post=19304"}],"curies":[{"name":"wp","href":"https:\/\/api.w.org\/{rel}","templated":true}]}}