{"id":19305,"date":"2024-07-26T13:30:39","date_gmt":"2024-07-26T10:30:39","guid":{"rendered":"https:\/\/dev2.pallasdesign.ee\/kasitoopood\/maaratlemata\/brodeeraus-tuotteisiin\/"},"modified":"2025-11-21T07:57:25","modified_gmt":"2025-11-21T05:57:25","slug":"brodeeraus-tuotteisiin","status":"publish","type":"product","link":"https:\/\/dev2.pallasdesign.ee\/fi\/brodeeraus-tuotteisiin\/","title":{"rendered":"Brodeeraus tuotteisiin"},"content":{"rendered":"<h2>Brodeeraus tuotteisiin<\/h2>\n<ul>\n<li>Vaatteisiin ja asusteisiin voidaan brodeerata koristeita, jotka tekev\u00e4t tuotteista ylellisi\u00e4 ja ainutlaatuisia;<\/li>\n<li>Kodin tekstiileihin brodeeratut yksityiskohtaiset ja monimutkaiset kuviot tekev\u00e4t tuotteista katseenvangitsijoita, nimien ja nimikirjainten brodeerauksella tuotteita voidaan personoida;<\/li>\n<li>Mainostuotteisiin brodeeratut yrityksen logot ja sloganit auttavat br\u00e4ndi\u00e4 erottumaan ja j\u00e4\u00e4m\u00e4\u00e4n mieleen. Brodeerata on mahdollista T-paitoihin, lippalakkeihin, ty\u00f6vaatteisiin, pyyhkeisiin ja moniin muihin tuotteisiin; <\/li>\n<li>Pehmoel\u00e4inten brodeeraus on yksi Pallas Designin suosituimmista palveluista. Personoimme <a href=\"https:\/\/dev2.pallasdesign.ee\/kaisukad\/\"><br \/>\n  <b>pehmolelun<\/b><br \/>\n<\/a> lapsen nimell\u00e4, johon voimme lis\u00e4t\u00e4 my\u00f6s syntym\u00e4ajan tai jopa kaikki syntym\u00e4tiedot; <\/li>\n<li>Vauvatuotteiden, kuten erilaisten <a href=\"https:\/\/dev2.pallasdesign.ee\/beebitekid\/\"><br \/>\n  <b>vauvan peittojen<\/b><br \/>\n<\/a>, <a href=\"https:\/\/dev2.pallasdesign.ee\/beebibodid\/\"><br \/>\n  <b>vauvabodien<\/b><br \/>\n<\/a> ja <a href=\"https:\/\/dev2.pallasdesign.ee\/froteetooted-lastele\/\"><br \/>\n  <b>froteetuotteiden<\/b><br \/>\n<\/a>, personointi on my\u00f6s asiakkaiden eritt\u00e4in kysytty palvelu.<\/li>\n<\/ul>\n<p><a href=\"https:\/\/dev2.pallasdesign.ee\/fi\/brodeeraus\/\"><b>Pallas Designin brodeeraukseen liittyviin palveluihin voit tutustua t\u00e4\u00e4ll\u00e4<\/b><\/a><\/p>\n","protected":false},"excerpt":{"rendered":"<p>Brodeeraus tuotteisiin on erinomainen tapa tehd\u00e4 niist\u00e4 ainutlaatuisia ja ylellisi\u00e4.<\/p>\n<p>Aina ei ole mahdollista brodeerata suoraan tuotteeseen. Pystymme tarjoamaan my\u00f6s tarvittavia lis\u00e4t\u00f6it\u00e4, kuten tuotteen purkamisen saumoista ja brodeerauksen j\u00e4lkeisen ompelun takaisin. <\/p>\n<p>Meill\u00e4 on laaja kokemus tuotteiden brodeerauksesta ja laaja valikoima laadukkaita brodeerauskuvioita!<\/p>\n","protected":false},"featured_media":14131,"template":"","meta":[],"product_brand":[],"product_cat":[962,897,898,899,900,901,902,903,904,905,906,907,908,909],"product_tag":[],"class_list":{"0":"post-19305","1":"product","2":"type-product","3":"status-publish","4":"has-post-thumbnail","6":"product_cat-pallas-design-fi","7":"product_cat-konekirjonta","8":"product_cat-kirjonta","9":"product_cat-kirjontatiedosto","10":"product_cat-applikaation-brodeeraus","11":"product_cat-brodeerattu-merkki","12":"product_cat-logon-brodeeraus","13":"product_cat-nimen-brodeeraus","14":"product_cat-brodeeraus","15":"product_cat-kirjontakuvio","16":"product_cat-brodeeraukset","17":"product_cat-vaatteisiin-kirjonta","18":"product_cat-konekirjonta-tallinnassa","19":"product_cat-kirjontapalvelu","20":"no-featured-image-padding","21":"sales-flash-overlay","22":"woocommerce-text-align-center","23":"woocommerce-image-align-center","24":"do-quantity-buttons","26":"first","27":"onbackorder","28":"taxable","29":"shipping-taxable","30":"product-type-simple"},"_links":{"self":[{"href":"https:\/\/dev2.pallasdesign.ee\/fi\/wp-json\/wp\/v2\/product\/19305","targetHints":{"allow":["GET"]}}],"collection":[{"href":"https:\/\/dev2.pallasdesign.ee\/fi\/wp-json\/wp\/v2\/product"}],"about":[{"href":"https:\/\/dev2.pallasdesign.ee\/fi\/wp-json\/wp\/v2\/types\/product"}],"wp:featuredmedia":[{"embeddable":true,"href":"https:\/\/dev2.pallasdesign.ee\/fi\/wp-json\/wp\/v2\/media\/14131"}],"wp:attachment":[{"href":"https:\/\/dev2.pallasdesign.ee\/fi\/wp-json\/wp\/v2\/media?parent=19305"}],"wp:term":[{"taxonomy":"product_brand","embeddable":true,"href":"https:\/\/dev2.pallasdesign.ee\/fi\/wp-json\/wp\/v2\/product_brand?post=19305"},{"taxonomy":"product_cat","embeddable":true,"href":"https:\/\/dev2.pallasdesign.ee\/fi\/wp-json\/wp\/v2\/product_cat?post=19305"},{"taxonomy":"product_tag","embeddable":true,"href":"https:\/\/dev2.pallasdesign.ee\/fi\/wp-json\/wp\/v2\/product_tag?post=19305"}],"curies":[{"name":"wp","href":"https:\/\/api.w.org\/{rel}","templated":true}]}}