{"id":19306,"date":"2024-07-26T13:25:19","date_gmt":"2024-07-26T10:25:19","guid":{"rendered":"https:\/\/dev2.pallasdesign.ee\/kasitoopood\/maaratlemata\/brodeeraus-puolivalmisteisiin\/"},"modified":"2025-11-21T07:58:04","modified_gmt":"2025-11-21T05:58:04","slug":"brodeeraus-puolivalmisteisiin","status":"publish","type":"product","link":"https:\/\/dev2.pallasdesign.ee\/fi\/brodeeraus-puolivalmisteisiin\/","title":{"rendered":"Brodeeraus puolivalmisteisiin"},"content":{"rendered":"<h2>Brodeeraus puolivalmisteisiin ja sen hy\u00f6dyt<\/h2>\n<ul>\n<li>Brodeeraus puolivalmisteisiin tarjoaa laajat mahdollisuudet luoda laadukkaita ja ainutlaatuisia tuotteita, jotka vastaavat tarkasti asiakkaiden tarpeisiin ja toiveisiin;<\/li>\n<li>Erinomainen tapa lis\u00e4t\u00e4 tuotteisiisi erottuva ja ammattimainen ilme;<\/li>\n<li>Ihanteellinen ratkaisu niille, jotka haluavat lis\u00e4t\u00e4 tuotteisiinsa yksityiskohtaisia ja laadukkaita kirjailuja ennen lopullista kokoamista tai viimeistely\u00e4;<\/li>\n<li>Mahdollistaa monimutkaisten kirjontamallien tarkan ja tehokkaan k\u00e4yt\u00f6n ja v\u00e4ltt\u00e4\u00e4 kirjontaan liittyvi\u00e4 mahdollisia ongelmia, jotka voivat ilmet\u00e4 vaatteen tai tuotteen ompelun j\u00e4lkeen;<\/li>\n<li>Antaa mahdollisuuden saavuttaa monimutkaisempia tuotesuunnitteluratkaisuja, joita olisi vaikea toteuttaa tuotteiden lopullisen valmistumisen j\u00e4lkeen.<\/li>\n<\/ul>\n<p><a href=\"https:\/\/dev2.pallasdesign.ee\/fi\/brodeeraus\/\"><b>Pallas Designin brodeeraukseen liittyviin palveluihin voit tutustua t\u00e4\u00e4ll\u00e4<\/b><\/a><\/p>\n","protected":false},"excerpt":{"rendered":"<p>Brodeeraus puolivalmisteisiin on laadukasta, ja ty\u00f6 suoritetaan ennen tuotteen t\u00e4ydellist\u00e4 kokoamista tai lopullista viimeistely\u00e4.<\/p>\n<p>Autamme sinua jokaisessa vaiheessa, alkaen alkuper\u00e4isest\u00e4 konsultaatiosta aina lopputulokseen asti. Yhdess\u00e4 voimme luoda jotain erityist\u00e4 ja ainutlaatuista. <\/p>\n<p>Jos olet kiinnostunut puolivalmisteiden brodeerauksesta, ota meihin yhteytt\u00e4.<\/p>\n","protected":false},"featured_media":14143,"template":"","meta":[],"product_brand":[],"product_cat":[962,897,898,899,900,901,902,903,904,905,906,907,908,909],"product_tag":[],"class_list":{"0":"post-19306","1":"product","2":"type-product","3":"status-publish","4":"has-post-thumbnail","6":"product_cat-pallas-design-fi","7":"product_cat-konekirjonta","8":"product_cat-kirjonta","9":"product_cat-kirjontatiedosto","10":"product_cat-applikaation-brodeeraus","11":"product_cat-brodeerattu-merkki","12":"product_cat-logon-brodeeraus","13":"product_cat-nimen-brodeeraus","14":"product_cat-brodeeraus","15":"product_cat-kirjontakuvio","16":"product_cat-brodeeraukset","17":"product_cat-vaatteisiin-kirjonta","18":"product_cat-konekirjonta-tallinnassa","19":"product_cat-kirjontapalvelu","20":"no-featured-image-padding","21":"sales-flash-overlay","22":"woocommerce-text-align-center","23":"woocommerce-image-align-center","24":"do-quantity-buttons","26":"first","27":"onbackorder","28":"taxable","29":"shipping-taxable","30":"product-type-simple"},"_links":{"self":[{"href":"https:\/\/dev2.pallasdesign.ee\/fi\/wp-json\/wp\/v2\/product\/19306","targetHints":{"allow":["GET"]}}],"collection":[{"href":"https:\/\/dev2.pallasdesign.ee\/fi\/wp-json\/wp\/v2\/product"}],"about":[{"href":"https:\/\/dev2.pallasdesign.ee\/fi\/wp-json\/wp\/v2\/types\/product"}],"wp:featuredmedia":[{"embeddable":true,"href":"https:\/\/dev2.pallasdesign.ee\/fi\/wp-json\/wp\/v2\/media\/14143"}],"wp:attachment":[{"href":"https:\/\/dev2.pallasdesign.ee\/fi\/wp-json\/wp\/v2\/media?parent=19306"}],"wp:term":[{"taxonomy":"product_brand","embeddable":true,"href":"https:\/\/dev2.pallasdesign.ee\/fi\/wp-json\/wp\/v2\/product_brand?post=19306"},{"taxonomy":"product_cat","embeddable":true,"href":"https:\/\/dev2.pallasdesign.ee\/fi\/wp-json\/wp\/v2\/product_cat?post=19306"},{"taxonomy":"product_tag","embeddable":true,"href":"https:\/\/dev2.pallasdesign.ee\/fi\/wp-json\/wp\/v2\/product_tag?post=19306"}],"curies":[{"name":"wp","href":"https:\/\/api.w.org\/{rel}","templated":true}]}}