{"id":19308,"date":"2024-07-26T13:20:41","date_gmt":"2024-07-26T10:20:41","guid":{"rendered":"https:\/\/dev2.pallasdesign.ee\/kasitoopood\/maaratlemata\/husqvarna-viking-kirjontatiedostot\/"},"modified":"2025-11-21T08:02:34","modified_gmt":"2025-11-21T06:02:34","slug":"husqvarna-viking-kirjontatiedostot","status":"publish","type":"product","link":"https:\/\/dev2.pallasdesign.ee\/fi\/husqvarna-viking-kirjontatiedostot\/","title":{"rendered":"Husqvarna VIKING kirjontatiedostot"},"content":{"rendered":"<h2 style=\"margin-bottom: 50px; text-align: center;\">Husqvarna Viking kirjontatiedostot &#8211; luettelo<\/h2>\n<p style=\"text-align: center;\">Luettelon voi n\u00e4ytt\u00e4\u00e4 koko n\u00e4yt\u00f6ll\u00e4 &#8221;Toggle Fullscreen&#8221; -painikkeen avulla (4-nuoli)<\/p>\n<p style=\"text-align: center;\">Jokaisella brodeerauskokoelmalla on nimi ja numero, kuten esimerkiksi &#8221;Vintage Quilt, Embroidery 299&#8221;<\/p>\n<div class=\"_df_book df-lite\" id=\"df_9950\"  _slug=\"husqvarna-viking-kataloog\" data-title=\"husqvarna-viking-kataloog\" wpoptions=\"true\" thumb=\"https:\/\/dev2.pallasdesign.ee\/wp-content\/uploads\/2024\/07\/husqvarna-viking-tikkimisfailide-kataloog.jpg\" thumbtype=\"\" ><\/div><script class=\"df-shortcode-script\" nowprocket type=\"application\/javascript\">window.option_df_9950 = {\"outline\":[],\"backgroundColor\":\"rgb(255,255,255)\",\"autoEnableOutline\":\"false\",\"autoEnableThumbnail\":\"false\",\"overwritePDFOutline\":\"false\",\"enableDownload\":\"false\",\"direction\":\"1\",\"pageSize\":\"0\",\"autoPlay\":\"true\",\"source\":\"https:\\\/\\\/dev2.pallasdesign.ee\\\/wp-content\\\/uploads\\\/2025\\\/02\\\/Husqvarna_VIKING__Embroidery_Catalogue.pdf\",\"wpOptions\":\"true\"}; if(window.DFLIP && window.DFLIP.parseBooks){window.DFLIP.parseBooks();}<\/script>\n<p style=\"margin-top: 10px;\"><b>Pallas Designin tietokannassa on Husqvarna VIKING -brodeerauskokoelmia numeroilla:<\/b><\/p>\n<p>265, 263, 251<br \/>\n249, 245, 244, 243,<br \/>\n233, 232, 230,<br \/>\n228, 225,<br \/>\n208, 207, 206, 205, 204, 203, 202, 201, 200,<br \/>\n199, 198, 197, 196, 193, 192, 191, 190,<br \/>\n189, 188, 187, 186, 185, 184, 183, 182, 181, 180,<br \/>\n179, 178, 177, 176, 175, 174, 173, 172, 171, 170,<br \/>\n169, 168, 167, 166, 165, 164, 163, 162, 161, 160,<br \/>\n159, 158, 157, 156, 155, 154, 153, 152, 151, 150,<br \/>\n148, 147, 146, 145, 144, 143, 142, 141,<br \/>\n139, 138, 137, 136, 135, 134, 133, 132, 131, 130,<br \/>\n129, 128, 127, 126, 125, 124, 123, 122, 121, 120,<br \/>\n119, 118, 117, 116, 115, 114, 113, 112, 111, 110,<br \/>\n109, 108, 107, 106, 105, 104, 103, 102, 101, 100,<br \/>\n95, 93, 92, 91, 90,<br \/>\n89, 88, 87, 86, 85, 84, 83, 82, 81, 80,<br \/>\n79, 77, 76, 75, 73, 72, 71, 70,<br \/>\n67, 66, 62, 61, 60,<br \/>\n59, 58, 56, 55, 54, 53, 52, 51, 50,<br \/>\n48, 47, 46, 45, 44, 43, 42, 41, 40,<br \/>\n39, 38, 37, 36, 35, 34, 33, 32, 31, 30,<br \/>\n29, 28, 27, 26, 25, 24, 23, 22, 21, 20,<br \/>\n19, 18, 17, 16, 15, 14, 13, 12, 11, 10,<br \/>\n9, 8, 7, 6, 5, 4, 3, 2<\/p>\n<p><a href=\"https:\/\/dev2.pallasdesign.ee\/fi\/brodeeraus\/\"><b>Pallas Designin brodeeraukseen liittyviin palveluihin voit tutustua t\u00e4\u00e4ll\u00e4<\/b><\/a><\/p>\n","protected":false},"excerpt":{"rendered":"<p>Husqvarna VIKING kirjontatiedostot ovat laadukkaita ja ammattilaisten luomia!<\/p>\n<p>Husqvarna VIKING -kokoelmista l\u00f6ytyy brodeerauksia eri makuihin ja tarpeisiin.<\/p>\n<p>Tarjoamme brodeeraukseen liittyvi\u00e4 palveluita uudessa ja viihtyis\u00e4ss\u00e4 studiossamme <a href=\"https:\/\/dev2.pallasdesign.ee\/kontakt\/\"><br \/>\n  <b>Tallinnassa, Pikaliiva tn.5<\/b><br \/>\n<\/a><\/p>\n","protected":false},"featured_media":14525,"template":"","meta":[],"product_brand":[],"product_cat":[962,897,898,899,900,901,902,903,904,905,906,907,908,909],"product_tag":[],"class_list":{"0":"post-19308","1":"product","2":"type-product","3":"status-publish","4":"has-post-thumbnail","6":"product_cat-pallas-design-fi","7":"product_cat-konekirjonta","8":"product_cat-kirjonta","9":"product_cat-kirjontatiedosto","10":"product_cat-applikaation-brodeeraus","11":"product_cat-brodeerattu-merkki","12":"product_cat-logon-brodeeraus","13":"product_cat-nimen-brodeeraus","14":"product_cat-brodeeraus","15":"product_cat-kirjontakuvio","16":"product_cat-brodeeraukset","17":"product_cat-vaatteisiin-kirjonta","18":"product_cat-konekirjonta-tallinnassa","19":"product_cat-kirjontapalvelu","20":"no-featured-image-padding","21":"sales-flash-overlay","22":"woocommerce-text-align-center","23":"woocommerce-image-align-center","24":"do-quantity-buttons","26":"first","27":"onbackorder","28":"taxable","29":"shipping-taxable","30":"product-type-simple"},"_links":{"self":[{"href":"https:\/\/dev2.pallasdesign.ee\/fi\/wp-json\/wp\/v2\/product\/19308","targetHints":{"allow":["GET"]}}],"collection":[{"href":"https:\/\/dev2.pallasdesign.ee\/fi\/wp-json\/wp\/v2\/product"}],"about":[{"href":"https:\/\/dev2.pallasdesign.ee\/fi\/wp-json\/wp\/v2\/types\/product"}],"wp:featuredmedia":[{"embeddable":true,"href":"https:\/\/dev2.pallasdesign.ee\/fi\/wp-json\/wp\/v2\/media\/14525"}],"wp:attachment":[{"href":"https:\/\/dev2.pallasdesign.ee\/fi\/wp-json\/wp\/v2\/media?parent=19308"}],"wp:term":[{"taxonomy":"product_brand","embeddable":true,"href":"https:\/\/dev2.pallasdesign.ee\/fi\/wp-json\/wp\/v2\/product_brand?post=19308"},{"taxonomy":"product_cat","embeddable":true,"href":"https:\/\/dev2.pallasdesign.ee\/fi\/wp-json\/wp\/v2\/product_cat?post=19308"},{"taxonomy":"product_tag","embeddable":true,"href":"https:\/\/dev2.pallasdesign.ee\/fi\/wp-json\/wp\/v2\/product_tag?post=19308"}],"curies":[{"name":"wp","href":"https:\/\/api.w.org\/{rel}","templated":true}]}}