{"id":19309,"date":"2023-11-28T05:40:41","date_gmt":"2023-11-28T03:40:41","guid":{"rendered":"https:\/\/dev2.pallasdesign.ee\/kasitoopood\/maaratlemata\/brodeerattu-aamutakki-koot-74-92\/"},"modified":"2025-11-23T16:41:48","modified_gmt":"2025-11-23T14:41:48","slug":"brodeerattu-aamutakki-koot-74-92","status":"publish","type":"product","link":"https:\/\/dev2.pallasdesign.ee\/fi\/brodeerattu-aamutakki-koot-74-92\/","title":{"rendered":"Brodeerattu aamutakki, koot 74\u201392"},"content":{"rendered":"<h2>Brodeerattu aamutakki<\/h2>\n<p>Brodeerattu aamutakki on valmistettu p\u00f6rr\u00f6isest\u00e4 froteekankaasta.<\/p>\n<p>Hoito-ohjeet: W\u00f6rnerin tuotteet on viimeistelty korkeatasoisesti ja ovat siksi pest\u00e4vi\u00e4. Suosittelemme kuitenkin pesem\u00e4\u00e4n tuotteen vain samanv\u00e4risten vaatteiden kanssa ja tarkasti hoito-ohjetta noudattaen. \u00c4lk\u00e4\u00e4 pesk\u00f6 liian kuumassa tai kylm\u00e4ss\u00e4 vedess\u00e4, muuten v\u00e4ri kirkkaus k\u00e4rsii ja tuotteeseen voi muodostua nukkaa. Pesussa on my\u00f6s varottava, ettei froteetuotteen kanssa joudu kosketuksiin koukkuja tai tarrakiinnikkeit\u00e4.   <\/p>\n<p><a href=\"https:\/\/dev2.pallasdesign.ee\/fi\/lasten-aamutakit\/\"><b>Lasten aamutakkiemme valikoimaan voit tutustua t\u00e4\u00e4ll\u00e4.<\/b><\/a><\/p>\n<h3>Tuotetiedot<\/h3>\n<ul>\n<li>Tuotemerkki: W\u00f6rner S\u00fcdfrottier<\/li>\n<li>Tuotetyyppi: Aamutakit (brodeeratut)<\/li>\n<li>Materiaali: 100 % puuvillaa<\/li>\n<li>Koot: 74\/80 ja 86\/92<\/li>\n<li>Pesu: Konepesu 60 \u00b0C<\/li>\n<li>Kuivaus: Rumpukuivaus matalassa l\u00e4mp\u00f6tilassa<\/li>\n<li>Silitys: Keskil\u00e4mm\u00f6ll\u00e4 150 \u00b0C<\/li>\n<li>Sertifikaatti: \u00d6ko-Tex Standard 100<\/li>\n<li>Toimitustapa: Toimitus l\u00e4himp\u00e4\u00e4n pakettiautomaattiin<\/li>\n<\/ul>\n","protected":false},"excerpt":{"rendered":"<p>Brodeerattu aamutakki lapselle. Tuotteeseen on jo tehtaalla brodeerattu suloinen kirjonta. Lis\u00e4\u00e4mme aamutakkiin lapsen nimen tai jonkin viestin. Mukava ja pehme\u00e4 froteetuote!   <\/p>\n<ul>\n<li>Nimet ja tekstit brodeeraamme asiakkaan valitsemassa v\u00e4riss\u00e4<\/li>\n<li>Brodeeraukset ja applikaatiot brodeeraamme kuvassa olevilla v\u00e4reill\u00e4<\/li>\n<li>Applikaatioissa k\u00e4yt\u00e4mme sopivia kankaita<\/li>\n<li>HUOM! Tilatun kirjonnan brodeeraamme aamutakin oikeaan rintaosaan. Jos haluat brodeerauksen muualle, kirjoita se tilauksen huomautuksiin tai ota meihin yhteytt\u00e4.  <\/li>\n<\/ul>\n","protected":false},"featured_media":11051,"template":"","meta":[],"product_brand":[],"product_cat":[847,809,810,813,956,818,848,849],"product_tag":[],"class_list":{"0":"post-19309","1":"product","2":"type-product","3":"status-publish","4":"has-post-thumbnail","6":"product_cat-lasten-aamutakit","7":"product_cat-lastentuotteet","8":"product_cat-lastenvaatteet","9":"product_cat-brodeeratut-tuotteet","10":"product_cat-worner-fi","11":"product_cat-froteetuotteet-lapsille","12":"product_cat-poikien-kylpytakit","13":"product_cat-tyttojen-kylpytakit","14":"no-featured-image-padding","15":"sales-flash-overlay","16":"woocommerce-text-align-center","17":"woocommerce-image-align-center","18":"do-quantity-buttons","20":"first","21":"instock","22":"taxable","23":"shipping-taxable","24":"purchasable","25":"product-type-variable"},"_links":{"self":[{"href":"https:\/\/dev2.pallasdesign.ee\/fi\/wp-json\/wp\/v2\/product\/19309","targetHints":{"allow":["GET"]}}],"collection":[{"href":"https:\/\/dev2.pallasdesign.ee\/fi\/wp-json\/wp\/v2\/product"}],"about":[{"href":"https:\/\/dev2.pallasdesign.ee\/fi\/wp-json\/wp\/v2\/types\/product"}],"wp:featuredmedia":[{"embeddable":true,"href":"https:\/\/dev2.pallasdesign.ee\/fi\/wp-json\/wp\/v2\/media\/11051"}],"wp:attachment":[{"href":"https:\/\/dev2.pallasdesign.ee\/fi\/wp-json\/wp\/v2\/media?parent=19309"}],"wp:term":[{"taxonomy":"product_brand","embeddable":true,"href":"https:\/\/dev2.pallasdesign.ee\/fi\/wp-json\/wp\/v2\/product_brand?post=19309"},{"taxonomy":"product_cat","embeddable":true,"href":"https:\/\/dev2.pallasdesign.ee\/fi\/wp-json\/wp\/v2\/product_cat?post=19309"},{"taxonomy":"product_tag","embeddable":true,"href":"https:\/\/dev2.pallasdesign.ee\/fi\/wp-json\/wp\/v2\/product_tag?post=19309"}],"curies":[{"name":"wp","href":"https:\/\/api.w.org\/{rel}","templated":true}]}}