{"id":19345,"date":"2023-11-28T05:00:18","date_gmt":"2023-11-28T03:00:18","guid":{"rendered":"https:\/\/dev2.pallasdesign.ee\/kasitoopood\/maaratlemata\/huppupyyhkeet-100x100cm\/"},"modified":"2025-11-23T16:49:06","modified_gmt":"2025-11-23T14:49:06","slug":"huppupyyhe-100x100cm","status":"publish","type":"product","link":"https:\/\/dev2.pallasdesign.ee\/fi\/huppupyyhe-100x100cm\/","title":{"rendered":"Huppupyyhkeet 100x100cm"},"content":{"rendered":"<h2>Huppupyyhe<\/h2>\n<p>Huppupyyhkeet 100&#215;100 cm on valmistettu pehme\u00e4st\u00e4 froteekankaasta.<\/p>\n<p>Hoito-ohjeet: W\u00f6rnerin tuotteet on viimeistelty korkeatasoisesti ja ovat siksi pest\u00e4vi\u00e4. Suosittelemme kuitenkin pesem\u00e4\u00e4n tuotteen vain samanv\u00e4risten vaatteiden kanssa ja tarkasti hoito-ohjetta noudattaen. \u00c4lk\u00e4\u00e4 pesk\u00f6 liian kuumassa tai kylm\u00e4ss\u00e4 vedess\u00e4, muuten v\u00e4ri kirkkaus k\u00e4rsii ja tuotteeseen voi muodostua nukkaa. Pesussa on my\u00f6s varottava, ettei froteetuotteen kanssa joudu kosketuksiin koukkuja tai tarrakiinnikkeit\u00e4.   <\/p>\n<p><a href=\"https:\/\/dev2.pallasdesign.ee\/fi\/huppupyyhkeet\/\"><b>Meid\u00e4n huppupyyhkeiden valikoimaamme voit tutustua t\u00e4\u00e4ll\u00e4<\/b><\/a><\/p>\n<h3>Tuotetiedot<\/h3>\n<ul>\n<li>Tuotemerkki: W\u00f6rner S\u00fcdfrottier<\/li>\n<li>Tuotetyyppi: Huppupyyhkeet 100x100cm<\/li>\n<li>Materiaali: 100 % puuvillaa<\/li>\n<li>Mitat: 100x100cm<\/li>\n<li>Pesu: Konepesu 60 \u00b0C<\/li>\n<li>Kuivaus: Rumpukuivaus matalassa l\u00e4mp\u00f6tilassa<\/li>\n<li>Silitys: Keskil\u00e4mm\u00f6ll\u00e4 150 \u00b0C<\/li>\n<li>Sertifikaatti: \u00d6ko-Tex Standard 100<\/li>\n<li>Toimitustapa: Toimitus l\u00e4himp\u00e4\u00e4n pakettiautomaattiin<\/li>\n<\/ul>\n","protected":false},"excerpt":{"rendered":"<p>Huppupyyhe lapselle brodeerauksella koristeluun. Brodeeraamme pyyhkeeseen nimen, viestin tai designin. Nimikirjonnalla varustettu huppupyyhe on henkil\u00f6kohtainen ja ainutlaatuinen. Laadukas konekirjonta koristaa jokaista lahjaa.   <\/p>\n<ul>\n<li>Nimet ja tekstit brodeeraamme asiakkaan valitsemassa v\u00e4riss\u00e4<\/li>\n<li>Brodeeraukset ja applikaatiot brodeeraamme kuvassa olevilla v\u00e4reill\u00e4<\/li>\n<li>Applikaatioissa k\u00e4yt\u00e4mme sopivia kankaita<\/li>\n<li>HUOM! Tilaamasi brodeerauksen brodeeraamme huppuun. Jos haluat brodeerauksen muualle, kirjoita se tilauksen huomautuksiin tai ota meihin yhteytt\u00e4.  <\/li>\n<\/ul>\n","protected":false},"featured_media":11045,"template":"","meta":[],"product_brand":[],"product_cat":[829,799,804,805,956,815,816,817,818,819,820],"product_tag":[],"class_list":{"0":"post-19345","1":"product","2":"type-product","3":"status-publish","4":"has-post-thumbnail","6":"product_cat-huppupyyhkeet","7":"product_cat-vauvatuotteet","8":"product_cat-ristiaislahja","9":"product_cat-nimiaislahjat","10":"product_cat-worner-fi","11":"product_cat-vauvan-pyyhe","12":"product_cat-vauvan-kylpyviitta","13":"product_cat-vauvan-kylpypyyhe","14":"product_cat-froteetuotteet-lapsille","15":"product_cat-pyyhkeet-hupulla","16":"product_cat-lasten-pyyhkeet","17":"no-featured-image-padding","18":"sales-flash-overlay","19":"woocommerce-text-align-center","20":"woocommerce-image-align-center","21":"do-quantity-buttons","23":"first","24":"instock","25":"taxable","26":"shipping-taxable","27":"purchasable","28":"product-type-variable"},"_links":{"self":[{"href":"https:\/\/dev2.pallasdesign.ee\/fi\/wp-json\/wp\/v2\/product\/19345","targetHints":{"allow":["GET"]}}],"collection":[{"href":"https:\/\/dev2.pallasdesign.ee\/fi\/wp-json\/wp\/v2\/product"}],"about":[{"href":"https:\/\/dev2.pallasdesign.ee\/fi\/wp-json\/wp\/v2\/types\/product"}],"wp:featuredmedia":[{"embeddable":true,"href":"https:\/\/dev2.pallasdesign.ee\/fi\/wp-json\/wp\/v2\/media\/11045"}],"wp:attachment":[{"href":"https:\/\/dev2.pallasdesign.ee\/fi\/wp-json\/wp\/v2\/media?parent=19345"}],"wp:term":[{"taxonomy":"product_brand","embeddable":true,"href":"https:\/\/dev2.pallasdesign.ee\/fi\/wp-json\/wp\/v2\/product_brand?post=19345"},{"taxonomy":"product_cat","embeddable":true,"href":"https:\/\/dev2.pallasdesign.ee\/fi\/wp-json\/wp\/v2\/product_cat?post=19345"},{"taxonomy":"product_tag","embeddable":true,"href":"https:\/\/dev2.pallasdesign.ee\/fi\/wp-json\/wp\/v2\/product_tag?post=19345"}],"curies":[{"name":"wp","href":"https:\/\/api.w.org\/{rel}","templated":true}]}}