{"id":19373,"date":"2023-11-28T03:00:39","date_gmt":"2023-11-28T01:00:39","guid":{"rendered":"https:\/\/dev2.pallasdesign.ee\/kasitoopood\/maaratlemata\/hihalliset-ruokalaput-68x34cm-brodeerauksella\/"},"modified":"2025-11-23T16:55:50","modified_gmt":"2025-11-23T14:55:50","slug":"hihallinen-ruokalappu-68x34cm-brodeerauksella","status":"publish","type":"product","link":"https:\/\/dev2.pallasdesign.ee\/fi\/hihallinen-ruokalappu-68x34cm-brodeerauksella\/","title":{"rendered":"Hihalliset ruokalaput 68x34cm (brodeerauksella)"},"content":{"rendered":"<h2>Hihallinen ruokalappu<\/h2>\n<p>Ruokalappu 68&#215;34 cm (brodeerauksella) on valmistettu pehme\u00e4st\u00e4 froteekankaasta.<\/p>\n<p>Hoito-ohjeet: W\u00f6rnerin tuotteet on viimeistelty korkeatasoisesti ja ovat siksi pest\u00e4vi\u00e4. Suosittelemme kuitenkin pesem\u00e4\u00e4n tuotteen vain samanv\u00e4risten vaatteiden kanssa ja tarkasti hoito-ohjetta noudattaen. \u00c4lk\u00e4\u00e4 pesk\u00f6 liian kuumassa tai kylm\u00e4ss\u00e4 vedess\u00e4, muuten v\u00e4ri kirkkaus k\u00e4rsii ja tuotteeseen voi muodostua nukkaa. Pesussa on my\u00f6s varottava, ettei froteetuotteen kanssa joudu kosketuksiin koukkuja tai tarrakiinnikkeit\u00e4.   <\/p>\n<p><a href=\"https:\/\/dev2.pallasdesign.ee\/fi\/ruokalaput\/\"><b>Meid\u00e4n ruokalappuvalikoimaamme voit tutustua t\u00e4\u00e4ll\u00e4<\/b><\/a><\/p>\n<h3>Tuotetiedot<\/h3>\n<ul>\n<li>Tuotemerkki: W\u00f6rner S\u00fcdfrottier<\/li>\n<li>Tuotetyyppi: Hihalliset ruokalaput 68x34cm (brodeerauksella)<\/li>\n<li>Materiaali: 100 % puuvillaa<\/li>\n<li>Leveys: Hihansuusta hihansuuhun 68cm<\/li>\n<li>Korkeus: Olkavarresta ruokalapun alareunaan 34cm <\/li>\n<li>Pesu: Konepesu 60 \u00b0C<\/li>\n<li>Kuivaus: Rumpukuivaus matalassa l\u00e4mp\u00f6tilassa<\/li>\n<li>Silitys: Keskil\u00e4mm\u00f6ll\u00e4 150 \u00b0C<\/li>\n<li>Sertifikaatti: \u00d6ko-Tex Standard 100<\/li>\n<li>Toimitustapa: Toimitus l\u00e4himp\u00e4\u00e4n pakettiautomaattiin<\/li>\n<\/ul>\n","protected":false},"excerpt":{"rendered":"<p>Hihallinen ruokalappu vauvalle brodeerauksella koristeluun. Ruokalapuissa olevat hihat auttavat lis\u00e4ksi suojaamaan lapsen vaatteita. Tuotteeseen on jo tehtaalla brodeerattu suloinen kuvio. Sopiva lahja risti\u00e4isiin!   <\/p>\n<ul>\n<li>Nimen brodeeraamme asiakkaan valitsemalla v\u00e4rill\u00e4<\/li>\n<li>HUOM! Tilattu brodeeraus tehd\u00e4\u00e4n tehdasbrodeerauksen yl\u00e4puolelle. <\/li>\n<\/ul>\n","protected":false},"featured_media":11041,"template":"","meta":[],"product_brand":[],"product_cat":[831,799,804,805,813,956,814,818,821],"product_tag":[],"class_list":{"0":"post-19373","1":"product","2":"type-product","3":"status-publish","4":"has-post-thumbnail","6":"product_cat-ruokalaput","7":"product_cat-vauvatuotteet","8":"product_cat-ristiaislahja","9":"product_cat-nimiaislahjat","10":"product_cat-brodeeratut-tuotteet","11":"product_cat-worner-fi","12":"product_cat-vauvan-essu","13":"product_cat-froteetuotteet-lapsille","14":"product_cat-hihalliset-ruokalaput","15":"no-featured-image-padding","16":"sales-flash-overlay","17":"woocommerce-text-align-center","18":"woocommerce-image-align-center","19":"do-quantity-buttons","21":"first","22":"instock","23":"taxable","24":"shipping-taxable","25":"purchasable","26":"product-type-variable"},"_links":{"self":[{"href":"https:\/\/dev2.pallasdesign.ee\/fi\/wp-json\/wp\/v2\/product\/19373","targetHints":{"allow":["GET"]}}],"collection":[{"href":"https:\/\/dev2.pallasdesign.ee\/fi\/wp-json\/wp\/v2\/product"}],"about":[{"href":"https:\/\/dev2.pallasdesign.ee\/fi\/wp-json\/wp\/v2\/types\/product"}],"wp:featuredmedia":[{"embeddable":true,"href":"https:\/\/dev2.pallasdesign.ee\/fi\/wp-json\/wp\/v2\/media\/11041"}],"wp:attachment":[{"href":"https:\/\/dev2.pallasdesign.ee\/fi\/wp-json\/wp\/v2\/media?parent=19373"}],"wp:term":[{"taxonomy":"product_brand","embeddable":true,"href":"https:\/\/dev2.pallasdesign.ee\/fi\/wp-json\/wp\/v2\/product_brand?post=19373"},{"taxonomy":"product_cat","embeddable":true,"href":"https:\/\/dev2.pallasdesign.ee\/fi\/wp-json\/wp\/v2\/product_cat?post=19373"},{"taxonomy":"product_tag","embeddable":true,"href":"https:\/\/dev2.pallasdesign.ee\/fi\/wp-json\/wp\/v2\/product_tag?post=19373"}],"curies":[{"name":"wp","href":"https:\/\/api.w.org\/{rel}","templated":true}]}}