{"id":19423,"date":"2023-11-28T02:00:30","date_gmt":"2023-11-28T00:00:30","guid":{"rendered":"https:\/\/dev2.pallasdesign.ee\/kasitoopood\/maaratlemata\/isot-brodeeratut-ruokalaput-30x45-cm\/"},"modified":"2025-11-23T16:57:23","modified_gmt":"2025-11-23T14:57:23","slug":"iso-brodeerattu-ruokalappu-30x45-cm","status":"publish","type":"product","link":"https:\/\/dev2.pallasdesign.ee\/fi\/iso-brodeerattu-ruokalappu-30x45-cm\/","title":{"rendered":"Isot brodeeratut ruokalaput 30&#215;45 cm"},"content":{"rendered":"<h2>Iso brodeerattu ruokalappu<\/h2>\n<p>Iso brodeerattu ruokalappu 30&#215;45 cm on valmistettu pehme\u00e4st\u00e4 froteekankaasta.<\/p>\n<p>Hoito-ohjeet: W\u00f6rnerin tuotteet on viimeistelty korkeatasoisesti ja ovat siksi pest\u00e4vi\u00e4. Suosittelemme kuitenkin pesem\u00e4\u00e4n tuotteen vain samanv\u00e4risten vaatteiden kanssa ja tarkasti hoito-ohjetta noudattaen. \u00c4lk\u00e4\u00e4 pesk\u00f6 liian kuumassa tai kylm\u00e4ss\u00e4 vedess\u00e4, muuten v\u00e4ri kirkkaus k\u00e4rsii ja tuotteeseen voi muodostua nukkaa. Pesussa on my\u00f6s varottava, ettei froteetuotteen kanssa joudu kosketuksiin koukkuja tai tarrakiinnikkeit\u00e4.   <\/p>\n<p><a href=\"https:\/\/dev2.pallasdesign.ee\/fi\/ruokalaput\/\"><b>Meid\u00e4n ruokalappuvalikoimaamme voit tutustua t\u00e4\u00e4ll\u00e4<\/b><\/a><\/p>\n<h3>Tuotetiedot<\/h3>\n<ul>\n<li>Tuotemerkki: W\u00f6rner S\u00fcdfrottier<\/li>\n<li>Tuotetyyppi: Isot ruokalaput 30&#215;45 cm (brodeerauksella)<\/li>\n<li>Materiaali: 100 % puuvillaa<\/li>\n<li>Mitat: Leveys 30 cm, korkeus 45 cm<\/li>\n<li>Pesu: Konepesu 60 \u00b0C<\/li>\n<li>Kuivaus: Rumpukuivaus matalassa l\u00e4mp\u00f6tilassa<\/li>\n<li>Silitys: Keskil\u00e4mm\u00f6ll\u00e4 150 \u00b0C<\/li>\n<li>Sertifikaatti: \u00d6ko-Tex Standard 100<\/li>\n<li>Toimitustapa: Toimitus l\u00e4himp\u00e4\u00e4n pakettiautomaattiin<\/li>\n<\/ul>\n","protected":false},"excerpt":{"rendered":"<p>Suuret kirjotut ruokalaput taaperolle. Tarranauha auttaa kiinnitt\u00e4m\u00e4\u00e4n ruokalapun mukavasti. Tuotteeseen on jo tehtaalla kirjailtu suloinen kirjonta. Ihanteellinen vauvalahja!   <\/p>\n<ul>\n<li>Nimen brodeeraamme asiakkaan valitsemalla v\u00e4rill\u00e4<\/li>\n<li>HUOM! Tilattu brodeeraus tehd\u00e4\u00e4n tehdasbrodeerauksen yl\u00e4puolelle. <\/li>\n<\/ul>\n","protected":false},"featured_media":11039,"template":"","meta":[],"product_brand":[],"product_cat":[831,799,804,805,813,956,814,818],"product_tag":[],"class_list":{"0":"post-19423","1":"product","2":"type-product","3":"status-publish","4":"has-post-thumbnail","6":"product_cat-ruokalaput","7":"product_cat-vauvatuotteet","8":"product_cat-ristiaislahja","9":"product_cat-nimiaislahjat","10":"product_cat-brodeeratut-tuotteet","11":"product_cat-worner-fi","12":"product_cat-vauvan-essu","13":"product_cat-froteetuotteet-lapsille","14":"no-featured-image-padding","15":"sales-flash-overlay","16":"woocommerce-text-align-center","17":"woocommerce-image-align-center","18":"do-quantity-buttons","20":"first","21":"instock","22":"taxable","23":"shipping-taxable","24":"purchasable","25":"product-type-variable"},"_links":{"self":[{"href":"https:\/\/dev2.pallasdesign.ee\/fi\/wp-json\/wp\/v2\/product\/19423","targetHints":{"allow":["GET"]}}],"collection":[{"href":"https:\/\/dev2.pallasdesign.ee\/fi\/wp-json\/wp\/v2\/product"}],"about":[{"href":"https:\/\/dev2.pallasdesign.ee\/fi\/wp-json\/wp\/v2\/types\/product"}],"wp:featuredmedia":[{"embeddable":true,"href":"https:\/\/dev2.pallasdesign.ee\/fi\/wp-json\/wp\/v2\/media\/11039"}],"wp:attachment":[{"href":"https:\/\/dev2.pallasdesign.ee\/fi\/wp-json\/wp\/v2\/media?parent=19423"}],"wp:term":[{"taxonomy":"product_brand","embeddable":true,"href":"https:\/\/dev2.pallasdesign.ee\/fi\/wp-json\/wp\/v2\/product_brand?post=19423"},{"taxonomy":"product_cat","embeddable":true,"href":"https:\/\/dev2.pallasdesign.ee\/fi\/wp-json\/wp\/v2\/product_cat?post=19423"},{"taxonomy":"product_tag","embeddable":true,"href":"https:\/\/dev2.pallasdesign.ee\/fi\/wp-json\/wp\/v2\/product_tag?post=19423"}],"curies":[{"name":"wp","href":"https:\/\/api.w.org\/{rel}","templated":true}]}}