{"id":19426,"date":"2023-11-28T01:00:01","date_gmt":"2023-11-27T23:00:01","guid":{"rendered":"https:\/\/dev2.pallasdesign.ee\/kasitoopood\/maaratlemata\/isot-ruokalaput-30x45-cm\/"},"modified":"2025-11-23T16:58:33","modified_gmt":"2025-11-23T14:58:33","slug":"iso-ruokalappu-30x45-cm","status":"publish","type":"product","link":"https:\/\/dev2.pallasdesign.ee\/fi\/iso-ruokalappu-30x45-cm\/","title":{"rendered":"Isot ruokalaput 30&#215;45 cm"},"content":{"rendered":"<h2>Iso ruokalappu<\/h2>\n<p>Iso ruokalappu 30&#215;45 cm on valmistettu pehme\u00e4st\u00e4 froteekankaasta.<\/p>\n<p>Hoito-ohjeet: W\u00f6rnerin tuotteet on viimeistelty korkeatasoisesti ja ovat siksi pest\u00e4vi\u00e4. Suosittelemme kuitenkin pesem\u00e4\u00e4n tuotteen vain samanv\u00e4risten vaatteiden kanssa ja tarkasti hoito-ohjetta noudattaen. \u00c4lk\u00e4\u00e4 pesk\u00f6 liian kuumassa tai kylm\u00e4ss\u00e4 vedess\u00e4, muuten v\u00e4ri kirkkaus k\u00e4rsii ja tuotteeseen voi muodostua nukkaa. Pesussa on my\u00f6s varottava, ettei froteetuotteen kanssa joudu kosketuksiin koukkuja tai tarrakiinnikkeit\u00e4.   <\/p>\n<p><a href=\"https:\/\/dev2.pallasdesign.ee\/fi\/ruokalaput\/\"><b>Meid\u00e4n ruokalappuvalikoimaamme voit tutustua t\u00e4\u00e4ll\u00e4<\/b><\/a><\/p>\n<h3>Tuotetiedot<\/h3>\n<ul>\n<li>Tuotemerkki: W\u00f6rner S\u00fcdfrottier<\/li>\n<li>Tuotetyyppi: Isot ruokalaput 30&#215;45 cm<\/li>\n<li>Materiaali: 100 % puuvillaa<\/li>\n<li>Mitat: Leveys 30 cm, korkeus 45 cm<\/li>\n<li>Pesu: Konepesu 60 \u00b0C<\/li>\n<li>Kuivaus: Rumpukuivaus matalassa l\u00e4mp\u00f6tilassa<\/li>\n<li>Silitys: Keskil\u00e4mm\u00f6ll\u00e4 150 \u00b0C<\/li>\n<li>Sertifikaatti: \u00d6ko-Tex Standard 100<\/li>\n<li>Toimitustapa: Toimitus l\u00e4himp\u00e4\u00e4n pakettiautomaattiin<\/li>\n<\/ul>\n","protected":false},"excerpt":{"rendered":"<p>Iso ruokalappu lapselle brodeerauksella personointiin. Tarrakiinnitys helpottaa esiliinan kiinnitt\u00e4mist\u00e4 mukavasti. Konebrodeeraus sopii erinomaisesti lahjan koristeluun, ja henkil\u00f6kohtainen nimibrodeeraus tuotteessa tekee risti\u00e4islahjasta ainutlaatuisen.  <\/p>\n<ul>\n<li>Nimet ja tekstit brodeeraamme asiakkaan valitsemassa v\u00e4riss\u00e4<\/li>\n<li>Brodeeraukset ja applikaatiot brodeeraamme kuvassa olevilla v\u00e4reill\u00e4<\/li>\n<li>Applikaatioissa k\u00e4yt\u00e4mme sopivia kankaita<\/li>\n<\/ul>\n","protected":false},"featured_media":11037,"template":"","meta":[],"product_brand":[],"product_cat":[831,799,804,805,956,814,818],"product_tag":[],"class_list":{"0":"post-19426","1":"product","2":"type-product","3":"status-publish","4":"has-post-thumbnail","6":"product_cat-ruokalaput","7":"product_cat-vauvatuotteet","8":"product_cat-ristiaislahja","9":"product_cat-nimiaislahjat","10":"product_cat-worner-fi","11":"product_cat-vauvan-essu","12":"product_cat-froteetuotteet-lapsille","13":"no-featured-image-padding","14":"sales-flash-overlay","15":"woocommerce-text-align-center","16":"woocommerce-image-align-center","17":"do-quantity-buttons","19":"first","20":"instock","21":"taxable","22":"shipping-taxable","23":"purchasable","24":"product-type-variable"},"_links":{"self":[{"href":"https:\/\/dev2.pallasdesign.ee\/fi\/wp-json\/wp\/v2\/product\/19426","targetHints":{"allow":["GET"]}}],"collection":[{"href":"https:\/\/dev2.pallasdesign.ee\/fi\/wp-json\/wp\/v2\/product"}],"about":[{"href":"https:\/\/dev2.pallasdesign.ee\/fi\/wp-json\/wp\/v2\/types\/product"}],"wp:featuredmedia":[{"embeddable":true,"href":"https:\/\/dev2.pallasdesign.ee\/fi\/wp-json\/wp\/v2\/media\/11037"}],"wp:attachment":[{"href":"https:\/\/dev2.pallasdesign.ee\/fi\/wp-json\/wp\/v2\/media?parent=19426"}],"wp:term":[{"taxonomy":"product_brand","embeddable":true,"href":"https:\/\/dev2.pallasdesign.ee\/fi\/wp-json\/wp\/v2\/product_brand?post=19426"},{"taxonomy":"product_cat","embeddable":true,"href":"https:\/\/dev2.pallasdesign.ee\/fi\/wp-json\/wp\/v2\/product_cat?post=19426"},{"taxonomy":"product_tag","embeddable":true,"href":"https:\/\/dev2.pallasdesign.ee\/fi\/wp-json\/wp\/v2\/product_tag?post=19426"}],"curies":[{"name":"wp","href":"https:\/\/api.w.org\/{rel}","templated":true}]}}