{"id":19443,"date":"2023-10-27T20:43:43","date_gmt":"2023-10-27T17:43:43","guid":{"rendered":"https:\/\/dev2.pallasdesign.ee\/kasitoopood\/maaratlemata\/vauvan-body-vaalenpunainen-1-kpl-koot-50-68\/"},"modified":"2025-11-23T23:17:30","modified_gmt":"2025-11-23T21:17:30","slug":"vauvan-vaatteet-vaalenpunainen","status":"publish","type":"product","link":"https:\/\/dev2.pallasdesign.ee\/fi\/vauvan-vaatteet-vaalenpunainen\/","title":{"rendered":"Vauvan body VAALENPUNAINEN 1 kpl, koot 50\u201368"},"content":{"rendered":"<h2>Vauvan vaatteet \u2013 vaaleanpunainen kietaisubody LaLoona<\/h2>\n<p>Nauti olostasi pehme\u00e4n puuvillan syleilyss\u00e4!<\/p>\n<p>N\u00e4m\u00e4 vauvojen perusvarustukseen kuuluvat pehme\u00e4t pitk\u00e4hihainen kietaisubodyt varmistavat, ett\u00e4 lapsesi tuntee olonsa mukavaksi ensimm\u00e4isest\u00e4 p\u00e4iv\u00e4st\u00e4 l\u00e4htien. 100 % puuvillasta valmistettu halattavan pehme\u00e4 kangas on eritt\u00e4in hell\u00e4 vauvan iholle. Haaroissa olevien neppareiden ansiosta vaipan voi vaihtaa nopeasti.  <\/p>\n<p>My\u00f6s pukeminen ja riisuminen on helppoa sivussa olevien nepparikiinnitysten ansiosta. T\u00e4m\u00e4 on vauvallesi eritt\u00e4in mukavaa, sill\u00e4 bodya ei tarvitse vet\u00e4\u00e4 pienen vauvan p\u00e4\u00e4n yli. Tuotteessa on pitk\u00e4t hihat, joten se sopii erityisen hyvin viile\u00e4mpiin p\u00e4iviin. Likaantuessaan tuotteen voi helposti pest\u00e4 koneessa 40 \u00b0C:ssa ja rumpukuivata.   <\/p>\n<p>Huomautus: Puuvilla voi kutistua riippuen kuivausrummun l\u00e4mp\u00f6tilasta, joten suosittelemme tilaamaan suuremman koon, jos k\u00e4yt\u00e4t kuivausrumpua.<\/p>\n<p><a href=\"https:\/\/dev2.pallasdesign.ee\/fi\/vauvan-bodyt\/\"><b>Tutustu vauvan bodyjen valikoimaamme t\u00e4\u00e4ll\u00e4<\/b><\/a><\/p>\n<h3>Tuotetiedot<\/h3>\n<ul>\n<li>Tavaramerkki: LaLoona<\/li>\n<li>Tuotetyyppi: Kietaisubody<\/li>\n<li>Materiaali: 100 % puuvillaa<\/li>\n<li>Pesu: 40\u00b0C<\/li>\n<li>Kuivaus: Rumpukuivaus sallittu (enint\u00e4\u00e4n 150 \u00b0C)<\/li>\n<li>Sertifikaatti: \u00d6ko-Tex Standard 100<\/li>\n<li>Toimitustapa: Toimitus l\u00e4himp\u00e4\u00e4n pakettiautomaattiin<\/li>\n<\/ul>\n","protected":false},"excerpt":{"rendered":"<p>Vauvan vaatteet, koristeltuna ylellisell\u00e4 brodeerauksella, ovat t\u00e4ydellinen lahja risti\u00e4isiin. Kun etsit lahjaa vauvalle, muista tutustua verkkokauppamme valikoimaan. <\/p>\n<ul>\n<li>Nimet ja tekstit brodeeraamme asiakkaan valitsemassa v\u00e4riss\u00e4<\/li>\n<li>Brodeeraukset ja applikaatiot brodeeraamme kuvassa olevilla v\u00e4reill\u00e4<\/li>\n<li>Applikaatioissa k\u00e4yt\u00e4mme sopivia kankaita<\/li>\n<\/ul>\n","protected":false},"featured_media":12659,"template":"","meta":[],"product_brand":[],"product_cat":[822,830,799,801,802,804,805,957,823,824],"product_tag":[],"class_list":{"0":"post-19443","1":"product","2":"type-product","3":"status-publish","4":"has-post-thumbnail","6":"product_cat-vauvojen-bodyt","7":"product_cat-vauvan-bodyt","8":"product_cat-vauvatuotteet","9":"product_cat-vauvan-vaatteet","10":"product_cat-vauvanvaatteet","11":"product_cat-ristiaislahja","12":"product_cat-nimiaislahjat","13":"product_cat-laloona-fi","14":"product_cat-kietaisubodyt","15":"product_cat-lasten-bodyt","16":"no-featured-image-padding","17":"sales-flash-overlay","18":"woocommerce-text-align-center","19":"woocommerce-image-align-center","20":"do-quantity-buttons","22":"first","23":"instock","24":"taxable","25":"shipping-taxable","26":"purchasable","27":"product-type-variable"},"_links":{"self":[{"href":"https:\/\/dev2.pallasdesign.ee\/fi\/wp-json\/wp\/v2\/product\/19443","targetHints":{"allow":["GET"]}}],"collection":[{"href":"https:\/\/dev2.pallasdesign.ee\/fi\/wp-json\/wp\/v2\/product"}],"about":[{"href":"https:\/\/dev2.pallasdesign.ee\/fi\/wp-json\/wp\/v2\/types\/product"}],"wp:featuredmedia":[{"embeddable":true,"href":"https:\/\/dev2.pallasdesign.ee\/fi\/wp-json\/wp\/v2\/media\/12659"}],"wp:attachment":[{"href":"https:\/\/dev2.pallasdesign.ee\/fi\/wp-json\/wp\/v2\/media?parent=19443"}],"wp:term":[{"taxonomy":"product_brand","embeddable":true,"href":"https:\/\/dev2.pallasdesign.ee\/fi\/wp-json\/wp\/v2\/product_brand?post=19443"},{"taxonomy":"product_cat","embeddable":true,"href":"https:\/\/dev2.pallasdesign.ee\/fi\/wp-json\/wp\/v2\/product_cat?post=19443"},{"taxonomy":"product_tag","embeddable":true,"href":"https:\/\/dev2.pallasdesign.ee\/fi\/wp-json\/wp\/v2\/product_tag?post=19443"}],"curies":[{"name":"wp","href":"https:\/\/api.w.org\/{rel}","templated":true}]}}