{"id":19673,"date":"2023-11-28T06:20:53","date_gmt":"2023-11-28T04:20:53","guid":{"rendered":"https:\/\/dev2.pallasdesign.ee\/?post_type=product&#038;p=19673"},"modified":"2025-12-20T12:48:38","modified_gmt":"2025-12-20T10:48:38","slug":"bio-poncho-75x60cm","status":"publish","type":"product","link":"https:\/\/dev2.pallasdesign.ee\/fi\/bio-poncho-75x60cm\/","title":{"rendered":"BIO-poncho 75\u00d760 cm"},"content":{"rendered":"<h2>BIO-poncho<\/h2>\n<p>BIO-poncho 75&#215;60 cm on valmistettu neulosmaisesta, p\u00f6rr\u00f6isest\u00e4 froteekankaasta.<\/p>\n<p>Hoito-ohjeet: W\u00f6rnerin tuotteet on viimeistelty korkeatasoisesti ja ovat siksi pest\u00e4vi\u00e4. Suosittelemme kuitenkin pesem\u00e4\u00e4n tuotteen vain samanv\u00e4risten vaatteiden kanssa ja tarkasti hoito-ohjetta noudattaen. \u00c4lk\u00e4\u00e4 pesk\u00f6 liian kuumassa tai kylm\u00e4ss\u00e4 vedess\u00e4, muuten v\u00e4ri kirkkaus k\u00e4rsii ja tuotteeseen voi muodostua nukkaa. Pesussa on my\u00f6s varottava, ettei froteetuotteen kanssa joudu kosketuksiin koukkuja tai tarrakiinnikkeit\u00e4.   <\/p>\n<p><a href=\"https:\/\/dev2.pallasdesign.ee\/fi\/lasten-ponchot\/\"><b>Lasten ponchojemme valikoimaan voit tutustua t\u00e4\u00e4ll\u00e4<\/b><\/a><\/p>\n<h3>Tuotetiedot<\/h3>\n<ul>\n<li>Tuotemerkki: W\u00f6rner S\u00fcdfrottier<\/li>\n<li>Tuotetyyppi: Ponchot<\/li>\n<li>Materiaali: Sertifioitu bio\u00adpuuvilla 100 %<\/li>\n<li>Kankaan paino: 450 g\/m\u00b2<\/li>\n<li>Leveys: 75cm<\/li>\n<li>Korkeus: Olkasaumasta alareunaan 60cm <\/li>\n<li>Kokonaiskoko: 75x120cm<\/li>\n<li>Pesu: Konepesu 60 \u00b0C<\/li>\n<li>Kuivaus: Rumpukuivaus matalassa l\u00e4mp\u00f6tilassa<\/li>\n<li>Silitys: Keskil\u00e4mm\u00f6ll\u00e4 150 \u00b0C<\/li>\n<li>Sertifikaatti: GOTS-sertifikaatti<\/li>\n<li>Toimitustapa: Toimitus l\u00e4himp\u00e4\u00e4n pakettiautomaattiin<\/li>\n<\/ul>\n","protected":false},"excerpt":{"rendered":"<p>BIO-poncho kirjonnalla koristeltavaksi. Lis\u00e4\u00e4mme tuotteeseen lapsen nimen, designin tai viestin. Laadukas konelankakirjonta koristaa jokaista lahjaa. Mukava ja pehme\u00e4 froteetuote!   <\/p>\n<ul>\n<li>Nimet ja tekstit brodeeraamme asiakkaan valitsemassa v\u00e4riss\u00e4<\/li>\n<li>Brodeeraukset ja applikaatiot brodeeraamme kuvassa olevilla v\u00e4reill\u00e4<\/li>\n<li>Applikaatioissa k\u00e4yt\u00e4mme sopivia kankaita<\/li>\n<li>HUOM! Tilaamasi kirjonnan brodeeraamme ponchon oikeaan rintaosaan. Jos haluat brodeerauksen muualle, kirjoita se tilauksen huomautuksiin tai ota meihin yhteytt\u00e4.  <\/li>\n<\/ul>\n","protected":false},"featured_media":19681,"template":"","meta":[],"product_brand":[],"product_cat":[852,809,810,956,818,850,851],"product_tag":[],"class_list":{"0":"post-19673","1":"product","2":"type-product","3":"status-publish","4":"has-post-thumbnail","6":"product_cat-lasten-ponchot","7":"product_cat-lastentuotteet","8":"product_cat-lastenvaatteet","9":"product_cat-worner-fi","10":"product_cat-froteetuotteet-lapsille","11":"product_cat-poikien-ponchot","12":"product_cat-tyttojen-ponchot","13":"no-featured-image-padding","14":"sales-flash-overlay","15":"woocommerce-text-align-center","16":"woocommerce-image-align-center","17":"do-quantity-buttons","19":"first","20":"instock","21":"taxable","22":"shipping-taxable","23":"purchasable","24":"product-type-variable"},"_links":{"self":[{"href":"https:\/\/dev2.pallasdesign.ee\/fi\/wp-json\/wp\/v2\/product\/19673","targetHints":{"allow":["GET"]}}],"collection":[{"href":"https:\/\/dev2.pallasdesign.ee\/fi\/wp-json\/wp\/v2\/product"}],"about":[{"href":"https:\/\/dev2.pallasdesign.ee\/fi\/wp-json\/wp\/v2\/types\/product"}],"wp:featuredmedia":[{"embeddable":true,"href":"https:\/\/dev2.pallasdesign.ee\/fi\/wp-json\/wp\/v2\/media\/19681"}],"wp:attachment":[{"href":"https:\/\/dev2.pallasdesign.ee\/fi\/wp-json\/wp\/v2\/media?parent=19673"}],"wp:term":[{"taxonomy":"product_brand","embeddable":true,"href":"https:\/\/dev2.pallasdesign.ee\/fi\/wp-json\/wp\/v2\/product_brand?post=19673"},{"taxonomy":"product_cat","embeddable":true,"href":"https:\/\/dev2.pallasdesign.ee\/fi\/wp-json\/wp\/v2\/product_cat?post=19673"},{"taxonomy":"product_tag","embeddable":true,"href":"https:\/\/dev2.pallasdesign.ee\/fi\/wp-json\/wp\/v2\/product_tag?post=19673"}],"curies":[{"name":"wp","href":"https:\/\/api.w.org\/{rel}","templated":true}]}}