{"id":19693,"date":"2023-11-27T18:00:00","date_gmt":"2023-11-27T16:00:00","guid":{"rendered":"https:\/\/dev2.pallasdesign.ee\/kasitoopood\/maaratlemata\/uutuus-musliinipeitto-75x100-cm-tyyny-babymam\/"},"modified":"2025-11-29T13:10:10","modified_gmt":"2025-11-29T11:10:10","slug":"musliinipeitto","status":"publish","type":"product","link":"https:\/\/dev2.pallasdesign.ee\/fi\/musliinipeitto\/","title":{"rendered":"Musliinipeitto 75&#215;100 cm + tyyny (Babymam)"},"content":{"rendered":"<h2>Musliinipeitto + tyyny<\/h2>\n<p>Musliinipeitto nallemuotoisen tyynyn kanssa on erinomainen valinta jokaiselle vauvalle. Se on valmistettu laadukkaasta, pehme\u00e4st\u00e4 ja hengitt\u00e4v\u00e4st\u00e4 musliinista, joka ei \u00e4rsyt\u00e4 vauvan herkk\u00e4\u00e4 ihoa. Peitto on koristeltu koristeellisilla tupsuilla, jotka lis\u00e4\u00e4v\u00e4t vieh\u00e4tt\u00e4vyytt\u00e4 ja eleganssia. Sen kevyt ja ilmava rakenne takaa optimaalisen ilmanvaihdon ja auttaa yll\u00e4pit\u00e4m\u00e4\u00e4n sopivaa l\u00e4mp\u00f6tilaa vauvan unen ja toiminnan aikana.   <\/p>\n<p>Nallenmuotoinen tyyny takaa vauvalle terveellisen ja mukavan unen. Siin\u00e4 on pehme\u00e4 t\u00e4yte, ja nalle on koskettaessa miellytt\u00e4v\u00e4 ja suloinen, mik\u00e4 rohkaisee lasta vuorovaikutukseen. My\u00f6s musliinipeitto on eritt\u00e4in k\u00e4yt\u00e4nn\u00f6llinen \u2013 sit\u00e4 voi k\u00e4ytt\u00e4\u00e4 monissa tilanteissa ja ottaa mukaan matkalle, jotta vauva tuntisi olonsa turvalliseksi ja mukavaksi kaikissa olosuhteissa.  <\/p>\n<p>Peitto on valmistettu kerroksellisesta musliinista, joka t\u00e4ytt\u00e4\u00e4 turvallisuus- ja \u00d6KO-TEX-standardit. Kerroksellinen musliini on erityisen hy\u00f6dyllinen kuumalla s\u00e4\u00e4ll\u00e4 \u2013 se ei tartu ihoon, on imukykyinen ja hengitt\u00e4v\u00e4. <\/p>\n<p>&nbsp;<\/p>\n<p><a href=\"https:\/\/dev2.pallasdesign.ee\/fi\/vauvan-peitot\/\"><b>Tutustu kaikkiin vauvanpeittoihimme t\u00e4\u00e4ll\u00e4<\/b><\/a><\/p>\n<h3>Tuotetiedot<\/h3>\n<ul>\n<li>Tavaramerkki: BABYMAM<\/li>\n<li>Tuotetyyppi: Musliinipeitto tyynyn kanssa<\/li>\n<li>Materiaali: Luonnollinen 100 % puuvilla<\/li>\n<li>Mitat: Peitto 73&#215;96 cm \/ Tyyny 31&#215;24 cm<\/li>\n<li>Konepesu: 30\u00b0C<\/li>\n<li>Sertifikaatti: \u00d6ko-Tex Standard 100<\/li>\n<li>Toimitustapa: Toimitus l\u00e4himp\u00e4\u00e4n pakettiautomaattiin<\/li>\n<\/ul>\n","protected":false},"excerpt":{"rendered":"<p>Musliinipeitto on pehme\u00e4 ja laadukas, ja se sopii brodeerauksella koristeluun. Lastenpeitto yhdess\u00e4 tyynyn kanssa on t\u00e4ydellinen lahja. brodeeraus sopii erinomaisesti lahjan koristeluun. <\/p>\n<ul>\n<li>Nimet ja tekstit brodeeraamme asiakkaan valitsemassa v\u00e4riss\u00e4<\/li>\n<li>Brodeeraukset ja applikaatiot brodeeraamme kuvassa olevilla v\u00e4reill\u00e4<\/li>\n<li>Applikaatioissa k\u00e4yt\u00e4mme sopivia kankaita<\/li>\n<li>HUOM! Brodeeraus tehd\u00e4\u00e4n peiton kulmaan vinosti peiton l\u00e4pi. Jos haluatte brodeerauksen muualle, kirjoittakaa se tilauksen huomautuksiin tai ottakaa meihin yhteytt\u00e4.  <\/li>\n<li>Tyynyyn ei brodeerata.<\/li>\n<\/ul>\n","protected":false},"featured_media":14719,"template":"","meta":[],"product_brand":[],"product_cat":[777,799,804,805,954,783,786,780,781,788,792,797],"product_tag":[],"class_list":{"0":"post-19693","1":"product","2":"type-product","3":"status-publish","4":"has-post-thumbnail","6":"product_cat-vauvan-peitot","7":"product_cat-vauvatuotteet","8":"product_cat-ristiaislahja","9":"product_cat-nimiaislahjat","10":"product_cat-babymam-fi","11":"product_cat-vauvan-tyynyt","12":"product_cat-peitot-rattaisiin","13":"product_cat-lastenpeitot","14":"product_cat-lasten-peitot","15":"product_cat-musliinipeitot","16":"product_cat-puuvillapeitot","17":"product_cat-vaunupeitot","18":"no-featured-image-padding","19":"sales-flash-overlay","20":"woocommerce-text-align-center","21":"woocommerce-image-align-center","22":"do-quantity-buttons","24":"first","25":"instock","26":"taxable","27":"shipping-taxable","28":"purchasable","29":"product-type-variable"},"_links":{"self":[{"href":"https:\/\/dev2.pallasdesign.ee\/fi\/wp-json\/wp\/v2\/product\/19693","targetHints":{"allow":["GET"]}}],"collection":[{"href":"https:\/\/dev2.pallasdesign.ee\/fi\/wp-json\/wp\/v2\/product"}],"about":[{"href":"https:\/\/dev2.pallasdesign.ee\/fi\/wp-json\/wp\/v2\/types\/product"}],"wp:featuredmedia":[{"embeddable":true,"href":"https:\/\/dev2.pallasdesign.ee\/fi\/wp-json\/wp\/v2\/media\/14719"}],"wp:attachment":[{"href":"https:\/\/dev2.pallasdesign.ee\/fi\/wp-json\/wp\/v2\/media?parent=19693"}],"wp:term":[{"taxonomy":"product_brand","embeddable":true,"href":"https:\/\/dev2.pallasdesign.ee\/fi\/wp-json\/wp\/v2\/product_brand?post=19693"},{"taxonomy":"product_cat","embeddable":true,"href":"https:\/\/dev2.pallasdesign.ee\/fi\/wp-json\/wp\/v2\/product_cat?post=19693"},{"taxonomy":"product_tag","embeddable":true,"href":"https:\/\/dev2.pallasdesign.ee\/fi\/wp-json\/wp\/v2\/product_tag?post=19693"}],"curies":[{"name":"wp","href":"https:\/\/api.w.org\/{rel}","templated":true}]}}