{"id":19748,"date":"2023-11-27T17:05:37","date_gmt":"2023-11-27T15:05:37","guid":{"rendered":"https:\/\/dev2.pallasdesign.ee\/kasitoopood\/maaratlemata\/minky-turvakaukalonpeitto-hupulla-80x80-cm-babymam\/"},"modified":"2025-11-29T13:15:28","modified_gmt":"2025-11-29T11:15:28","slug":"minky-turvakaukalonpeitto-hupulla-80x80-cm-babymam","status":"publish","type":"product","link":"https:\/\/dev2.pallasdesign.ee\/fi\/turvaistuimen-peitto\/","title":{"rendered":"Minky-turvakaukalonpeitto hupulla 80&#215;80 cm (Babymam)"},"content":{"rendered":"<h2>Turvakaukalonpeitto<\/h2>\n<p>Kaksipuolinen PREMIUM-peitto hupulla ja l\u00e4mmikkeell\u00e4 \u2013 sopii erinomaisesti turvaistuimeen, turvakaukaloon, k\u00e4velylle tai matkalle. Huppu suojaa tehokkaasti tuulelta ja kylm\u00e4lt\u00e4. <\/p>\n<p>Turvakaukalon peitto on UNIVERSAALI \u2013 se sopii istuimiin, joissa on erilliset 3- ja 5-pisteen turvavy\u00f6t.<br \/>\nHUOM! Peitto ei sovi 5-pisteen turvavy\u00f6ll\u00e4 varustettuihin turvakaukaloihin, joissa yl\u00e4- ja sivuvy\u00f6 ovat yhdistetty (esim. Doona). <\/p>\n<p>Peitto on kaksipuolinen \u2013 toisella puolella pehme\u00e4 samettinen minky ja toisella puolella kaunis kuviollinen puuvilla. Peitto on valmistettu korkealaatuisimmista materiaaleista, jotka t\u00e4ytt\u00e4v\u00e4t turvallisuus- ja OEKO-TEX\u00ae-standardit.<\/p>\n<p><a href=\"https:\/\/dev2.pallasdesign.ee\/fi\/vauvan-peitot\/\"><b>Tutustu kaikkiin vauvanpeittoihimme t\u00e4\u00e4ll\u00e4<\/b><\/a><\/p>\n<h3>Tuotetiedot<\/h3>\n<ul>\n<li>Tavaramerkki: BABYMAM<\/li>\n<li>Tuotetyyppi: Turvakaukalon ja turvaistuimen Minky-peitto<\/li>\n<li>Materiaali: kuviollinen 100 % puuvilla \/ yksiv\u00e4rinen 100 % polyesteri<\/li>\n<li>Mitat: 80x80cm (+\/- 3cm)<\/li>\n<li>Konepesu: 30\u00b0C<\/li>\n<li>Sertifikaatti: \u00d6ko-Tex Standard 100<\/li>\n<li>Toimitustapa: Toimitus l\u00e4himp\u00e4\u00e4n pakettiautomaattiin<\/li>\n<\/ul>\n","protected":false},"excerpt":{"rendered":"<p>Turvakaukalonpeitto on l\u00e4mmin, pehme\u00e4 ja laadukas, ja se sopii hyvin brodeerauksella koristeltavaksi.<br \/>\nHupullinen turvaistuimen peitto risti\u00e4islahjana her\u00e4tt\u00e4\u00e4 varmasti huomiota \u2013 erityisesti, jos siihen on brodeerattu my\u00f6s vauvan nimi.<\/p>\n<ul>\n<li>Nimet ja tekstit brodeeraamme asiakkaan valitsemassa v\u00e4riss\u00e4<\/li>\n<li>Brodeeraukset ja applikaatiot brodeeraamme kuvassa olevilla v\u00e4reill\u00e4<\/li>\n<li>Applikaatioissa k\u00e4yt\u00e4mme sopivia kankaita<\/li>\n<li>HUOM! Nimi brodeerataan minky-puolelle huppuun. Jos haluatte brodeerauksen muualle, kirjoittakaa se tilauksen huomautuksiin tai ottakaa meihin yhteytt\u00e4.  <\/li>\n<\/ul>\n","protected":false},"featured_media":10899,"template":"","meta":[],"product_brand":[],"product_cat":[795,777,799,804,805,954,785,780,781,787,792],"product_tag":[],"class_list":{"0":"post-19748","1":"product","2":"type-product","3":"status-publish","4":"has-post-thumbnail","6":"product_cat-peitot-turvakaukaloon","7":"product_cat-vauvan-peitot","8":"product_cat-vauvatuotteet","9":"product_cat-ristiaislahja","10":"product_cat-nimiaislahjat","11":"product_cat-babymam-fi","12":"product_cat-huppupeitot","13":"product_cat-lastenpeitot","14":"product_cat-lasten-peitot","15":"product_cat-minky-peitot","16":"product_cat-puuvillapeitot","17":"no-featured-image-padding","18":"sales-flash-overlay","19":"woocommerce-text-align-center","20":"woocommerce-image-align-center","21":"do-quantity-buttons","23":"first","24":"instock","25":"taxable","26":"shipping-taxable","27":"purchasable","28":"product-type-variable"},"_links":{"self":[{"href":"https:\/\/dev2.pallasdesign.ee\/fi\/wp-json\/wp\/v2\/product\/19748","targetHints":{"allow":["GET"]}}],"collection":[{"href":"https:\/\/dev2.pallasdesign.ee\/fi\/wp-json\/wp\/v2\/product"}],"about":[{"href":"https:\/\/dev2.pallasdesign.ee\/fi\/wp-json\/wp\/v2\/types\/product"}],"wp:featuredmedia":[{"embeddable":true,"href":"https:\/\/dev2.pallasdesign.ee\/fi\/wp-json\/wp\/v2\/media\/10899"}],"wp:attachment":[{"href":"https:\/\/dev2.pallasdesign.ee\/fi\/wp-json\/wp\/v2\/media?parent=19748"}],"wp:term":[{"taxonomy":"product_brand","embeddable":true,"href":"https:\/\/dev2.pallasdesign.ee\/fi\/wp-json\/wp\/v2\/product_brand?post=19748"},{"taxonomy":"product_cat","embeddable":true,"href":"https:\/\/dev2.pallasdesign.ee\/fi\/wp-json\/wp\/v2\/product_cat?post=19748"},{"taxonomy":"product_tag","embeddable":true,"href":"https:\/\/dev2.pallasdesign.ee\/fi\/wp-json\/wp\/v2\/product_tag?post=19748"}],"curies":[{"name":"wp","href":"https:\/\/api.w.org\/{rel}","templated":true}]}}