{"id":19772,"date":"2023-11-27T16:47:14","date_gmt":"2023-11-27T14:47:14","guid":{"rendered":"https:\/\/dev2.pallasdesign.ee\/kasitoopood\/maaratlemata\/samettinen-lastenpeitto-tyyny-babymam\/"},"modified":"2025-12-15T20:11:37","modified_gmt":"2025-12-15T18:11:37","slug":"lastenpeitto-tyyny","status":"publish","type":"product","link":"https:\/\/dev2.pallasdesign.ee\/fi\/lastenpeitto\/","title":{"rendered":"Samettinen lastenpeitto + tyyny (Babymam)"},"content":{"rendered":"<h2>Lastenpeitto + tyyny<\/h2>\n<p>Todella elegantti setti vaunuihin, turvakaukaloon tai s\u00e4nkyyn. Lastenpeittosetti koostuu peitosta ja tyynyst\u00e4, jotka on valmistettu korkealaatuisista materiaaleista. Ne ovat eritt\u00e4in hell\u00e4varaisia ja miellytt\u00e4vi\u00e4 koskettaa \u2013 l\u00e4mpimi\u00e4 ja mukavia.  <\/p>\n<p>Sek\u00e4 tyyny ett\u00e4 peitto ovat kaksipuolisia \u2013 toisella puolella on pehme\u00e4 samettinen minky-materiaali ja toisella puolella puuvillakangas eri kuvioilla. Peitossa on tikattu t\u00e4yte. Tikkaus varmistaa, ett\u00e4 t\u00e4yte ei liiku edes pesun j\u00e4lkeen.  <\/p>\n<p>Peitto on valmistettu korkealaatuisimmista materiaaleista, jotka t\u00e4ytt\u00e4v\u00e4t turvallisuus- ja OEKO-TEX\u00ae-standardit.<\/p>\n<p><a href=\"https:\/\/dev2.pallasdesign.ee\/fi\/vauvan-peitot\/\"><b>Tutustu kaikkiin vauvanpeittoihimme t\u00e4\u00e4ll\u00e4<\/b><\/a><\/p>\n<h3>Tuotetiedot<\/h3>\n<ul>\n<li>Tavaramerkki: BABYMAM<\/li>\n<li>Tuotetyyppi: Tikatttu samettinen minky-peitto ja tyyny<\/li>\n<li>Materiaali: kuviollinen 100 % puuvilla \/ yksiv\u00e4rinen 100 % polyesteri<\/li>\n<li>Mitat: Peitto 75&#215;100 cm \/ Tyyny 35&#215;30 cm<\/li>\n<li>Konepesu: 30\u00b0C<\/li>\n<li>Sertifikaatti: \u00d6ko-Tex Standard 100<\/li>\n<li>Toimitustapa: Toimitus l\u00e4himp\u00e4\u00e4n pakettiautomaattiin<\/li>\n<\/ul>\n","protected":false},"excerpt":{"rendered":"<p>Samettinen peitto on pehme\u00e4 ja laadukas, ja se sopii hyvin brodeerauksella koristeltavaksi.<br \/>\nLastenpeitto ja tyyny yhdess\u00e4 ovat ihanteellinen lahja. Brodeeraus sopii erinomaisesti lahjan koristeluun. <\/p>\n<ul>\n<li>Nimet ja tekstit brodeeraamme asiakkaan valitsemassa v\u00e4riss\u00e4<\/li>\n<li>Brodeeraukset ja applikaatiot brodeeraamme kuvassa olevilla v\u00e4reill\u00e4<\/li>\n<li>Applikaatioissa k\u00e4yt\u00e4mme sopivia kankaita<\/li>\n<li>HUOM! Brodeeraus tehd\u00e4\u00e4n samettikankaan puolelle peiton kulmaan vinosti. Jos haluatte brodeerauksen muualle, kirjoittakaa se tilauksen huomautuksiin tai ottakaa meihin yhteytt\u00e4.   Tyynyyn ei brodeerata.<\/li>\n<\/ul>\n","protected":false},"featured_media":10897,"template":"","meta":[],"product_brand":[],"product_cat":[777,799,804,805,954,783,786,780,781,792,797,798],"product_tag":[],"class_list":{"0":"post-19772","1":"product","2":"type-product","3":"status-publish","4":"has-post-thumbnail","6":"product_cat-vauvan-peitot","7":"product_cat-vauvatuotteet","8":"product_cat-ristiaislahja","9":"product_cat-nimiaislahjat","10":"product_cat-babymam-fi","11":"product_cat-vauvan-tyynyt","12":"product_cat-peitot-rattaisiin","13":"product_cat-lastenpeitot","14":"product_cat-lasten-peitot","15":"product_cat-puuvillapeitot","16":"product_cat-vaunupeitot","17":"product_cat-samettipeitot","18":"no-featured-image-padding","19":"sales-flash-overlay","20":"woocommerce-text-align-center","21":"woocommerce-image-align-center","22":"do-quantity-buttons","24":"first","25":"instock","26":"taxable","27":"shipping-taxable","28":"purchasable","29":"product-type-variable"},"_links":{"self":[{"href":"https:\/\/dev2.pallasdesign.ee\/fi\/wp-json\/wp\/v2\/product\/19772","targetHints":{"allow":["GET"]}}],"collection":[{"href":"https:\/\/dev2.pallasdesign.ee\/fi\/wp-json\/wp\/v2\/product"}],"about":[{"href":"https:\/\/dev2.pallasdesign.ee\/fi\/wp-json\/wp\/v2\/types\/product"}],"wp:featuredmedia":[{"embeddable":true,"href":"https:\/\/dev2.pallasdesign.ee\/fi\/wp-json\/wp\/v2\/media\/10897"}],"wp:attachment":[{"href":"https:\/\/dev2.pallasdesign.ee\/fi\/wp-json\/wp\/v2\/media?parent=19772"}],"wp:term":[{"taxonomy":"product_brand","embeddable":true,"href":"https:\/\/dev2.pallasdesign.ee\/fi\/wp-json\/wp\/v2\/product_brand?post=19772"},{"taxonomy":"product_cat","embeddable":true,"href":"https:\/\/dev2.pallasdesign.ee\/fi\/wp-json\/wp\/v2\/product_cat?post=19772"},{"taxonomy":"product_tag","embeddable":true,"href":"https:\/\/dev2.pallasdesign.ee\/fi\/wp-json\/wp\/v2\/product_tag?post=19772"}],"curies":[{"name":"wp","href":"https:\/\/api.w.org\/{rel}","templated":true}]}}