{"id":19795,"date":"2023-11-27T15:44:41","date_gmt":"2023-11-27T13:44:41","guid":{"rendered":"https:\/\/dev2.pallasdesign.ee\/kasitoopood\/maaratlemata\/minky-kapalo-vauvalle-80x80-cm-babymam\/"},"modified":"2025-12-15T20:11:36","modified_gmt":"2025-12-15T18:11:36","slug":"kapalo-vauvalle","status":"publish","type":"product","link":"https:\/\/dev2.pallasdesign.ee\/fi\/kapalo-vauvalle\/","title":{"rendered":"Minky-kapalo vauvalle 80&#215;80 cm (Babymam)"},"content":{"rendered":"<h2>Kapalo vauvalle<\/h2>\n<p>Kapalo ottaa vastasyntyneen vauvan hell\u00e4sti syliins\u00e4 ja antaa h\u00e4nelle turvan tunteen. Kapalo kiinnitet\u00e4\u00e4n tarranauhalla, ja sit\u00e4 voi k\u00e4ytt\u00e4\u00e4 my\u00f6s kaksipuolisena peittona. <\/p>\n<p>Kapalossa on toisella puolella pehme\u00e4 ja p\u00f6rr\u00f6inen minky-plyysi ja toisella puolella 100 % puuvillakangas eri kuvioilla. Kapalo on suunniteltu huolellisesti yksityiskohtia my\u00f6ten, jotta se olisi turvallinen lapselle ja helppo k\u00e4ytt\u00e4\u00e4 vanhemmille. <\/p>\n<p>Kapalo on valmistettu korkealaatuisimmista materiaaleista, jotka t\u00e4ytt\u00e4v\u00e4t turvallisuus- ja OEKO-TEX\u00ae-standardit.<\/p>\n<p><a href=\"https:\/\/dev2.pallasdesign.ee\/fi\/vauvan-peitot\/\"><b>Tutustu kaikkiin vauvanpeittoihimme t\u00e4\u00e4ll\u00e4<\/b><\/a><\/p>\n<h3>Tuotetiedot<\/h3>\n<ul>\n<li>Tavaramerkki: BABYMAM<\/li>\n<li>Tuotetyyppi: Minky-kapalo<\/li>\n<li>Materiaali: kuviollinen 100 % puuvilla \/ yksiv\u00e4rinen 100 % polyesteri<\/li>\n<li>Mitat: 80x80cm (+\/- 3cm)<\/li>\n<li>Konepesu: 30\u00b0C<\/li>\n<li>Sertifikaatti: \u00d6ko-Tex Standard 100<\/li>\n<li>Toimitustapa: Toimitus l\u00e4himp\u00e4\u00e4n pakettiautomaattiin<\/li>\n<\/ul>\n","protected":false},"excerpt":{"rendered":"<p>Minky-kapalo vauvalle on pehme\u00e4 ja laadukas, ja se sopii hyvin brodeerauksella koristeltavaksi.<br \/>\nKapalo, jossa on henkil\u00f6kohtainen nimibrodeeraus, on ep\u00e4ilem\u00e4tt\u00e4 eritt\u00e4in eksklusiivinen ja ylellinen risti\u00e4islahja.<br \/>\nKapalo on tarkoitettu k\u00e4ytett\u00e4v\u00e4ksi niin, ett\u00e4 minky-puoli j\u00e4\u00e4 ulosp\u00e4in. Joissakin kapaloissa tarrakiinnitys nauhalla voi sijaita eri puolella kuin kuvassa n\u00e4kyy. <\/p>\n<ul>\n<li>Nimet ja tekstit brodeeraamme asiakkaan valitsemassa v\u00e4riss\u00e4<\/li>\n<li>Brodeeraukset ja applikaatiot brodeeraamme kuvassa olevilla v\u00e4reill\u00e4<\/li>\n<li>Applikaatioissa k\u00e4yt\u00e4mme sopivia kankaita<\/li>\n<li>HUOM! Brodeeraus tehd\u00e4\u00e4n yksiv\u00e4riselle minky-puolelle kapalon etuosaan nauhan viereen. Jos haluatte brodeerauksen muualle, kirjoittakaa se tilauksen huomautuksiin tai ottakaa meihin yhteytt\u00e4.  <\/li>\n<\/ul>\n","protected":false},"featured_media":10891,"template":"","meta":[],"product_brand":[],"product_cat":[782,777,799,804,805,954,780,781,787,792],"product_tag":[],"class_list":{"0":"post-19795","1":"product","2":"type-product","3":"status-publish","4":"has-post-thumbnail","6":"product_cat-kapalot","7":"product_cat-vauvan-peitot","8":"product_cat-vauvatuotteet","9":"product_cat-ristiaislahja","10":"product_cat-nimiaislahjat","11":"product_cat-babymam-fi","12":"product_cat-lastenpeitot","13":"product_cat-lasten-peitot","14":"product_cat-minky-peitot","15":"product_cat-puuvillapeitot","16":"no-featured-image-padding","17":"sales-flash-overlay","18":"woocommerce-text-align-center","19":"woocommerce-image-align-center","20":"do-quantity-buttons","22":"first","23":"instock","24":"taxable","25":"shipping-taxable","26":"purchasable","27":"product-type-variable"},"_links":{"self":[{"href":"https:\/\/dev2.pallasdesign.ee\/fi\/wp-json\/wp\/v2\/product\/19795","targetHints":{"allow":["GET"]}}],"collection":[{"href":"https:\/\/dev2.pallasdesign.ee\/fi\/wp-json\/wp\/v2\/product"}],"about":[{"href":"https:\/\/dev2.pallasdesign.ee\/fi\/wp-json\/wp\/v2\/types\/product"}],"wp:featuredmedia":[{"embeddable":true,"href":"https:\/\/dev2.pallasdesign.ee\/fi\/wp-json\/wp\/v2\/media\/10891"}],"wp:attachment":[{"href":"https:\/\/dev2.pallasdesign.ee\/fi\/wp-json\/wp\/v2\/media?parent=19795"}],"wp:term":[{"taxonomy":"product_brand","embeddable":true,"href":"https:\/\/dev2.pallasdesign.ee\/fi\/wp-json\/wp\/v2\/product_brand?post=19795"},{"taxonomy":"product_cat","embeddable":true,"href":"https:\/\/dev2.pallasdesign.ee\/fi\/wp-json\/wp\/v2\/product_cat?post=19795"},{"taxonomy":"product_tag","embeddable":true,"href":"https:\/\/dev2.pallasdesign.ee\/fi\/wp-json\/wp\/v2\/product_tag?post=19795"}],"curies":[{"name":"wp","href":"https:\/\/api.w.org\/{rel}","templated":true}]}}