{"id":19809,"date":"2025-09-22T20:30:28","date_gmt":"2025-09-22T17:30:28","guid":{"rendered":"https:\/\/dev2.pallasdesign.ee\/?post_type=product&#038;p=19809"},"modified":"2025-11-17T06:43:40","modified_gmt":"2025-11-17T04:43:40","slug":"ruskea-ruudullinen-eko-huopa-150x200cm","status":"publish","type":"product","link":"https:\/\/dev2.pallasdesign.ee\/fi\/ruskea-ruudullinen-eko-huopa-150x200cm\/","title":{"rendered":"Ruskea ruudullinen eko-huopa 150x200cm"},"content":{"rendered":"<h2>Pallas Design ruskea Ruudullinen eko-huopa<\/h2>\n<p>Ruskea ruudullinen eko-huopa kooltaan 150&#215;200 cm on valmistettu v\u00e4rj\u00e4\u00e4m\u00e4tt\u00f6m\u00e4st\u00e4 Mongolian villasta ja on pehmeydelt\u00e4\u00e4n verrattavissa merinovillaan. N\u00e4m\u00e4 100 % Mongolian villasta valmistetut huovat s\u00e4ilytt\u00e4v\u00e4t luonnollisen v\u00e4rins\u00e4 ja tekstuurinsa. Hypoallergeeninen, luonnollinen ja ymp\u00e4rist\u00f6yst\u00e4v\u00e4llinen. T\u00e4ydellinen niille, jotka etsiv\u00e4t t\u00e4ydellist\u00e4 harmoniaa luonnon kanssa. Eko-huopa tuo jokaiseen sisustukseen ylellisen ja klassisen ilmeen.<br \/>\nPallas Designin eko-huopa on varma valinta \u2013 materiaali on tiivis eik\u00e4 harva, ja kankaan paino sek\u00e4 koostumus ovat tarkasti tiedossa!    <\/p>\n<p><a href=\"https:\/\/dev2.pallasdesign.ee\/fi\/huovat\/\"><b>Kaikki huopamme l\u00f6yd\u00e4t t\u00e4\u00e4lt\u00e4<\/b><\/a><\/p>\n<h3>Tuotetiedot<\/h3>\n<ul>\n<li>Tavaramerkki: Pallas Design<\/li>\n<li>Mallisto: Eko-huovat<\/li>\n<li>Materiaali: 100 % Mongolian villa<\/li>\n<li>Mitat hapsuineen: 150&#215;200 cm<\/li>\n<li>Kankaan paino: 300g\/m2<\/li>\n<li>Hoito: Kemiallinen pesu<\/li>\n<li>Valkaisu: Kielletty<\/li>\n<li>Silitys: Kielletty<\/li>\n<li>Kuivaus: Tasokuivaus<\/li>\n<li>Toimitustapa: Toimitus l\u00e4himp\u00e4\u00e4n pakettiautomaattiin<\/li>\n<\/ul>\n","protected":false},"excerpt":{"rendered":"<p>Ruskea ruudullinen eko-huopa mitoilla 150&#215;200 cm \u2013 sopiva lahja erilaisiin tilaisuuksiin. Nimell\u00e4 tai logolla personoitu huopa sopii my\u00f6s liikelahjaksi. Huopa sis\u00e4lt\u00e4\u00e4 100 % v\u00e4rj\u00e4\u00e4m\u00e4t\u00f6nt\u00e4 Mongolian villaa.  <\/p>\n","protected":false},"featured_media":19807,"template":"","meta":[],"product_brand":[],"product_cat":[1487,942,746,747,745,803,806,808,811,812,962,1483,925,941],"product_tag":[],"class_list":{"0":"post-19809","1":"product","2":"type-product","3":"status-publish","4":"has-post-thumbnail","6":"product_cat-eko-huovat","7":"product_cat-huovat","8":"product_cat-yrityslahjat","9":"product_cat-mainoslahjat","10":"product_cat-liikelahjat","11":"product_cat-joululahjat","12":"product_cat-lahjaideoita","13":"product_cat-lahjat","14":"product_cat-nimikoidut-lahjat","15":"product_cat-brodeeratut-lahjat","16":"product_cat-pallas-design-fi","17":"product_cat-villahuopa","18":"product_cat-vuosipaivalahja","19":"product_cat-personoidut-lahjat","20":"no-featured-image-padding","21":"sales-flash-overlay","22":"woocommerce-text-align-center","23":"woocommerce-image-align-center","24":"do-quantity-buttons","26":"first","27":"instock","28":"taxable","29":"shipping-taxable","30":"purchasable","31":"product-type-simple"},"_links":{"self":[{"href":"https:\/\/dev2.pallasdesign.ee\/fi\/wp-json\/wp\/v2\/product\/19809","targetHints":{"allow":["GET"]}}],"collection":[{"href":"https:\/\/dev2.pallasdesign.ee\/fi\/wp-json\/wp\/v2\/product"}],"about":[{"href":"https:\/\/dev2.pallasdesign.ee\/fi\/wp-json\/wp\/v2\/types\/product"}],"wp:featuredmedia":[{"embeddable":true,"href":"https:\/\/dev2.pallasdesign.ee\/fi\/wp-json\/wp\/v2\/media\/19807"}],"wp:attachment":[{"href":"https:\/\/dev2.pallasdesign.ee\/fi\/wp-json\/wp\/v2\/media?parent=19809"}],"wp:term":[{"taxonomy":"product_brand","embeddable":true,"href":"https:\/\/dev2.pallasdesign.ee\/fi\/wp-json\/wp\/v2\/product_brand?post=19809"},{"taxonomy":"product_cat","embeddable":true,"href":"https:\/\/dev2.pallasdesign.ee\/fi\/wp-json\/wp\/v2\/product_cat?post=19809"},{"taxonomy":"product_tag","embeddable":true,"href":"https:\/\/dev2.pallasdesign.ee\/fi\/wp-json\/wp\/v2\/product_tag?post=19809"}],"curies":[{"name":"wp","href":"https:\/\/api.w.org\/{rel}","templated":true}]}}