{"id":19824,"date":"2025-09-21T10:20:37","date_gmt":"2025-09-21T07:20:37","guid":{"rendered":"https:\/\/dev2.pallasdesign.ee\/?post_type=product&#038;p=19824"},"modified":"2025-11-17T06:45:01","modified_gmt":"2025-11-17T04:45:01","slug":"harmaa-villahuopa-140x200cm","status":"publish","type":"product","link":"https:\/\/dev2.pallasdesign.ee\/fi\/harmaa-villahuopa-140x200cm\/","title":{"rendered":"Harmaa villahuopa 140x200cm"},"content":{"rendered":"<h2>Pallas Design Harmaa villahuopa<\/h2>\n<p>Harmaa villahuopa kooltaan 140&#215;200 cm on l\u00e4mmin ja kest\u00e4v\u00e4, ja se sopii k\u00e4ytett\u00e4v\u00e4ksi ymp\u00e4ri vuoden. Uuden-Seelannin villa pit\u00e4\u00e4 erinomaisesti l\u00e4mp\u00f6\u00e4, hengitt\u00e4\u00e4 ja tarjoaa luonnollista mukavuutta. Huopa on kest\u00e4v\u00e4 ja tyylik\u00e4s, tuoden viihtyisyytt\u00e4 sek\u00e4 kotiin ett\u00e4 ulos. Villahuopa tuo jokaiseen sisustukseen ylellisen ja klassisen ilmeen. Laadukkuutensa ansiosta t\u00e4m\u00e4 huopa on k\u00e4yt\u00e4nn\u00f6llinen kumppani, joka kest\u00e4\u00e4 vuosia.<br \/>\nPallas Designin villahuopa on varma valinta \u2013 materiaali on tiivis eik\u00e4 harva, ja kankaan paino sek\u00e4 koostumus ovat tarkasti tiedossa!    <\/p>\n<p><a href=\"https:\/\/dev2.pallasdesign.ee\/fi\/huovat\/\"><b>Kaikki huopamme l\u00f6yd\u00e4t t\u00e4\u00e4lt\u00e4<\/b><\/a><\/p>\n<h3>Tuotetiedot<\/h3>\n<ul>\n<li>Tavaramerkki: Pallas Design<\/li>\n<li>Mallisto: Villahuovat<\/li>\n<li>Materiaali: 100 % Uuden-Seelannin villa<\/li>\n<li>Mitat hapsuineen: 140&#215;200 cm<\/li>\n<li>Kankaan paino: 300g\/m2<\/li>\n<li>Hoito: Kemiallinen pesu<\/li>\n<li>Valkaisu: Kielletty<\/li>\n<li>Silitys: Kielletty<\/li>\n<li>Kuivaus: Tasokuivaus<\/li>\n<li>Toimitustapa: Toimitus l\u00e4himp\u00e4\u00e4n pakettiautomaattiin<\/li>\n<\/ul>\n","protected":false},"excerpt":{"rendered":"<p>Villahuopa mitoilla 140&#215;200 cm \u2013 sopiva lahja erilaisiin tilaisuuksiin. Nimell\u00e4 tai logolla personoitu huopa sopii my\u00f6s liikelahjaksi. Huopa sis\u00e4lt\u00e4\u00e4 100 % Uuden-Seelannin villaa.  <\/p>\n","protected":false},"featured_media":19822,"template":"","meta":[],"product_brand":[],"product_cat":[1482,942,746,747,745,803,806,808,811,812,962,1483,925,941],"product_tag":[],"class_list":{"0":"post-19824","1":"product","2":"type-product","3":"status-publish","4":"has-post-thumbnail","6":"product_cat-villahuovat","7":"product_cat-huovat","8":"product_cat-yrityslahjat","9":"product_cat-mainoslahjat","10":"product_cat-liikelahjat","11":"product_cat-joululahjat","12":"product_cat-lahjaideoita","13":"product_cat-lahjat","14":"product_cat-nimikoidut-lahjat","15":"product_cat-brodeeratut-lahjat","16":"product_cat-pallas-design-fi","17":"product_cat-villahuopa","18":"product_cat-vuosipaivalahja","19":"product_cat-personoidut-lahjat","20":"no-featured-image-padding","21":"sales-flash-overlay","22":"woocommerce-text-align-center","23":"woocommerce-image-align-center","24":"do-quantity-buttons","26":"first","27":"instock","28":"taxable","29":"shipping-taxable","30":"purchasable","31":"product-type-simple"},"_links":{"self":[{"href":"https:\/\/dev2.pallasdesign.ee\/fi\/wp-json\/wp\/v2\/product\/19824","targetHints":{"allow":["GET"]}}],"collection":[{"href":"https:\/\/dev2.pallasdesign.ee\/fi\/wp-json\/wp\/v2\/product"}],"about":[{"href":"https:\/\/dev2.pallasdesign.ee\/fi\/wp-json\/wp\/v2\/types\/product"}],"wp:featuredmedia":[{"embeddable":true,"href":"https:\/\/dev2.pallasdesign.ee\/fi\/wp-json\/wp\/v2\/media\/19822"}],"wp:attachment":[{"href":"https:\/\/dev2.pallasdesign.ee\/fi\/wp-json\/wp\/v2\/media?parent=19824"}],"wp:term":[{"taxonomy":"product_brand","embeddable":true,"href":"https:\/\/dev2.pallasdesign.ee\/fi\/wp-json\/wp\/v2\/product_brand?post=19824"},{"taxonomy":"product_cat","embeddable":true,"href":"https:\/\/dev2.pallasdesign.ee\/fi\/wp-json\/wp\/v2\/product_cat?post=19824"},{"taxonomy":"product_tag","embeddable":true,"href":"https:\/\/dev2.pallasdesign.ee\/fi\/wp-json\/wp\/v2\/product_tag?post=19824"}],"curies":[{"name":"wp","href":"https:\/\/api.w.org\/{rel}","templated":true}]}}