{"id":19842,"date":"2025-09-20T19:56:57","date_gmt":"2025-09-20T16:56:57","guid":{"rendered":"https:\/\/dev2.pallasdesign.ee\/?post_type=product&#038;p=19842"},"modified":"2025-11-17T06:47:15","modified_gmt":"2025-11-17T04:47:15","slug":"norsunluunvalkoinen-villasekoitehuopa-140x200cm","status":"publish","type":"product","link":"https:\/\/dev2.pallasdesign.ee\/fi\/norsunluunvalkoinen-villasekoitehuopa-140x200cm\/","title":{"rendered":"Norsunluunvalkoinen villasekoitehuopa 140x200cm"},"content":{"rendered":"<h2>Pallas Design Norsunluunvalkoinen villasekoitehuopa<\/h2>\n<p>Norsunluunvalkoinen villasekoitehuopa kooltaan 140&#215;200 cm yhdist\u00e4\u00e4 luonnollisen villan l\u00e4mm\u00f6n ja muiden kuitujen kest\u00e4vyyden. Huopa on mielenkiintoisella kuviolla, hengitt\u00e4v\u00e4 ja tarjoaa mukavuutta jokap\u00e4iv\u00e4iseen k\u00e4ytt\u00f6\u00f6n. Monipuolisuutensa ja kest\u00e4vyytens\u00e4 ansiosta t\u00e4m\u00e4 huopa on k\u00e4yt\u00e4nn\u00f6llinen ja tyylik\u00e4s valinta jokaiseen kotiin.  <\/p>\n<p><a href=\"https:\/\/dev2.pallasdesign.ee\/fi\/huovat\/\"><b>Kaikki huopamme l\u00f6yd\u00e4t t\u00e4\u00e4lt\u00e4<\/b><\/a><\/p>\n<h3>Tuotetiedot<\/h3>\n<ul>\n<li>Tavaramerkki: Pallas Design<\/li>\n<li>Mallisto: Villasekoitehuovat<\/li>\n<li>Materiaali: 20% Australian villaa, 80% polyesteri\u00e4<\/li>\n<li>Mitat hapsuineen: 140&#215;200 cm<\/li>\n<li>Kankaan paino: 350 g\/m\u00b2<\/li>\n<li>Hoito: Kemiallinen pesu<\/li>\n<li>Valkaisu: Kielletty<\/li>\n<li>Silitys: Kielletty<\/li>\n<li>Kuivaus: Tasokuivaus<\/li>\n<li>Toimitustapa: Toimitus l\u00e4himp\u00e4\u00e4n pakettiautomaattiin<\/li>\n<\/ul>\n","protected":false},"excerpt":{"rendered":"<p>Norsunluunv\u00e4rinen villasekoitepeitto 140&#215;200 cm \u2013 sopii lahjaksi moniin eri tilaisuuksiin. Nimell\u00e4 tai logolla personoitu peitto sopii my\u00f6s yrityslahjaksi. Peitto sis\u00e4lt\u00e4\u00e4 20 % australialaista villaa.  <\/p>\n<p>Huom! Kankaan rakenteen vuoksi t\u00e4h\u00e4n peittoon ei ole mahdollista tehd\u00e4 suoraa kirjontaa. Pienempien tekstien ja logojen kohdalla voimme valmistaa samans\u00e4vyisest\u00e4 huopakankaasta applikaation, joka ommellaan peittoon.   <a href=\"https:\/\/dev2.pallasdesign.ee\/portfolio\/logo-tallinna-linnavaraamet\/\" target=\"_blank\" rel=\"noopener noreferrer\"> <b>Katso esimerkki\u00e4 t\u00e4\u00e4lt\u00e4<\/b><\/a><\/p>\n","protected":false},"featured_media":19840,"template":"","meta":[],"product_brand":[],"product_cat":[1490,942,746,747,745,803,806,808,811,812,962,925,941],"product_tag":[],"class_list":{"0":"post-19842","1":"product","2":"type-product","3":"status-publish","4":"has-post-thumbnail","6":"product_cat-villasekoitehuovat","7":"product_cat-huovat","8":"product_cat-yrityslahjat","9":"product_cat-mainoslahjat","10":"product_cat-liikelahjat","11":"product_cat-joululahjat","12":"product_cat-lahjaideoita","13":"product_cat-lahjat","14":"product_cat-nimikoidut-lahjat","15":"product_cat-brodeeratut-lahjat","16":"product_cat-pallas-design-fi","17":"product_cat-vuosipaivalahja","18":"product_cat-personoidut-lahjat","19":"no-featured-image-padding","20":"sales-flash-overlay","21":"woocommerce-text-align-center","22":"woocommerce-image-align-center","23":"do-quantity-buttons","25":"first","26":"instock","27":"taxable","28":"shipping-taxable","29":"purchasable","30":"product-type-simple"},"_links":{"self":[{"href":"https:\/\/dev2.pallasdesign.ee\/fi\/wp-json\/wp\/v2\/product\/19842","targetHints":{"allow":["GET"]}}],"collection":[{"href":"https:\/\/dev2.pallasdesign.ee\/fi\/wp-json\/wp\/v2\/product"}],"about":[{"href":"https:\/\/dev2.pallasdesign.ee\/fi\/wp-json\/wp\/v2\/types\/product"}],"wp:featuredmedia":[{"embeddable":true,"href":"https:\/\/dev2.pallasdesign.ee\/fi\/wp-json\/wp\/v2\/media\/19840"}],"wp:attachment":[{"href":"https:\/\/dev2.pallasdesign.ee\/fi\/wp-json\/wp\/v2\/media?parent=19842"}],"wp:term":[{"taxonomy":"product_brand","embeddable":true,"href":"https:\/\/dev2.pallasdesign.ee\/fi\/wp-json\/wp\/v2\/product_brand?post=19842"},{"taxonomy":"product_cat","embeddable":true,"href":"https:\/\/dev2.pallasdesign.ee\/fi\/wp-json\/wp\/v2\/product_cat?post=19842"},{"taxonomy":"product_tag","embeddable":true,"href":"https:\/\/dev2.pallasdesign.ee\/fi\/wp-json\/wp\/v2\/product_tag?post=19842"}],"curies":[{"name":"wp","href":"https:\/\/api.w.org\/{rel}","templated":true}]}}