{"id":19844,"date":"2025-09-20T08:27:38","date_gmt":"2025-09-20T05:27:38","guid":{"rendered":"https:\/\/dev2.pallasdesign.ee\/?post_type=product&#038;p=19844"},"modified":"2025-11-17T06:43:10","modified_gmt":"2025-11-17T04:43:10","slug":"suuri-harmaa-puuvillahuopa-200x220cm","status":"publish","type":"product","link":"https:\/\/dev2.pallasdesign.ee\/fi\/suuri-harmaa-puuvillahuopa-200x220cm\/","title":{"rendered":"Suuri harmaa puuvillahuopa 200x220cm"},"content":{"rendered":"<h2>Pallas Design Suuri harmaa puuvillahuopa<\/h2>\n<p>Puuvillahuopa kooltaan 200&#215;220 cm sopii erinomaisesti s\u00e4ngylle tai suurelle sohvalle. Sen ajaton s\u00e4vy ja laadukas puuvillakangas luovat viihtyisyytt\u00e4 jokaiseen sisustukseen. Huopa on kest\u00e4v\u00e4, tyylik\u00e4s ja sopii jokap\u00e4iv\u00e4iseen k\u00e4ytt\u00f6\u00f6n. Puuvillahuovat ovat hypoallergeenisia, hengitt\u00e4vi\u00e4 ja luonnollisia, ja ne sopivat k\u00e4ytett\u00e4v\u00e4ksi ymp\u00e4ri vuoden.   <\/p>\n<p><a href=\"https:\/\/dev2.pallasdesign.ee\/fi\/huovat\/\"><b>Kaikki huopamme l\u00f6yd\u00e4t t\u00e4\u00e4lt\u00e4<\/b><\/a><\/p>\n<h3>Tuotetiedot<\/h3>\n<ul>\n<li>Tavaramerkki: Pallas Design<\/li>\n<li>Mallisto: Puuvillahuovat<\/li>\n<li>Materiaali: 70% puuvillaa, 30% polyesteri\u00e4 <\/li>\n<li>Mitat hapsuineen: 200&#215;220 cm<\/li>\n<li>Paino: 350g\/m2<\/li>\n<li>Hoito: Kemiallinen pesu<\/li>\n<li>Valkaisu: Kielletty<\/li>\n<li>Silitys: Kielletty<\/li>\n<li>Kuivaus: Tasokuivaus<\/li>\n<li>Toimitustapa: Toimitus l\u00e4himp\u00e4\u00e4n pakettiautomaattiin<\/li>\n<\/ul>\n","protected":false},"excerpt":{"rendered":"<p>Suuri puuvillahuopa 200&#215;220 cm \u2013 sopiva lahja erilaisiin tilaisuuksiin. Nimell\u00e4 tai logolla personoitu huopa sopii my\u00f6s liikelahjaksi. Huovan puuvillapitoisuus on 70%  <\/p>\n","protected":false},"featured_media":19843,"template":"","meta":[],"product_brand":[],"product_cat":[1486,942,746,747,745,803,806,808,811,812,962,925,941],"product_tag":[],"class_list":{"0":"post-19844","1":"product","2":"type-product","3":"status-publish","4":"has-post-thumbnail","6":"product_cat-puuvillahuovat","7":"product_cat-huovat","8":"product_cat-yrityslahjat","9":"product_cat-mainoslahjat","10":"product_cat-liikelahjat","11":"product_cat-joululahjat","12":"product_cat-lahjaideoita","13":"product_cat-lahjat","14":"product_cat-nimikoidut-lahjat","15":"product_cat-brodeeratut-lahjat","16":"product_cat-pallas-design-fi","17":"product_cat-vuosipaivalahja","18":"product_cat-personoidut-lahjat","19":"no-featured-image-padding","20":"sales-flash-overlay","21":"woocommerce-text-align-center","22":"woocommerce-image-align-center","23":"do-quantity-buttons","25":"first","26":"instock","27":"taxable","28":"shipping-taxable","29":"purchasable","30":"product-type-simple"},"_links":{"self":[{"href":"https:\/\/dev2.pallasdesign.ee\/fi\/wp-json\/wp\/v2\/product\/19844","targetHints":{"allow":["GET"]}}],"collection":[{"href":"https:\/\/dev2.pallasdesign.ee\/fi\/wp-json\/wp\/v2\/product"}],"about":[{"href":"https:\/\/dev2.pallasdesign.ee\/fi\/wp-json\/wp\/v2\/types\/product"}],"wp:featuredmedia":[{"embeddable":true,"href":"https:\/\/dev2.pallasdesign.ee\/fi\/wp-json\/wp\/v2\/media\/19843"}],"wp:attachment":[{"href":"https:\/\/dev2.pallasdesign.ee\/fi\/wp-json\/wp\/v2\/media?parent=19844"}],"wp:term":[{"taxonomy":"product_brand","embeddable":true,"href":"https:\/\/dev2.pallasdesign.ee\/fi\/wp-json\/wp\/v2\/product_brand?post=19844"},{"taxonomy":"product_cat","embeddable":true,"href":"https:\/\/dev2.pallasdesign.ee\/fi\/wp-json\/wp\/v2\/product_cat?post=19844"},{"taxonomy":"product_tag","embeddable":true,"href":"https:\/\/dev2.pallasdesign.ee\/fi\/wp-json\/wp\/v2\/product_tag?post=19844"}],"curies":[{"name":"wp","href":"https:\/\/api.w.org\/{rel}","templated":true}]}}