{"id":20137,"date":"2024-05-25T09:59:01","date_gmt":"2024-05-25T06:59:01","guid":{"rendered":"https:\/\/dev2.pallasdesign.ee\/kasitoopood\/maaratlemata\/uusi-leikkimatto-120x120-cm-medi-partners\/"},"modified":"2025-12-20T12:36:39","modified_gmt":"2025-12-20T10:36:39","slug":"leikkimatto","status":"publish","type":"product","link":"https:\/\/dev2.pallasdesign.ee\/fi\/leikkimatto\/","title":{"rendered":"Leikkimatto 120\u00d7120 cm (Medi Partners)"},"content":{"rendered":"<h2>Leikkimatto<\/h2>\n<p>Paljon k\u00e4ytt\u00f6tapoja \u2013 Leikkimatto sopii erinomaisesti kotiin vauvan ensiaskeleiden harjoitteluun, ja sit\u00e4 voidaan k\u00e4ytt\u00e4\u00e4 my\u00f6s leikkikeh\u00e4n mattona. Poikkeuksellisen paksu, jopa 4 cm pehmuste suojaa lasta kylm\u00e4lt\u00e4 lattialta ja tarjoaa runsaasti tilaa ensimm\u00e4isiin yhteisiin leikkihetkiin. Universaali koko 120 \u00d7 120 cm takaa pitk\u00e4aikaisen k\u00e4yt\u00f6n.  <\/p>\n<p>Korkein laatu \u2013 huolellisesti k\u00e4sin ommeltu. Matossa ei ole tarpeettomia yksityiskohtia, jotka voisivat olla lapselle vaarallisia (esimerkiksi ulkonevia nauhoja tai ny\u00f6rej\u00e4). Matossa ei ole tarpeettomia yksityiskohtia, jotka voisivat olla lapselle vaarallisia (esimerkiksi ulkonevia nauhoja tai ny\u00f6rej\u00e4).<\/p>\n<p>Tuote sopii erinomaisesti kosketukseen herk\u00e4n vauvan ihon kanssa, ja k\u00e4ytetyill\u00e4 materiaaleilla on allergiaa est\u00e4vi\u00e4 ominaisuuksia. Kuvioitu puuvilla antaa leikkimatolle keveytt\u00e4 ja hienostuneisuutta, ja itse matto tarjoaa uskomattoman pehmeyden tunteen. <\/p>\n<p>Kaikki vauvalle \u2013 kirkkaat v\u00e4rit ja kuviot tarjoavat paljon tutkittavaa ja stimuloivat vauvan n\u00e4k\u00f6aistia. Leikkimatot ovat arvokas v\u00e4line lapsen motoristen taitojen, k\u00e4si-silm\u00e4-koordinaation ja kognitiivisen kehityksen edist\u00e4miseen. <\/p>\n<p>Ihana lahja jokaiselle lapselle \u2013 v\u00e4rien yhdistelm\u00e4t stimuloivat lapsen kehityst\u00e4 ja parantavat v\u00e4rien hahmottamista. Matto on erinomainen vaihtoehto ulkoiluun lasten kanssa, tai sen voi ottaa helposti mukaan puutarhaan ja nauttia leikkihetkist\u00e4 ulkona. <\/p>\n<p><a href=\"https:\/\/dev2.pallasdesign.ee\/fi\/vauvan-peitot\/\"><b>Tutustu kaikkiin vauvanpeittoihimme t\u00e4\u00e4ll\u00e4<\/b><\/a><\/p>\n<h3>Tuotetiedot<\/h3>\n<ul>\n<li>Tavaramerkki: MEDI PARTNERS<\/li>\n<li>Tuotetyyppi: Leikkimatto<\/li>\n<li>Materiaali: Puuvilla ja sametti<\/li>\n<li>Mitat: 120x120cm<\/li>\n<li>K\u00e4sinpesu: 30\u00b0C<\/li>\n<li>Sertifikaatti: \u00d6ko-Tex Standard 100<\/li>\n<li>Toimitustapa: Toimitus l\u00e4himp\u00e4\u00e4n pakettiautomaattiin<\/li>\n<\/ul>\n","protected":false},"excerpt":{"rendered":"<p>Leikkimatot myyd\u00e4\u00e4n ilman brodeerausta.<\/p>\n<p>Pyynn\u00f6st\u00e4 voimme valmistaa yhteensopivan s\u00e4vyisen huopapohjaisen nimibrodeerauksen applikaatiotekniikalla ja ommella sen leikkimattoon.<\/p>\n","protected":false},"featured_media":14537,"template":"","meta":[],"product_brand":[],"product_cat":[777,799,804,805,955,778,779,780,781,789,790,794],"product_tag":[],"class_list":{"0":"post-20137","1":"product","2":"type-product","3":"status-publish","4":"has-post-thumbnail","6":"product_cat-vauvan-peitot","7":"product_cat-vauvatuotteet","8":"product_cat-ristiaislahja","9":"product_cat-nimiaislahjat","10":"product_cat-medi-partners-fi","11":"product_cat-leikkialustat","12":"product_cat-tilkkupeitot","13":"product_cat-lastenpeitot","14":"product_cat-lasten-peitot","15":"product_cat-leikkimatot","16":"product_cat-leikkipeitot","17":"product_cat-aktiviteettipeitot","18":"no-featured-image-padding","19":"sales-flash-overlay","20":"woocommerce-text-align-center","21":"woocommerce-image-align-center","22":"do-quantity-buttons","24":"first","25":"instock","26":"taxable","27":"shipping-taxable","28":"purchasable","29":"product-type-variable"},"_links":{"self":[{"href":"https:\/\/dev2.pallasdesign.ee\/fi\/wp-json\/wp\/v2\/product\/20137","targetHints":{"allow":["GET"]}}],"collection":[{"href":"https:\/\/dev2.pallasdesign.ee\/fi\/wp-json\/wp\/v2\/product"}],"about":[{"href":"https:\/\/dev2.pallasdesign.ee\/fi\/wp-json\/wp\/v2\/types\/product"}],"wp:featuredmedia":[{"embeddable":true,"href":"https:\/\/dev2.pallasdesign.ee\/fi\/wp-json\/wp\/v2\/media\/14537"}],"wp:attachment":[{"href":"https:\/\/dev2.pallasdesign.ee\/fi\/wp-json\/wp\/v2\/media?parent=20137"}],"wp:term":[{"taxonomy":"product_brand","embeddable":true,"href":"https:\/\/dev2.pallasdesign.ee\/fi\/wp-json\/wp\/v2\/product_brand?post=20137"},{"taxonomy":"product_cat","embeddable":true,"href":"https:\/\/dev2.pallasdesign.ee\/fi\/wp-json\/wp\/v2\/product_cat?post=20137"},{"taxonomy":"product_tag","embeddable":true,"href":"https:\/\/dev2.pallasdesign.ee\/fi\/wp-json\/wp\/v2\/product_tag?post=20137"}],"curies":[{"name":"wp","href":"https:\/\/api.w.org\/{rel}","templated":true}]}}