{"id":20143,"date":"2024-05-25T09:51:31","date_gmt":"2024-05-25T06:51:31","guid":{"rendered":"https:\/\/dev2.pallasdesign.ee\/kasitoopood\/maaratlemata\/vohvelipeitto-75x100-cm-medi-partners\/"},"modified":"2025-12-15T19:17:42","modified_gmt":"2025-12-15T17:17:42","slug":"vauvan-peitto-vohvelipeitto-75x100-cm","status":"publish","type":"product","link":"https:\/\/dev2.pallasdesign.ee\/fi\/vauvanpeitto\/","title":{"rendered":"Vohvelipeitto 75&#215;100 cm (Medi Partners)"},"content":{"rendered":"<h2>Vauvan peitto<\/h2>\n<p>Eritt\u00e4in elegantti peitto vauvalle vaunuihin, turvakaukaloon tai s\u00e4nkyyn. Se on valmistettu korkealaatuisista materiaaleista, jotka ovat eritt\u00e4in pehmeit\u00e4 ja miellytt\u00e4vi\u00e4 koskettaa. <\/p>\n<p>Peitto on kaksipuolinen \u2013 toisella puolella on vohvelikangas ja toisella puolella puuvillakangas, jossa on erilaisia kuvioita. <\/p>\n<p>Peitto on valmistettu korkealaatuisimmista materiaaleista, jotka t\u00e4ytt\u00e4v\u00e4t turvallisuus- ja OEKO-TEX\u00ae-standardit.<\/p>\n<p><a href=\"https:\/\/dev2.pallasdesign.ee\/fi\/vauvan-peitot\/\"><b>Tutustu kaikkiin vauvanpeittoihimme t\u00e4\u00e4ll\u00e4<\/b><\/a><\/p>\n<h3>Tuotetiedot<\/h3>\n<ul>\n<li>Tavaramerkki: MEDI PARTNERS<\/li>\n<li>Tuotetyyppi: Vohvelipeitto<\/li>\n<li>Materiaali: 100 % puuvillaa<\/li>\n<li>Mitat: Peitto 75&#215;100 cm<\/li>\n<li>Konepesu: 30\u00b0C<\/li>\n<li>Sertifikaatti: \u00d6ko-Tex Standard 100<\/li>\n<li>Toimitustapa: Toimitus l\u00e4himp\u00e4\u00e4n pakettiautomaattiin<\/li>\n<\/ul>\n","protected":false},"excerpt":{"rendered":"<p>Vauvan peitto on pehme\u00e4 ja laadukas, ja se sopii koristeltavaksi brodeerauksella. Vohvelipeitto on t\u00e4ydellinen risti\u00e4islahja. Brodeeraus sopii erinomaisesti lahjan koristeluun. <\/p>\n<ul>\n<li>Nimet ja tekstit brodeeraamme asiakkaan valitsemassa v\u00e4riss\u00e4<\/li>\n<li>Brodeeraukset ja applikaatiot brodeeraamme kuvassa olevilla v\u00e4reill\u00e4<\/li>\n<li>Applikaatioissa k\u00e4yt\u00e4mme sopivia kankaita<\/li>\n<li>HUOM! Brodeeraus tehd\u00e4\u00e4n vohvelikankaan puolelle, peiton kulmaan vinosti. Jos haluat brodeerauksen toiseen kohtaan, kirjoita siit\u00e4 tilauksen lis\u00e4tietoihin tai ota meihin yhteytt\u00e4.  <\/li>\n<\/ul>\n","protected":false},"featured_media":12985,"template":"","meta":[],"product_brand":[],"product_cat":[777,799,804,805,955,786,780,781,792,796,797],"product_tag":[],"class_list":{"0":"post-20143","1":"product","2":"type-product","3":"status-publish","4":"has-post-thumbnail","6":"product_cat-vauvan-peitot","7":"product_cat-vauvatuotteet","8":"product_cat-ristiaislahja","9":"product_cat-nimiaislahjat","10":"product_cat-medi-partners-fi","11":"product_cat-peitot-rattaisiin","12":"product_cat-lastenpeitot","13":"product_cat-lasten-peitot","14":"product_cat-puuvillapeitot","15":"product_cat-vohvelipeitot","16":"product_cat-vaunupeitot","17":"no-featured-image-padding","18":"sales-flash-overlay","19":"woocommerce-text-align-center","20":"woocommerce-image-align-center","21":"do-quantity-buttons","23":"first","24":"instock","25":"taxable","26":"shipping-taxable","27":"purchasable","28":"product-type-variable"},"_links":{"self":[{"href":"https:\/\/dev2.pallasdesign.ee\/fi\/wp-json\/wp\/v2\/product\/20143","targetHints":{"allow":["GET"]}}],"collection":[{"href":"https:\/\/dev2.pallasdesign.ee\/fi\/wp-json\/wp\/v2\/product"}],"about":[{"href":"https:\/\/dev2.pallasdesign.ee\/fi\/wp-json\/wp\/v2\/types\/product"}],"wp:featuredmedia":[{"embeddable":true,"href":"https:\/\/dev2.pallasdesign.ee\/fi\/wp-json\/wp\/v2\/media\/12985"}],"wp:attachment":[{"href":"https:\/\/dev2.pallasdesign.ee\/fi\/wp-json\/wp\/v2\/media?parent=20143"}],"wp:term":[{"taxonomy":"product_brand","embeddable":true,"href":"https:\/\/dev2.pallasdesign.ee\/fi\/wp-json\/wp\/v2\/product_brand?post=20143"},{"taxonomy":"product_cat","embeddable":true,"href":"https:\/\/dev2.pallasdesign.ee\/fi\/wp-json\/wp\/v2\/product_cat?post=20143"},{"taxonomy":"product_tag","embeddable":true,"href":"https:\/\/dev2.pallasdesign.ee\/fi\/wp-json\/wp\/v2\/product_tag?post=20143"}],"curies":[{"name":"wp","href":"https:\/\/api.w.org\/{rel}","templated":true}]}}