{"id":20160,"date":"2024-05-25T09:29:24","date_gmt":"2024-05-25T06:29:24","guid":{"rendered":"https:\/\/dev2.pallasdesign.ee\/kasitoopood\/maaratlemata\/minky-peitto-vauvalle-75x100-cm-medi-partners\/"},"modified":"2025-12-15T19:17:41","modified_gmt":"2025-12-15T17:17:41","slug":"minky-peitto-vauvalle-75x100-cm","status":"publish","type":"product","link":"https:\/\/dev2.pallasdesign.ee\/fi\/peitto-vauvalle\/","title":{"rendered":"Minky-peitto vauvalle 75&#215;100 cm (Medi Partners)"},"content":{"rendered":"<h2>Minky-peitto vauvalle<\/h2>\n<p>Todella elegantti vauvanpeitto vaunuihin, turvakaukaloon tai s\u00e4nkyyn, joka on valmistettu korkealaatuisista materiaaleista. N\u00e4m\u00e4 materiaalit ovat eritt\u00e4in hell\u00e4varaisia ja miellytt\u00e4vi\u00e4 koskettaa. <\/p>\n<p>Peitto on kaksipuolinen &#8211; toisella puolella pehme\u00e4 minky-materiaali ja toisella puolella puuvillakangas kauniilla kuvioilla.<\/p>\n<p>Peitto on valmistettu korkealaatuisimmista materiaaleista, jotka t\u00e4ytt\u00e4v\u00e4t turvallisuus- ja OEKO-TEX\u00ae-standardit.<\/p>\n<p><a href=\"https:\/\/dev2.pallasdesign.ee\/fi\/vauvan-peitot\/\"><b>Tutustu kaikkiin vauvanpeittoihimme t\u00e4\u00e4ll\u00e4<\/b><\/a><\/p>\n<h3>Tuotetiedot<\/h3>\n<ul>\n<li>Tavaramerkki: MEDI PARTNERS<\/li>\n<li>Tuotetyyppi: Minky-peitto<\/li>\n<li>Materiaali: kuviollinen 100 % puuvilla \/ yksiv\u00e4rinen 100 % polyesteri<\/li>\n<li>Mitat: Peitto 75&#215;100 cm<\/li>\n<li>Konepesu: 30\u00b0C<\/li>\n<li>Sertifikaatti: \u00d6ko-Tex Standard 100<\/li>\n<li>Toimitustapa: Toimitus l\u00e4himp\u00e4\u00e4n pakettiautomaattiin<\/li>\n<\/ul>\n","protected":false},"excerpt":{"rendered":"<p>Peitto vauvalle on pehme\u00e4 ja laadukas, ja se sopii koristeltavaksi brodeerauksella. Minky-peitto on t\u00e4ydellinen risti\u00e4islahja. Brodeeraus sopii erinomaisesti lahjan koristeluun. <\/p>\n<ul>\n<li>Nimet ja tekstit brodeeraamme asiakkaan valitsemassa v\u00e4riss\u00e4<\/li>\n<li>Brodeeraukset ja applikaatiot brodeeraamme kuvassa olevilla v\u00e4reill\u00e4<\/li>\n<li>Applikaatioissa k\u00e4yt\u00e4mme sopivia kankaita<\/li>\n<li>HUOM! Brodeeraus tehd\u00e4\u00e4n minky-kankaan puolelle peiton kulmaan vinosti. Jos haluatte brodeerauksen muualle, kirjoittakaa se tilauksen huomautuksiin tai ottakaa meihin yhteytt\u00e4.  <\/li>\n<\/ul>\n","protected":false},"featured_media":12953,"template":"","meta":[],"product_brand":[],"product_cat":[777,799,804,805,955,786,780,781,787,792,797],"product_tag":[],"class_list":{"0":"post-20160","1":"product","2":"type-product","3":"status-publish","4":"has-post-thumbnail","6":"product_cat-vauvan-peitot","7":"product_cat-vauvatuotteet","8":"product_cat-ristiaislahja","9":"product_cat-nimiaislahjat","10":"product_cat-medi-partners-fi","11":"product_cat-peitot-rattaisiin","12":"product_cat-lastenpeitot","13":"product_cat-lasten-peitot","14":"product_cat-minky-peitot","15":"product_cat-puuvillapeitot","16":"product_cat-vaunupeitot","17":"no-featured-image-padding","18":"sales-flash-overlay","19":"woocommerce-text-align-center","20":"woocommerce-image-align-center","21":"do-quantity-buttons","23":"first","24":"instock","25":"taxable","26":"shipping-taxable","27":"purchasable","28":"product-type-variable"},"_links":{"self":[{"href":"https:\/\/dev2.pallasdesign.ee\/fi\/wp-json\/wp\/v2\/product\/20160","targetHints":{"allow":["GET"]}}],"collection":[{"href":"https:\/\/dev2.pallasdesign.ee\/fi\/wp-json\/wp\/v2\/product"}],"about":[{"href":"https:\/\/dev2.pallasdesign.ee\/fi\/wp-json\/wp\/v2\/types\/product"}],"wp:featuredmedia":[{"embeddable":true,"href":"https:\/\/dev2.pallasdesign.ee\/fi\/wp-json\/wp\/v2\/media\/12953"}],"wp:attachment":[{"href":"https:\/\/dev2.pallasdesign.ee\/fi\/wp-json\/wp\/v2\/media?parent=20160"}],"wp:term":[{"taxonomy":"product_brand","embeddable":true,"href":"https:\/\/dev2.pallasdesign.ee\/fi\/wp-json\/wp\/v2\/product_brand?post=20160"},{"taxonomy":"product_cat","embeddable":true,"href":"https:\/\/dev2.pallasdesign.ee\/fi\/wp-json\/wp\/v2\/product_cat?post=20160"},{"taxonomy":"product_tag","embeddable":true,"href":"https:\/\/dev2.pallasdesign.ee\/fi\/wp-json\/wp\/v2\/product_tag?post=20160"}],"curies":[{"name":"wp","href":"https:\/\/api.w.org\/{rel}","templated":true}]}}