{"id":20179,"date":"2023-11-12T13:08:58","date_gmt":"2023-11-12T11:08:58","guid":{"rendered":"https:\/\/dev2.pallasdesign.ee\/kasitoopood\/maaratlemata\/pyyhe-excellence-bio-90x150-cm\/"},"modified":"2025-12-11T23:22:01","modified_gmt":"2025-12-11T21:22:01","slug":"saunapyyhe-brodeerauksella","status":"publish","type":"product","link":"https:\/\/dev2.pallasdesign.ee\/fi\/saunapyyhe-brodeerauksella\/","title":{"rendered":"Pyyhe Excellence BIO 90&#215;150 cm"},"content":{"rendered":"<h2>Saunapyyhe brodeerauksella Excellence BIO<\/h2>\n<p>Pehme\u00e4, l\u00e4mmin ja v\u00e4rik\u00e4s kylpyhuone\u2026 lis\u00e4\u00e4 puuvillainen viimeistely kylpyhuoneesi hyllyille! Tutustu &#8221;Excellence Bio&#8221; -mallistoon ja nauti 600 g\/m\u00b2 100 % orgaanisesta puuvillasta valmistetun froteen eleganssista, joka yhdist\u00e4\u00e4 t\u00e4ydellisesti laadun ja ymp\u00e4rist\u00f6yst\u00e4v\u00e4llisyyden. <\/p>\n<p>Douceur-k\u00e4sipyyhe on tarkoitettu kuivaamaan sinut kunnollisen kylvyn j\u00e4lkeen. Sen orgaanisesta puuvillasta valmistettu materiaali imee kosteuden nopeasti ja tarjoaa samalla erinomaista pehmeytt\u00e4. Oeko-Tex\u00ae-sertifikaatti takaa, ett\u00e4 testatut ja sertifioidut tuotteet eiv\u00e4t sis\u00e4ll\u00e4 terveydelle haitallisia aineita. <\/p>\n<p>Excellence BIO -mallisto, joka on valmistettu orgaanisesta puuvillasta, on sertifioitu GOTS-standardin (Global Organic Textile Standard) mukaisesti.<\/p>\n<p><a href=\"https:\/\/dev2.pallasdesign.ee\/fi\/pyyhkeet\/\"><b>L\u00f6yd\u00e4t kaikki pyyhkeemme t\u00e4\u00e4lt\u00e4<\/b><\/a><\/p>\n<h3>Tuotetiedot<\/h3>\n<ul>\n<li>Tavaramerkki: Douceur d&#8217;int\u00e9rieur<\/li>\n<li>Mallisto: Excellence BIO<\/li>\n<li>Materiaali: 100 % puuvillaa<\/li>\n<li>Mitat: 90&#215;150 cm<\/li>\n<li>Kankaan paino: 600 g\/m\u00b2<\/li>\n<li>Pesu: 40\u00b0C<\/li>\n<li>Valkaisu kielletty<\/li>\n<li>Rumpukuivaus keskil\u00e4mm\u00f6ss\u00e4<\/li>\n<li>Silitys: enint\u00e4\u00e4n 150\u00b0C<\/li>\n<li>Sertifikaatti: \u00d6ko-Tex Standard 100<\/li>\n<li>Toimitustapa: Toimitus l\u00e4himp\u00e4\u00e4n pakettiautomaattiin<\/li>\n<\/ul>\n","protected":false},"excerpt":{"rendered":"<p>Brodeerauksella personoitu saunapyyhe Douceur Excellence BIO 600 g\/m\u00b2 \u2013 ylellinen lahja erilaisiin tilaisuuksiin. Nimen tai logon brodeerauksella personoitu pyyhe sopii my\u00f6s liikelahjaksi. <\/p>\n","protected":false},"featured_media":10535,"template":"","meta":[],"product_brand":[],"product_cat":[856,853,811,812,960,854,855,857,858,859,860],"product_tag":[967],"class_list":{"0":"post-20179","1":"product","2":"type-product","3":"status-publish","4":"has-post-thumbnail","6":"product_cat-saunaliinat","7":"product_cat-pyyhkeet","8":"product_cat-nimikoidut-lahjat","9":"product_cat-brodeeratut-lahjat","10":"product_cat-douceur-dinterieur-fi","11":"product_cat-froteepyyhkeet","12":"product_cat-puuvillapyyhe","13":"product_cat-saunapyyhkeiden-myynti","14":"product_cat-iso-saunapyyhe","15":"product_cat-brodeeratut-saunapyyhkeet","16":"product_cat-saunapyyhkeet","17":"product_tag-excellence-bio-fi","18":"no-featured-image-padding","19":"sales-flash-overlay","20":"woocommerce-text-align-center","21":"woocommerce-image-align-center","22":"do-quantity-buttons","24":"first","25":"instock","26":"taxable","27":"shipping-taxable","28":"purchasable","29":"product-type-variable"},"_links":{"self":[{"href":"https:\/\/dev2.pallasdesign.ee\/fi\/wp-json\/wp\/v2\/product\/20179","targetHints":{"allow":["GET"]}}],"collection":[{"href":"https:\/\/dev2.pallasdesign.ee\/fi\/wp-json\/wp\/v2\/product"}],"about":[{"href":"https:\/\/dev2.pallasdesign.ee\/fi\/wp-json\/wp\/v2\/types\/product"}],"wp:featuredmedia":[{"embeddable":true,"href":"https:\/\/dev2.pallasdesign.ee\/fi\/wp-json\/wp\/v2\/media\/10535"}],"wp:attachment":[{"href":"https:\/\/dev2.pallasdesign.ee\/fi\/wp-json\/wp\/v2\/media?parent=20179"}],"wp:term":[{"taxonomy":"product_brand","embeddable":true,"href":"https:\/\/dev2.pallasdesign.ee\/fi\/wp-json\/wp\/v2\/product_brand?post=20179"},{"taxonomy":"product_cat","embeddable":true,"href":"https:\/\/dev2.pallasdesign.ee\/fi\/wp-json\/wp\/v2\/product_cat?post=20179"},{"taxonomy":"product_tag","embeddable":true,"href":"https:\/\/dev2.pallasdesign.ee\/fi\/wp-json\/wp\/v2\/product_tag?post=20179"}],"curies":[{"name":"wp","href":"https:\/\/api.w.org\/{rel}","templated":true}]}}