{"id":20191,"date":"2023-11-12T12:35:39","date_gmt":"2023-11-12T10:35:39","guid":{"rendered":"https:\/\/dev2.pallasdesign.ee\/kasitoopood\/maaratlemata\/pyyhe-tendresse-90x150-cm\/"},"modified":"2025-12-15T21:15:02","modified_gmt":"2025-12-15T19:15:02","slug":"saunapyyhe-nimibrodeerauksella","status":"publish","type":"product","link":"https:\/\/dev2.pallasdesign.ee\/fi\/saunapyyhe-nimibrodeerauksella\/","title":{"rendered":"Pyyhe Tendresse 90&#215;150 cm"},"content":{"rendered":"<h2>Saunapyyhe nimibrodeerauksella Tendresse<\/h2>\n<p>Anna itsesi hurmata 100 % puuvillasta valmistetuilla froteepyyhkeill\u00e4. N\u00e4m\u00e4 pyyhkeet sopivat t\u00e4ydellisesti hell\u00e4\u00e4n kuivaamiseen. Ne ovat v\u00e4rikk\u00e4it\u00e4 ja painavat 500 g\/m\u00b2, kietoen sinut pehme\u00e4\u00e4n mukavuuteen. Koristele kylpyhuoneesi ja luo sinne p\u00e4ivitt\u00e4isi\u00e4 hyv\u00e4n olon hetki\u00e4!   <\/p>\n<p>Oeko-Tex\u00ae-sertifikaatti takaa, ett\u00e4 testatut ja sertifioidut tuotteet eiv\u00e4t sis\u00e4ll\u00e4 terveydelle haitallisia aineita.<\/p>\n<p><a href=\"https:\/\/dev2.pallasdesign.ee\/fi\/pyyhkeet\/\"><b>L\u00f6yd\u00e4t kaikki pyyhkeemme t\u00e4\u00e4lt\u00e4<\/b><\/a><\/p>\n<h3>Tuotetiedot<\/h3>\n<ul>\n<li>Tavaramerkki: Douceur d&#8217;int\u00e9rieur<\/li>\n<li>Mallisto: Tendresse<\/li>\n<li>Materiaali: 100 % puuvillaa<\/li>\n<li>Mitat: 90&#215;150 cm<\/li>\n<li>Kankaan paino: 500g\/m2<\/li>\n<li>Pesu: 40\u00b0C<\/li>\n<li>Valkaisu kielletty<\/li>\n<li>Rumpukuivaus keskil\u00e4mm\u00f6ss\u00e4<\/li>\n<li>Silitys: enint\u00e4\u00e4n 150\u00b0C<\/li>\n<li>Sertifikaatti: \u00d6ko-Tex Standard 100<\/li>\n<li>Toimitustapa: Toimitus l\u00e4himp\u00e4\u00e4n pakettiautomaattiin<\/li>\n<\/ul>\n","protected":false},"excerpt":{"rendered":"<p>Nimibrodeerauksella personoitu saunapyyhe Douceur Tendresse 500 g\/m\u00b2 on saatavilla monissa v\u00e4reiss\u00e4. Brodeeraamme pyyhkeeseen lahjansaajan nimen tai muun viestin korkealaatuisena konebrodeerauksena. <\/p>\n","protected":false},"featured_media":10533,"template":"","meta":[],"product_brand":[],"product_cat":[856,853,811,812,960,854,855,857,858,859,860],"product_tag":[971],"class_list":{"0":"post-20191","1":"product","2":"type-product","3":"status-publish","4":"has-post-thumbnail","6":"product_cat-saunaliinat","7":"product_cat-pyyhkeet","8":"product_cat-nimikoidut-lahjat","9":"product_cat-brodeeratut-lahjat","10":"product_cat-douceur-dinterieur-fi","11":"product_cat-froteepyyhkeet","12":"product_cat-puuvillapyyhe","13":"product_cat-saunapyyhkeiden-myynti","14":"product_cat-iso-saunapyyhe","15":"product_cat-brodeeratut-saunapyyhkeet","16":"product_cat-saunapyyhkeet","17":"product_tag-tendresse-fi","18":"no-featured-image-padding","19":"sales-flash-overlay","20":"woocommerce-text-align-center","21":"woocommerce-image-align-center","22":"do-quantity-buttons","24":"first","25":"instock","26":"taxable","27":"shipping-taxable","28":"purchasable","29":"product-type-variable"},"_links":{"self":[{"href":"https:\/\/dev2.pallasdesign.ee\/fi\/wp-json\/wp\/v2\/product\/20191","targetHints":{"allow":["GET"]}}],"collection":[{"href":"https:\/\/dev2.pallasdesign.ee\/fi\/wp-json\/wp\/v2\/product"}],"about":[{"href":"https:\/\/dev2.pallasdesign.ee\/fi\/wp-json\/wp\/v2\/types\/product"}],"wp:featuredmedia":[{"embeddable":true,"href":"https:\/\/dev2.pallasdesign.ee\/fi\/wp-json\/wp\/v2\/media\/10533"}],"wp:attachment":[{"href":"https:\/\/dev2.pallasdesign.ee\/fi\/wp-json\/wp\/v2\/media?parent=20191"}],"wp:term":[{"taxonomy":"product_brand","embeddable":true,"href":"https:\/\/dev2.pallasdesign.ee\/fi\/wp-json\/wp\/v2\/product_brand?post=20191"},{"taxonomy":"product_cat","embeddable":true,"href":"https:\/\/dev2.pallasdesign.ee\/fi\/wp-json\/wp\/v2\/product_cat?post=20191"},{"taxonomy":"product_tag","embeddable":true,"href":"https:\/\/dev2.pallasdesign.ee\/fi\/wp-json\/wp\/v2\/product_tag?post=20191"}],"curies":[{"name":"wp","href":"https:\/\/api.w.org\/{rel}","templated":true}]}}