{"id":20207,"date":"2023-11-12T12:10:35","date_gmt":"2023-11-12T10:10:35","guid":{"rendered":"https:\/\/dev2.pallasdesign.ee\/kasitoopood\/maaratlemata\/pyyhe-tendresse-70x130cm\/"},"modified":"2025-11-23T22:52:37","modified_gmt":"2025-11-23T20:52:37","slug":"kylpypyyhe-nimibrodeerauksella","status":"publish","type":"product","link":"https:\/\/dev2.pallasdesign.ee\/fi\/kylpypyyhe-nimibrodeerauksella\/","title":{"rendered":"Pyyhe Tendresse 70x130cm"},"content":{"rendered":"<h2>Kylpypyyhe nimibrodeerauksella Tendresse<\/h2>\n<p>Anna itsesi hurmata 100 % puuvillasta valmistetuilla froteepyyhkeill\u00e4. N\u00e4m\u00e4 pyyhkeet sopivat t\u00e4ydellisesti hell\u00e4\u00e4n kuivaamiseen. Ne ovat v\u00e4rikk\u00e4it\u00e4 ja painavat 500 g\/m\u00b2, kietoen sinut pehme\u00e4\u00e4n mukavuuteen. Koristele kylpyhuoneesi ja luo sinne p\u00e4ivitt\u00e4isi\u00e4 hyv\u00e4n olon hetki\u00e4!   <\/p>\n<p>Oeko-Tex\u00ae-sertifikaatti takaa, ett\u00e4 testatut ja sertifioidut tuotteet eiv\u00e4t sis\u00e4ll\u00e4 terveydelle haitallisia aineita.<\/p>\n<p><a href=\"https:\/\/dev2.pallasdesign.ee\/fi\/pyyhkeet\/\"><b>L\u00f6yd\u00e4t kaikki pyyhkeemme t\u00e4\u00e4lt\u00e4<\/b><\/a><\/p>\n<h3>Tuotetiedot<\/h3>\n<ul>\n<li>Tavaramerkki: Douceur d&#8217;int\u00e9rieur<\/li>\n<li>Mallisto: Tendresse<\/li>\n<li>Materiaali: 100 % puuvillaa<\/li>\n<li>Mitat: 70&#215;130 cm<\/li>\n<li>Kankaan paino: 500g\/m2<\/li>\n<li>Pesu: 40\u00b0C<\/li>\n<li>Valkaisu kielletty<\/li>\n<li>Rumpukuivaus keskil\u00e4mm\u00f6ss\u00e4<\/li>\n<li>Silitys: enint\u00e4\u00e4n 150\u00b0C<\/li>\n<li>Sertifikaatti: \u00d6ko-Tex Standard 100<\/li>\n<li>Toimitustapa: Toimitus l\u00e4himp\u00e4\u00e4n pakettiautomaattiin<\/li>\n<\/ul>\n","protected":false},"excerpt":{"rendered":"<p>Kylpypyyhe nimibrodeerauksella Douceur Tendresse 500 g\/m\u00b2 on saatavilla monissa v\u00e4reiss\u00e4. Brodeeraamme pyyhkeeseen lahjansaajan nimen tai muun viestin korkealaatuisena konebrodeerauksena. <\/p>\n","protected":false},"featured_media":14623,"template":"","meta":[],"product_brand":[],"product_cat":[861,853,811,812,960,854,855,857,862],"product_tag":[971],"class_list":{"0":"post-20207","1":"product","2":"type-product","3":"status-publish","4":"has-post-thumbnail","6":"product_cat-kylpypyyhkeet","7":"product_cat-pyyhkeet","8":"product_cat-nimikoidut-lahjat","9":"product_cat-brodeeratut-lahjat","10":"product_cat-douceur-dinterieur-fi","11":"product_cat-froteepyyhkeet","12":"product_cat-puuvillapyyhe","13":"product_cat-saunapyyhkeiden-myynti","14":"product_cat-kylpyliinat","15":"product_tag-tendresse-fi","16":"no-featured-image-padding","17":"sales-flash-overlay","18":"woocommerce-text-align-center","19":"woocommerce-image-align-center","20":"do-quantity-buttons","22":"first","23":"instock","24":"taxable","25":"shipping-taxable","26":"purchasable","27":"product-type-variable"},"_links":{"self":[{"href":"https:\/\/dev2.pallasdesign.ee\/fi\/wp-json\/wp\/v2\/product\/20207","targetHints":{"allow":["GET"]}}],"collection":[{"href":"https:\/\/dev2.pallasdesign.ee\/fi\/wp-json\/wp\/v2\/product"}],"about":[{"href":"https:\/\/dev2.pallasdesign.ee\/fi\/wp-json\/wp\/v2\/types\/product"}],"wp:featuredmedia":[{"embeddable":true,"href":"https:\/\/dev2.pallasdesign.ee\/fi\/wp-json\/wp\/v2\/media\/14623"}],"wp:attachment":[{"href":"https:\/\/dev2.pallasdesign.ee\/fi\/wp-json\/wp\/v2\/media?parent=20207"}],"wp:term":[{"taxonomy":"product_brand","embeddable":true,"href":"https:\/\/dev2.pallasdesign.ee\/fi\/wp-json\/wp\/v2\/product_brand?post=20207"},{"taxonomy":"product_cat","embeddable":true,"href":"https:\/\/dev2.pallasdesign.ee\/fi\/wp-json\/wp\/v2\/product_cat?post=20207"},{"taxonomy":"product_tag","embeddable":true,"href":"https:\/\/dev2.pallasdesign.ee\/fi\/wp-json\/wp\/v2\/product_tag?post=20207"}],"curies":[{"name":"wp","href":"https:\/\/api.w.org\/{rel}","templated":true}]}}