{"id":20239,"date":"2023-11-12T12:00:29","date_gmt":"2023-11-12T10:00:29","guid":{"rendered":"https:\/\/dev2.pallasdesign.ee\/kasitoopood\/maaratlemata\/pyyhe-jacquard-majesty-90x150cm\/"},"modified":"2025-11-23T22:57:01","modified_gmt":"2025-11-23T20:57:01","slug":"saunalakana-brodeerauksella","status":"publish","type":"product","link":"https:\/\/dev2.pallasdesign.ee\/fi\/saunalakana-brodeerauksella\/","title":{"rendered":"Pyyhe Jacquard Majesty 90x150cm"},"content":{"rendered":"<h2>Saunalakana brodeerauksella Jacquard Majesty<\/h2>\n<p>Valmistettu pehme\u00e4st\u00e4 ja hyvin vett\u00e4 imev\u00e4st\u00e4 puuvillasta. L\u00e4mmin ja miellytt\u00e4v\u00e4 koskettaa \u2013 kaunis kontrastinen reunus yhdist\u00e4\u00e4 t\u00e4ss\u00e4 pyyhkeess\u00e4 eleganssin ja k\u00e4yt\u00e4nn\u00f6llisyyden. T\u00e4ydenn\u00e4 Jacquard Majesty -sarjaa ja luo kylpyhuoneeseesi harmoninen tila rentoutumishetki\u00e4 varten.  <\/p>\n<p>Oeko-Tex\u00ae-sertifikaatti takaa, ett\u00e4 testatut ja sertifioidut tuotteet eiv\u00e4t sis\u00e4ll\u00e4 terveydelle haitallisia aineita.<\/p>\n<p><a href=\"https:\/\/dev2.pallasdesign.ee\/fi\/pyyhkeet\/\"><b>L\u00f6yd\u00e4t kaikki pyyhkeemme t\u00e4\u00e4lt\u00e4<\/b><\/a><\/p>\n<h3>Tuotetiedot<\/h3>\n<ul>\n<li>Tavaramerkki: Douceur d&#8217;int\u00e9rieur<\/li>\n<li>Mallisto: Jacquard majesty<\/li>\n<li>Materiaali: 100 % puuvillaa<\/li>\n<li>Mitat: 90&#215;150 cm (reunuksen korkeus 11 cm)<\/li>\n<li>Kankaan paino: 450 g\/m\u00b2<\/li>\n<li>Pesu: 40\u00b0C<\/li>\n<li>Valkaisu kielletty<\/li>\n<li>Rumpukuivaus keskil\u00e4mm\u00f6ss\u00e4<\/li>\n<li>Silitys: enint\u00e4\u00e4n 150\u00b0C<\/li>\n<li>Sertifikaatti: \u00d6ko-Tex Standard 100<\/li>\n<li>Toimitustapa: Toimitus l\u00e4himp\u00e4\u00e4n pakettiautomaattiin<\/li>\n<\/ul>\n","protected":false},"excerpt":{"rendered":"<p>Saunalakana brodeerauksella Douceur Jacquard Majesty 450 g\/m\u00b2 on katseenvangitseva tyylik\u00e4s ja laadukas. Pyyhkeeseen brodeerattu nimi tai monogrammi tekee lahjasta ainutlaatuisen. Konebrodeeraus on ylellinen ja pitk\u00e4ik\u00e4inen.  <\/p>\n<p><b>HUOM! Nimet ja tekstit brodeerataan reunukseen (korkeus 11 cm), muut brodeeraukset froteeosaan. <\/b>Jos haluat brodeerauksen toiseen kohtaan, kirjoita siit\u00e4 tilauksen lis\u00e4tietoihin tai ota meihin yhteytt\u00e4.<\/p>\n","protected":false},"featured_media":10531,"template":"","meta":[],"product_brand":[],"product_cat":[856,853,811,812,960,854,855,857,858,859,860],"product_tag":[968],"class_list":{"0":"post-20239","1":"product","2":"type-product","3":"status-publish","4":"has-post-thumbnail","6":"product_cat-saunaliinat","7":"product_cat-pyyhkeet","8":"product_cat-nimikoidut-lahjat","9":"product_cat-brodeeratut-lahjat","10":"product_cat-douceur-dinterieur-fi","11":"product_cat-froteepyyhkeet","12":"product_cat-puuvillapyyhe","13":"product_cat-saunapyyhkeiden-myynti","14":"product_cat-iso-saunapyyhe","15":"product_cat-brodeeratut-saunapyyhkeet","16":"product_cat-saunapyyhkeet","17":"product_tag-jacquard-majesty-fi","18":"no-featured-image-padding","19":"sales-flash-overlay","20":"woocommerce-text-align-center","21":"woocommerce-image-align-center","22":"do-quantity-buttons","24":"first","25":"instock","26":"taxable","27":"shipping-taxable","28":"purchasable","29":"product-type-variable"},"_links":{"self":[{"href":"https:\/\/dev2.pallasdesign.ee\/fi\/wp-json\/wp\/v2\/product\/20239","targetHints":{"allow":["GET"]}}],"collection":[{"href":"https:\/\/dev2.pallasdesign.ee\/fi\/wp-json\/wp\/v2\/product"}],"about":[{"href":"https:\/\/dev2.pallasdesign.ee\/fi\/wp-json\/wp\/v2\/types\/product"}],"wp:featuredmedia":[{"embeddable":true,"href":"https:\/\/dev2.pallasdesign.ee\/fi\/wp-json\/wp\/v2\/media\/10531"}],"wp:attachment":[{"href":"https:\/\/dev2.pallasdesign.ee\/fi\/wp-json\/wp\/v2\/media?parent=20239"}],"wp:term":[{"taxonomy":"product_brand","embeddable":true,"href":"https:\/\/dev2.pallasdesign.ee\/fi\/wp-json\/wp\/v2\/product_brand?post=20239"},{"taxonomy":"product_cat","embeddable":true,"href":"https:\/\/dev2.pallasdesign.ee\/fi\/wp-json\/wp\/v2\/product_cat?post=20239"},{"taxonomy":"product_tag","embeddable":true,"href":"https:\/\/dev2.pallasdesign.ee\/fi\/wp-json\/wp\/v2\/product_tag?post=20239"}],"curies":[{"name":"wp","href":"https:\/\/api.w.org\/{rel}","templated":true}]}}