{"id":20261,"date":"2023-11-11T23:17:44","date_gmt":"2023-11-11T21:17:44","guid":{"rendered":"https:\/\/dev2.pallasdesign.ee\/kasitoopood\/maaratlemata\/pyyhe-colors-50x90cm\/"},"modified":"2025-11-23T22:59:21","modified_gmt":"2025-11-23T20:59:21","slug":"kasipyyhe","status":"publish","type":"product","link":"https:\/\/dev2.pallasdesign.ee\/fi\/kasipyyhe\/","title":{"rendered":"Pyyhe Colors 50x90cm"},"content":{"rendered":"<h2>K\u00e4sipyyhe Colors<\/h2>\n<p>Valmistettu pehme\u00e4st\u00e4 ja hyvin vett\u00e4 imev\u00e4st\u00e4 puuvillasta. L\u00e4mmin ja miellytt\u00e4v\u00e4 yksiv\u00e4rinen kangas yhdist\u00e4\u00e4 eleganssin ja k\u00e4yt\u00e4nn\u00f6llisyyden. T\u00e4ydenn\u00e4 Colors-sarjaa ja luo kylpyhuoneeseesi harmoninen tila rentoutumishetki\u00e4 varten.  <\/p>\n<p><a href=\"https:\/\/dev2.pallasdesign.ee\/fi\/pyyhkeet\/\"><b>L\u00f6yd\u00e4t kaikki pyyhkeemme t\u00e4\u00e4lt\u00e4<\/b><\/a><\/p>\n<h3>Tuotetiedot<\/h3>\n<ul>\n<li>Tavaramerkki: Douceur d&#8217;int\u00e9rieur<\/li>\n<li>Mallisto: Colors<\/li>\n<li>Materiaali: 100 % puuvillaa<\/li>\n<li>Mitat: 50&#215;90 cm<\/li>\n<li>Kankaan paino: 500g\/m2<\/li>\n<li>Pesu: 40\u00b0C<\/li>\n<li>Silitys: 150 \u00b0C<\/li>\n<li>Sertifikaatti: \u00d6ko-Tex Standard 100<\/li>\n<li>Toimitustapa: Toimitus l\u00e4himp\u00e4\u00e4n pakettiautomaattiin<\/li>\n<\/ul>\n","protected":false},"excerpt":{"rendered":"<p>Pyyhe Douceur Colors 500 g\/m\u00b2 sopii t\u00e4ydellisesti sek\u00e4 tupaantuliaislahjaksi ett\u00e4 liikelahjaksi. Pyyhkeeseen brodeerattu nimi tai monogrammi tekee lahjasta ainutlaatuisen. <\/p>\n","protected":false},"featured_media":10523,"template":"","meta":[],"product_brand":[],"product_cat":[863,853,811,812,960,854,855,864],"product_tag":[965],"class_list":{"0":"post-20261","1":"product","2":"type-product","3":"status-publish","4":"has-post-thumbnail","6":"product_cat-kasipyyhkeet","7":"product_cat-pyyhkeet","8":"product_cat-nimikoidut-lahjat","9":"product_cat-brodeeratut-lahjat","10":"product_cat-douceur-dinterieur-fi","11":"product_cat-froteepyyhkeet","12":"product_cat-puuvillapyyhe","13":"product_cat-pyyheliinat","14":"product_tag-colors-fi","15":"no-featured-image-padding","16":"sales-flash-overlay","17":"woocommerce-text-align-center","18":"woocommerce-image-align-center","19":"do-quantity-buttons","21":"first","22":"instock","23":"taxable","24":"shipping-taxable","25":"purchasable","26":"product-type-variable"},"_links":{"self":[{"href":"https:\/\/dev2.pallasdesign.ee\/fi\/wp-json\/wp\/v2\/product\/20261","targetHints":{"allow":["GET"]}}],"collection":[{"href":"https:\/\/dev2.pallasdesign.ee\/fi\/wp-json\/wp\/v2\/product"}],"about":[{"href":"https:\/\/dev2.pallasdesign.ee\/fi\/wp-json\/wp\/v2\/types\/product"}],"wp:featuredmedia":[{"embeddable":true,"href":"https:\/\/dev2.pallasdesign.ee\/fi\/wp-json\/wp\/v2\/media\/10523"}],"wp:attachment":[{"href":"https:\/\/dev2.pallasdesign.ee\/fi\/wp-json\/wp\/v2\/media?parent=20261"}],"wp:term":[{"taxonomy":"product_brand","embeddable":true,"href":"https:\/\/dev2.pallasdesign.ee\/fi\/wp-json\/wp\/v2\/product_brand?post=20261"},{"taxonomy":"product_cat","embeddable":true,"href":"https:\/\/dev2.pallasdesign.ee\/fi\/wp-json\/wp\/v2\/product_cat?post=20261"},{"taxonomy":"product_tag","embeddable":true,"href":"https:\/\/dev2.pallasdesign.ee\/fi\/wp-json\/wp\/v2\/product_tag?post=20261"}],"curies":[{"name":"wp","href":"https:\/\/api.w.org\/{rel}","templated":true}]}}