{"id":20274,"date":"2023-11-11T19:43:25","date_gmt":"2023-11-11T17:43:25","guid":{"rendered":"https:\/\/dev2.pallasdesign.ee\/kasitoopood\/maaratlemata\/pyyhe-excellence-70x130cm\/"},"modified":"2025-11-23T23:00:55","modified_gmt":"2025-11-23T21:00:55","slug":"froteepyyhe-kylpyyn","status":"publish","type":"product","link":"https:\/\/dev2.pallasdesign.ee\/fi\/froteepyyhe-kylpyyn\/","title":{"rendered":"Pyyhe Excellence 70x130cm"},"content":{"rendered":"<h2>Froteepyyhe kylpyyn Excellence<\/h2>\n<p>Valmistettu pehme\u00e4st\u00e4 ja hyvin vett\u00e4 imev\u00e4st\u00e4 puuvillasta. L\u00e4mmin ja miellytt\u00e4v\u00e4 yksiv\u00e4rinen kangas yhdist\u00e4\u00e4 eleganssin ja k\u00e4yt\u00e4nn\u00f6llisyyden. T\u00e4ydenn\u00e4 Excellence-sarjaa ja luo kylpyhuoneeseesi harmoninen tila rentoutumishetki\u00e4 varten.  <\/p>\n<p><a href=\"https:\/\/dev2.pallasdesign.ee\/fi\/pyyhkeet\/\"><b>L\u00f6yd\u00e4t kaikki pyyhkeemme t\u00e4\u00e4lt\u00e4<\/b><\/a><\/p>\n<h3>Tuotetiedot<\/h3>\n<ul>\n<li>Tavaramerkki: Douceur d&#8217;int\u00e9rieur<\/li>\n<li>Mallisto: Excellence<\/li>\n<li>Materiaali: 100 % puuvillaa<\/li>\n<li>Mitat: 70&#215;130 cm<\/li>\n<li>Kankaan paino: 600 g\/m\u00b2<\/li>\n<li>Pesu: 40\u00b0C<\/li>\n<li>Silitys: 150 \u00b0C<\/li>\n<li>Sertifikaatti: \u00d6ko-Tex Standard 100<\/li>\n<li>Toimitustapa: Toimitus l\u00e4himp\u00e4\u00e4n pakettiautomaattiin<\/li>\n<\/ul>\n","protected":false},"excerpt":{"rendered":"<p>Pyyhe Douceur Excellence 600 g\/m\u00b2 on katseenvangitseva tyylik\u00e4s ja laadukas. Konebrodeerauksella koristeltuna tuote sopii sek\u00e4 syntym\u00e4p\u00e4iv\u00e4lahjaksi, merkkip\u00e4iv\u00e4lahjaksi ett\u00e4 yst\u00e4v\u00e4np\u00e4iv\u00e4ksi. <\/p>\n","protected":false},"featured_media":10515,"template":"","meta":[],"product_brand":[],"product_cat":[861,853,811,812,960,854,855,862],"product_tag":[966],"class_list":{"0":"post-20274","1":"product","2":"type-product","3":"status-publish","4":"has-post-thumbnail","6":"product_cat-kylpypyyhkeet","7":"product_cat-pyyhkeet","8":"product_cat-nimikoidut-lahjat","9":"product_cat-brodeeratut-lahjat","10":"product_cat-douceur-dinterieur-fi","11":"product_cat-froteepyyhkeet","12":"product_cat-puuvillapyyhe","13":"product_cat-kylpyliinat","14":"product_tag-excellence-fi","15":"no-featured-image-padding","16":"sales-flash-overlay","17":"woocommerce-text-align-center","18":"woocommerce-image-align-center","19":"do-quantity-buttons","21":"first","22":"instock","23":"taxable","24":"shipping-taxable","25":"purchasable","26":"product-type-variable"},"_links":{"self":[{"href":"https:\/\/dev2.pallasdesign.ee\/fi\/wp-json\/wp\/v2\/product\/20274","targetHints":{"allow":["GET"]}}],"collection":[{"href":"https:\/\/dev2.pallasdesign.ee\/fi\/wp-json\/wp\/v2\/product"}],"about":[{"href":"https:\/\/dev2.pallasdesign.ee\/fi\/wp-json\/wp\/v2\/types\/product"}],"wp:featuredmedia":[{"embeddable":true,"href":"https:\/\/dev2.pallasdesign.ee\/fi\/wp-json\/wp\/v2\/media\/10515"}],"wp:attachment":[{"href":"https:\/\/dev2.pallasdesign.ee\/fi\/wp-json\/wp\/v2\/media?parent=20274"}],"wp:term":[{"taxonomy":"product_brand","embeddable":true,"href":"https:\/\/dev2.pallasdesign.ee\/fi\/wp-json\/wp\/v2\/product_brand?post=20274"},{"taxonomy":"product_cat","embeddable":true,"href":"https:\/\/dev2.pallasdesign.ee\/fi\/wp-json\/wp\/v2\/product_cat?post=20274"},{"taxonomy":"product_tag","embeddable":true,"href":"https:\/\/dev2.pallasdesign.ee\/fi\/wp-json\/wp\/v2\/product_tag?post=20274"}],"curies":[{"name":"wp","href":"https:\/\/api.w.org\/{rel}","templated":true}]}}