{"id":20283,"date":"2023-11-11T19:37:41","date_gmt":"2023-11-11T17:37:41","guid":{"rendered":"https:\/\/dev2.pallasdesign.ee\/kasitoopood\/maaratlemata\/pyyhe-belina-90x150cm\/"},"modified":"2025-11-23T23:02:56","modified_gmt":"2025-11-23T21:02:56","slug":"saunapyyhe-lahjaksi","status":"publish","type":"product","link":"https:\/\/dev2.pallasdesign.ee\/fi\/saunapyyhe-lahjaksi\/","title":{"rendered":"Pyyhe Belina 90x150cm"},"content":{"rendered":"<h2>Saunapyyhe lahjaksi Belina<\/h2>\n<p>Valmistatud pehmest, vett h\u00e4sti imavast puuvillast. Soe ja puudutamisel meeldiv \u00fchev\u00e4rviline kangas \u00fchendab endas elegantsi ja funktsionaalsust. T\u00e4iendage Belina komplekti ja looge oma vannitoas harmooniline koht l\u00f5\u00f5gastushetkede t\u00e4histamiseks.  <\/p>\n<p><a href=\"https:\/\/dev2.pallasdesign.ee\/fi\/pyyhkeet\/\"><b>L\u00f6yd\u00e4t kaikki pyyhkeemme t\u00e4\u00e4lt\u00e4<\/b><\/a><\/p>\n<h3>Tuotetiedot<\/h3>\n<ul>\n<li>Tavaramerkki: Douceur d&#8217;int\u00e9rieur<\/li>\n<li>Mallisto: Belina<\/li>\n<li>Materiaali: 100 % puuvillaa<\/li>\n<li>Mitat: 90&#215;150 cm<\/li>\n<li>Kankaan paino: 450 g\/m\u00b2<\/li>\n<li>Pesu: 40\u00b0C<\/li>\n<li>Silitys: 150 \u00b0C<\/li>\n<li>Sertifikaatti: \u00d6ko-Tex Standard 100<\/li>\n<li>Toimitustapa: Toimitus l\u00e4himp\u00e4\u00e4n pakettiautomaattiin<\/li>\n<\/ul>\n","protected":false},"excerpt":{"rendered":"<p>Pyyhe Douceur Belina 450 g\/m\u00b2 sopii lahjaksi sek\u00e4 miehelle ett\u00e4 naiselle \u2013 niin syntym\u00e4p\u00e4iv\u00e4lahjaksi, yst\u00e4v\u00e4np\u00e4iv\u00e4lahjaksi kuin my\u00f6s joululahjaksi.<\/p>\n","protected":false},"featured_media":10525,"template":"","meta":[],"product_brand":[],"product_cat":[856,853,811,812,960,854,855,857,858,859,860],"product_tag":[964],"class_list":{"0":"post-20283","1":"product","2":"type-product","3":"status-publish","4":"has-post-thumbnail","6":"product_cat-saunaliinat","7":"product_cat-pyyhkeet","8":"product_cat-nimikoidut-lahjat","9":"product_cat-brodeeratut-lahjat","10":"product_cat-douceur-dinterieur-fi","11":"product_cat-froteepyyhkeet","12":"product_cat-puuvillapyyhe","13":"product_cat-saunapyyhkeiden-myynti","14":"product_cat-iso-saunapyyhe","15":"product_cat-brodeeratut-saunapyyhkeet","16":"product_cat-saunapyyhkeet","17":"product_tag-belina-fi","18":"no-featured-image-padding","19":"sales-flash-overlay","20":"woocommerce-text-align-center","21":"woocommerce-image-align-center","22":"do-quantity-buttons","24":"first","25":"instock","26":"taxable","27":"shipping-taxable","28":"purchasable","29":"product-type-variable"},"_links":{"self":[{"href":"https:\/\/dev2.pallasdesign.ee\/fi\/wp-json\/wp\/v2\/product\/20283","targetHints":{"allow":["GET"]}}],"collection":[{"href":"https:\/\/dev2.pallasdesign.ee\/fi\/wp-json\/wp\/v2\/product"}],"about":[{"href":"https:\/\/dev2.pallasdesign.ee\/fi\/wp-json\/wp\/v2\/types\/product"}],"wp:featuredmedia":[{"embeddable":true,"href":"https:\/\/dev2.pallasdesign.ee\/fi\/wp-json\/wp\/v2\/media\/10525"}],"wp:attachment":[{"href":"https:\/\/dev2.pallasdesign.ee\/fi\/wp-json\/wp\/v2\/media?parent=20283"}],"wp:term":[{"taxonomy":"product_brand","embeddable":true,"href":"https:\/\/dev2.pallasdesign.ee\/fi\/wp-json\/wp\/v2\/product_brand?post=20283"},{"taxonomy":"product_cat","embeddable":true,"href":"https:\/\/dev2.pallasdesign.ee\/fi\/wp-json\/wp\/v2\/product_cat?post=20283"},{"taxonomy":"product_tag","embeddable":true,"href":"https:\/\/dev2.pallasdesign.ee\/fi\/wp-json\/wp\/v2\/product_tag?post=20283"}],"curies":[{"name":"wp","href":"https:\/\/api.w.org\/{rel}","templated":true}]}}