{"id":20290,"date":"2023-11-11T19:35:13","date_gmt":"2023-11-11T17:35:13","guid":{"rendered":"https:\/\/dev2.pallasdesign.ee\/kasitoopood\/maaratlemata\/pyyhe-belina-70x130cm\/"},"modified":"2025-11-23T23:04:54","modified_gmt":"2025-11-23T21:04:54","slug":"kylpypyyhe-lahjaksi","status":"publish","type":"product","link":"https:\/\/dev2.pallasdesign.ee\/fi\/kylpypyyhe-lahjaksi\/","title":{"rendered":"Pyyhe Belina 70x130cm"},"content":{"rendered":"<h2>Kylpypyyhe lahjaksi Belina<\/h2>\n<p>Valmistatud pehmest, vett h\u00e4sti imavast puuvillast. Soe ja puudutamisel meeldiv \u00fchev\u00e4rviline kangas \u00fchendab endas elegantsi ja funktsionaalsust. T\u00e4iendage Belina komplekti ja looge oma vannitoas harmooniline koht l\u00f5\u00f5gastushetkede t\u00e4histamiseks.  <\/p>\n<p><a href=\"https:\/\/dev2.pallasdesign.ee\/fi\/pyyhkeet\/\"><b>L\u00f6yd\u00e4t kaikki pyyhkeemme t\u00e4\u00e4lt\u00e4<\/b><\/a><\/p>\n<h3>Tuotetiedot<\/h3>\n<ul>\n<li>Tavaramerkki: Douceur d&#8217;int\u00e9rieur<\/li>\n<li>Mallisto: Belina<\/li>\n<li>Materiaali: 100 % puuvillaa<\/li>\n<li>Mitat: 70&#215;130 cm<\/li>\n<li>Kankaan paino: 450 g\/m\u00b2<\/li>\n<li>Pesu: 40\u00b0C<\/li>\n<li>Silitys: 150 \u00b0C<\/li>\n<li>Sertifikaatti: \u00d6ko-Tex Standard 100<\/li>\n<li>Toimitustapa: Toimitus l\u00e4himp\u00e4\u00e4n pakettiautomaattiin<\/li>\n<\/ul>\n","protected":false},"excerpt":{"rendered":"<p>Pyyhe Douceur Belina 450 g\/m\u00b2 on saatavilla monissa v\u00e4reiss\u00e4 ja sopii lahjaksi sek\u00e4 miehelle ett\u00e4 naiselle \u2013 niin is\u00e4np\u00e4iv\u00e4lahjaksi kuin \u00e4itienp\u00e4iv\u00e4lahjaksi.<\/p>\n","protected":false},"featured_media":10527,"template":"","meta":[],"product_brand":[],"product_cat":[861,853,811,812,960,854,855,862],"product_tag":[964],"class_list":{"0":"post-20290","1":"product","2":"type-product","3":"status-publish","4":"has-post-thumbnail","6":"product_cat-kylpypyyhkeet","7":"product_cat-pyyhkeet","8":"product_cat-nimikoidut-lahjat","9":"product_cat-brodeeratut-lahjat","10":"product_cat-douceur-dinterieur-fi","11":"product_cat-froteepyyhkeet","12":"product_cat-puuvillapyyhe","13":"product_cat-kylpyliinat","14":"product_tag-belina-fi","15":"no-featured-image-padding","16":"sales-flash-overlay","17":"woocommerce-text-align-center","18":"woocommerce-image-align-center","19":"do-quantity-buttons","21":"first","22":"instock","23":"taxable","24":"shipping-taxable","25":"purchasable","26":"product-type-variable"},"_links":{"self":[{"href":"https:\/\/dev2.pallasdesign.ee\/fi\/wp-json\/wp\/v2\/product\/20290","targetHints":{"allow":["GET"]}}],"collection":[{"href":"https:\/\/dev2.pallasdesign.ee\/fi\/wp-json\/wp\/v2\/product"}],"about":[{"href":"https:\/\/dev2.pallasdesign.ee\/fi\/wp-json\/wp\/v2\/types\/product"}],"wp:featuredmedia":[{"embeddable":true,"href":"https:\/\/dev2.pallasdesign.ee\/fi\/wp-json\/wp\/v2\/media\/10527"}],"wp:attachment":[{"href":"https:\/\/dev2.pallasdesign.ee\/fi\/wp-json\/wp\/v2\/media?parent=20290"}],"wp:term":[{"taxonomy":"product_brand","embeddable":true,"href":"https:\/\/dev2.pallasdesign.ee\/fi\/wp-json\/wp\/v2\/product_brand?post=20290"},{"taxonomy":"product_cat","embeddable":true,"href":"https:\/\/dev2.pallasdesign.ee\/fi\/wp-json\/wp\/v2\/product_cat?post=20290"},{"taxonomy":"product_tag","embeddable":true,"href":"https:\/\/dev2.pallasdesign.ee\/fi\/wp-json\/wp\/v2\/product_tag?post=20290"}],"curies":[{"name":"wp","href":"https:\/\/api.w.org\/{rel}","templated":true}]}}