{"id":20300,"date":"2023-11-14T08:29:15","date_gmt":"2023-11-14T06:29:15","guid":{"rendered":"https:\/\/dev2.pallasdesign.ee\/kasitoopood\/maaratlemata\/rintaneula-mehilainen\/"},"modified":"2025-11-23T22:27:58","modified_gmt":"2025-11-23T20:27:58","slug":"rintaneula-mehilainen","status":"publish","type":"product","link":"https:\/\/dev2.pallasdesign.ee\/fi\/rintaneula-mehilainen\/","title":{"rendered":"Rintaneula Mehil\u00e4inen"},"content":{"rendered":"<h2>Rintaneula Mehil\u00e4inen<\/h2>\n<p>Rintaneula Mehil\u00e4inen on valmistettu k\u00e4sity\u00f6n\u00e4 korkealaatuisista materiaaleista. T\u00e4m\u00e4 tuote on k\u00e4sin kirjottu k\u00e4ytt\u00e4en metallikierrett\u00e4, lasihelmi\u00e4, paljetteja, metallilankaa, tekoturkista ja aitoa nahkaa. Rintaneulat ovat ainutlaatuisia asusteita, joita on helppo yhdist\u00e4\u00e4 sek\u00e4 arki- ett\u00e4 juhlatyyliin.  <\/p>\n<p><a href=\"https:\/\/dev2.pallasdesign.ee\/fi\/rintaneulat\/\"><b>Pallas Designin k\u00e4sity\u00f6rintaneulojen valikoimaan voit tutustua t\u00e4\u00e4ll\u00e4:<\/b><\/a><\/p>\n<h3>Tuotetiedot<\/h3>\n<ul>\n<li>Tavaramerkki: Pallas Design<\/li>\n<li>Mitat: ca 65\u00d760 mm<\/li>\n<li>Valmistettu k\u00e4sity\u00f6n\u00e4<\/li>\n<li>Paketissa kangaspussissa<\/li>\n<li>Toimitustapa: Toimitus l\u00e4himp\u00e4\u00e4n pakettiautomaattiin<\/li>\n<\/ul>\n","protected":false},"excerpt":{"rendered":"<p>Ylellinen k\u00e4sintehty asuste-rintaneula sopii sek\u00e4 arkeen ett\u00e4 juhlaan. N\u00e4ytt\u00e4v\u00e4 design-koru on my\u00f6s ihana lahjaidea, josta saaja varmasti ilahtuu \u2013 se on samalla kaunis koru omaan p\u00e4ivitt\u00e4iseen k\u00e4ytt\u00f6\u00f6n. Rintaneulat ovat ajattomia koruja, jotka kaunistavat jokaista naista.  <\/p>\n","protected":false},"featured_media":10851,"template":"","meta":[],"product_brand":[],"product_cat":[910,806,807,808,962,915,916,921],"product_tag":[1036,1022],"class_list":{"0":"post-20300","1":"product","2":"type-product","3":"status-publish","4":"has-post-thumbnail","6":"product_cat-rintaneulat","7":"product_cat-lahjaideoita","8":"product_cat-lahjat-naiselle","9":"product_cat-lahjat","10":"product_cat-pallas-design-fi","11":"product_cat-asusteet","12":"product_cat-korut","13":"product_cat-rintakorut","14":"product_tag-hyonteinen","15":"product_tag-mehilainen","16":"no-featured-image-padding","17":"sales-flash-overlay","18":"woocommerce-text-align-center","19":"woocommerce-image-align-center","20":"do-quantity-buttons","22":"first","23":"instock","24":"taxable","25":"shipping-taxable","26":"purchasable","27":"product-type-simple"},"_links":{"self":[{"href":"https:\/\/dev2.pallasdesign.ee\/fi\/wp-json\/wp\/v2\/product\/20300","targetHints":{"allow":["GET"]}}],"collection":[{"href":"https:\/\/dev2.pallasdesign.ee\/fi\/wp-json\/wp\/v2\/product"}],"about":[{"href":"https:\/\/dev2.pallasdesign.ee\/fi\/wp-json\/wp\/v2\/types\/product"}],"wp:featuredmedia":[{"embeddable":true,"href":"https:\/\/dev2.pallasdesign.ee\/fi\/wp-json\/wp\/v2\/media\/10851"}],"wp:attachment":[{"href":"https:\/\/dev2.pallasdesign.ee\/fi\/wp-json\/wp\/v2\/media?parent=20300"}],"wp:term":[{"taxonomy":"product_brand","embeddable":true,"href":"https:\/\/dev2.pallasdesign.ee\/fi\/wp-json\/wp\/v2\/product_brand?post=20300"},{"taxonomy":"product_cat","embeddable":true,"href":"https:\/\/dev2.pallasdesign.ee\/fi\/wp-json\/wp\/v2\/product_cat?post=20300"},{"taxonomy":"product_tag","embeddable":true,"href":"https:\/\/dev2.pallasdesign.ee\/fi\/wp-json\/wp\/v2\/product_tag?post=20300"}],"curies":[{"name":"wp","href":"https:\/\/api.w.org\/{rel}","templated":true}]}}