{"id":20308,"date":"2023-11-13T20:49:20","date_gmt":"2023-11-13T18:49:20","guid":{"rendered":"https:\/\/dev2.pallasdesign.ee\/kasitoopood\/maaratlemata\/kirjottu-kuva-vesimies-tahtimerkki\/"},"modified":"2025-11-23T22:34:51","modified_gmt":"2025-11-23T20:34:51","slug":"kirjottu-kuva-vesimies-tahtimerkki","status":"publish","type":"product","link":"https:\/\/dev2.pallasdesign.ee\/fi\/kirjottu-kuva-vesimies-tahtimerkki\/","title":{"rendered":"Kirjottu kuva &#8221;Vesimies-t\u00e4htimerkki&#8221;"},"content":{"rendered":"<h2>Vesimies-t\u00e4htimerkki<\/h2>\n<p>Vesimies-t\u00e4htimerkill\u00e4 varustettu konekirjottu sisustuskoriste sopii ripustettavaksi sein\u00e4lle tai asetettavaksi tasolle. Se on sopiva lahja sek\u00e4 miehelle ett\u00e4 naiselle.<\/p>\n<p><a href=\"https:\/\/dev2.pallasdesign.ee\/fi\/horoskoopit\/\"><b>Kaikki Pallas Designin konekirjotut t\u00e4htimerkkikuvat voit katsella t\u00e4\u00e4ll\u00e4:<\/b><\/a><\/p>\n<h3>Tuotetiedot<\/h3>\n<ul>\n<li>Kangas: Musta v\u00e4ri\u00e4, koostumus 97 % puuvillaa, 3 % spandexia<\/li>\n<li>Kirjontalanka: Polyesteri- ja \/tai viskoosilanka<\/li>\n<li>Efektilanka: Metallilanka<\/li>\n<li>Mitat: 297&#215;210 mm (A4)<\/li>\n<li>Laadukas kuvakehys<\/li>\n<li>Kultainen tai hopeinen muovilista<\/li>\n<li>Ripustuslenkki sein\u00e4kiinnityst\u00e4 varten<\/li>\n<li>Tukijalka mahdollistaa sek\u00e4 vaaka- ett\u00e4 pystyasennon<\/li>\n<li>Toimitustapa: Toimitus l\u00e4himp\u00e4\u00e4n pakettiautomaattiin<\/li>\n<\/ul>\n","protected":false},"excerpt":{"rendered":"<p>Brodeerattu kuva &#8221;Vesimies-t\u00e4htimerkki&#8221; on todella kaunis ja ainutlaatuinen konekirjontalahja Vesimies-horoskoopin alla syntyneelle. Runsailla pistoilla ja toisiinsa sulautuvilla v\u00e4ris\u00e4vyill\u00e4 tehty konekirjonta on n\u00e4ytt\u00e4v\u00e4 ja ylellinen lahja jokaiseen juhlap\u00e4iv\u00e4\u00e4n. Kirjontakuvan voi valita nelj\u00e4ss\u00e4 eri v\u00e4riss\u00e4, ja halutessa siihen voidaan lis\u00e4t\u00e4 my\u00f6s nimi.   <\/p>\n","protected":false},"featured_media":12651,"template":"","meta":[],"product_brand":[],"product_cat":[912,911,811,812,813,962,913,914],"product_tag":[988],"class_list":{"0":"post-20308","1":"product","2":"type-product","3":"status-publish","4":"has-post-thumbnail","6":"product_cat-horoskoopit","7":"product_cat-horoskooppi-lahjat","8":"product_cat-nimikoidut-lahjat","9":"product_cat-brodeeratut-lahjat","10":"product_cat-brodeeratut-tuotteet","11":"product_cat-pallas-design-fi","12":"product_cat-horoskooppimerkit","13":"product_cat-aurinkomerkit","14":"product_tag-horoskooppi","15":"no-featured-image-padding","16":"sales-flash-overlay","17":"woocommerce-text-align-center","18":"woocommerce-image-align-center","19":"do-quantity-buttons","21":"first","22":"instock","23":"taxable","24":"shipping-taxable","25":"purchasable","26":"product-type-simple"},"_links":{"self":[{"href":"https:\/\/dev2.pallasdesign.ee\/fi\/wp-json\/wp\/v2\/product\/20308","targetHints":{"allow":["GET"]}}],"collection":[{"href":"https:\/\/dev2.pallasdesign.ee\/fi\/wp-json\/wp\/v2\/product"}],"about":[{"href":"https:\/\/dev2.pallasdesign.ee\/fi\/wp-json\/wp\/v2\/types\/product"}],"wp:featuredmedia":[{"embeddable":true,"href":"https:\/\/dev2.pallasdesign.ee\/fi\/wp-json\/wp\/v2\/media\/12651"}],"wp:attachment":[{"href":"https:\/\/dev2.pallasdesign.ee\/fi\/wp-json\/wp\/v2\/media?parent=20308"}],"wp:term":[{"taxonomy":"product_brand","embeddable":true,"href":"https:\/\/dev2.pallasdesign.ee\/fi\/wp-json\/wp\/v2\/product_brand?post=20308"},{"taxonomy":"product_cat","embeddable":true,"href":"https:\/\/dev2.pallasdesign.ee\/fi\/wp-json\/wp\/v2\/product_cat?post=20308"},{"taxonomy":"product_tag","embeddable":true,"href":"https:\/\/dev2.pallasdesign.ee\/fi\/wp-json\/wp\/v2\/product_tag?post=20308"}],"curies":[{"name":"wp","href":"https:\/\/api.w.org\/{rel}","templated":true}]}}